{"id":9661,"date":"2022-08-11T09:16:29","date_gmt":"2022-08-11T13:16:29","guid":{"rendered":"https:\/\/www.powerdekorna.com\/?page_id=9661"},"modified":"2022-08-18T15:08:59","modified_gmt":"2022-08-18T19:08:59","slug":"collection-endura","status":"publish","type":"page","link":"https:\/\/www.powerdekorna.com\/fr\/collection-endura\/","title":{"rendered":"Collection Endura"},"content":{"rendered":"<div class='flex_column av-rraigf-b05d527c21c8eb4330950260b876e04a av_one_full  avia-builder-el-0  el_before_av_heading  avia-builder-el-first  first flex_column_div '     ><p>\n<style type=\"text\/css\" data-created_by=\"avia_inline_auto\" id=\"style-css-av-ozrh9b-2f173aab3319ab4b91c0dc761592e7fc\">\n.avia-image-container.av-ozrh9b-2f173aab3319ab4b91c0dc761592e7fc img.avia_image{\nbox-shadow:none;\n}\n.avia-image-container.av-ozrh9b-2f173aab3319ab4b91c0dc761592e7fc .av-image-caption-overlay-center{\ncolor:#ffffff;\n}\n<\/style>\n<div  class='avia-image-container av-ozrh9b-2f173aab3319ab4b91c0dc761592e7fc av-styling- avia-align-center  avia-builder-el-1  el_before_av_hr  avia-builder-el-first '   itemprop=\"image\" itemscope=\"itemscope\" itemtype=\"https:\/\/schema.org\/ImageObject\" ><div class=\"avia-image-container-inner\"><div class=\"avia-image-overlay-wrap\"><img decoding=\"async\" class='wp-image-7016 avia-img-lazy-loading-not-7016 avia_image ' src=\"https:\/\/www.powerdekorna.com\/wp-content\/uploads\/2021\/10\/Endura-K-Series.jpg\" alt='' title='Endura K Series'  height=\"450\" width=\"1210\"  itemprop=\"thumbnailUrl\" srcset=\"https:\/\/www.powerdekorna.com\/wp-content\/uploads\/2021\/10\/Endura-K-Series.jpg 1210w, https:\/\/www.powerdekorna.com\/wp-content\/uploads\/2021\/10\/Endura-K-Series-300x112.jpg 300w, https:\/\/www.powerdekorna.com\/wp-content\/uploads\/2021\/10\/Endura-K-Series-80x30.jpg 80w, https:\/\/www.powerdekorna.com\/wp-content\/uploads\/2021\/10\/Endura-K-Series-768x286.jpg 768w, https:\/\/www.powerdekorna.com\/wp-content\/uploads\/2021\/10\/Endura-K-Series-705x262.jpg 705w\" sizes=\"(max-width: 1210px) 100vw, 1210px\" \/><\/div><\/div><\/div><br \/>\n<div  class='hr av-nzltov-2924c48ee33f652ed3647b92bd056717 hr-short  avia-builder-el-2  el_after_av_image  el_before_av_portfolio  avia-builder-el-last  hr-center'><span class='hr-inner '><span class=\"hr-inner-style\"><\/span><\/span><\/div><br \/>\n<div class='portfolio_preview_container ' data-portfolio-id='1'>\n\t\t\t\t\t\t\t\t<div class='ajax_controlls iconfont'>\n\t\t\t\t\t\t\t\t\t<a href='#prev' class='ajax_previous' \taria-hidden='true' data-av_icon='\ue878' data-av_iconfont='entypo-fontello'><\/a>\n\t\t\t\t\t\t\t\t\t<a href='#next' class='ajax_next'\t\taria-hidden='true' data-av_icon='\ue879' data-av_iconfont='entypo-fontello'><\/a>\n\t\t\t\t\t\t\t\t\t<a class='avia_close' href='#close'\t\taria-hidden='true' data-av_icon='\ue814' data-av_iconfont='entypo-fontello'><\/a>\n\t\t\t\t\t\t\t\t<\/div>\n\t\t\t\t\t\t\t\t<div class='portfolio-details-inner'><\/div>\n\t\t\t\t\t\t\t<\/div><div  id=\"av-sc-portfolio-1\"  class=' grid-sort-container isotope   no_margin-container with-title-container grid-total-even grid-col-6 grid-links-ajax' data-portfolio-id='1'><div data-ajax-id='7038' class=' grid-entry flex_column isotope-item all_sort no_margin post-entry post-entry-7038 grid-entry-overview grid-loop-1 grid-parity-odd  collection-endura_sort endura-collection-fr_sort  av_one_sixth first default_av_fullwidth '><article class='main_color inner-entry'  itemscope=\"itemscope\" itemtype=\"https:\/\/schema.org\/CreativeWork\" ><a href=\"https:\/\/www.powerdekorna.com\/fr\/portfolio-item\/ethereal-6500ek\/\" title='Ethereal | 6500EK'  data-rel='grid-1' class='grid-image avia-hover-fx'> <img decoding=\"async\" width=\"260\" height=\"185\" src=\"https:\/\/www.powerdekorna.com\/wp-content\/uploads\/2021\/09\/Endura-6500-260x185.jpg\" class=\"wp-image-6871 avia-img-lazy-loading-not-6871 attachment-portfolio_small size-portfolio_small wp-post-image\" alt=\"Endura 6500EK\" \/><\/a><div class='grid-content'><div class='avia-arrow'><\/div><header class=\"entry-content-header\"><h3 class='grid-entry-title entry-title '  itemprop=\"headline\" ><a href='https:\/\/www.powerdekorna.com\/fr\/portfolio-item\/ethereal-6500ek\/' title='Ethereal | 6500EK'>Ethereal | 6500EK<\/a><\/h3><\/header><\/div><footer class=\"entry-footer\"><\/footer><\/article><\/div><div data-ajax-id='7046' class=' grid-entry flex_column isotope-item all_sort no_margin post-entry post-entry-7046 grid-entry-overview grid-loop-2 grid-parity-even  endura-collection-fr_sort collection-endura_sort  av_one_sixth  default_av_fullwidth '><article class='main_color inner-entry'  itemscope=\"itemscope\" itemtype=\"https:\/\/schema.org\/CreativeWork\" ><a href=\"https:\/\/www.powerdekorna.com\/fr\/portfolio-item\/scenic-6501ek\/\" title='Sc\u00e9nique | 6501EK'  data-rel='grid-1' class='grid-image avia-hover-fx'> <img decoding=\"async\" width=\"260\" height=\"185\" src=\"https:\/\/www.powerdekorna.com\/wp-content\/uploads\/2021\/10\/Endura-6501-260x185.jpg\" class=\"wp-image-6901 avia-img-lazy-loading-not-6901 attachment-portfolio_small size-portfolio_small wp-post-image\" alt=\"\" \/><\/a><div class='grid-content'><div class='avia-arrow'><\/div><header class=\"entry-content-header\"><h3 class='grid-entry-title entry-title '  itemprop=\"headline\" ><a href='https:\/\/www.powerdekorna.com\/fr\/portfolio-item\/scenic-6501ek\/' title='Sc\u00e9nique | 6501EK'>Sc\u00e9nique | 6501EK<\/a><\/h3><\/header><\/div><footer class=\"entry-footer\"><\/footer><\/article><\/div><div data-ajax-id='7051' class=' grid-entry flex_column isotope-item all_sort no_margin post-entry post-entry-7051 grid-entry-overview grid-loop-3 grid-parity-odd  collection-endura_sort endura-collection-fr_sort  av_one_sixth  default_av_fullwidth '><article class='main_color inner-entry'  itemscope=\"itemscope\" itemtype=\"https:\/\/schema.org\/CreativeWork\" ><a href=\"https:\/\/www.powerdekorna.com\/fr\/portfolio-item\/felicity-6502ek\/\" title='F\u00e9licit\u00e9 | 6502EK'  data-rel='grid-1' class='grid-image avia-hover-fx'> <img decoding=\"async\" width=\"260\" height=\"185\" src=\"https:\/\/www.powerdekorna.com\/wp-content\/uploads\/2021\/10\/Endura-6502-260x185.jpg\" class=\"wp-image-6917 avia-img-lazy-loading-not-6917 attachment-portfolio_small size-portfolio_small wp-post-image\" alt=\"\" \/><\/a><div class='grid-content'><div class='avia-arrow'><\/div><header class=\"entry-content-header\"><h3 class='grid-entry-title entry-title '  itemprop=\"headline\" ><a href='https:\/\/www.powerdekorna.com\/fr\/portfolio-item\/felicity-6502ek\/' title='F\u00e9licit\u00e9 | 6502EK'>F\u00e9licit\u00e9 | 6502EK<\/a><\/h3><\/header><\/div><footer class=\"entry-footer\"><\/footer><\/article><\/div><div data-ajax-id='7056' class=' grid-entry flex_column isotope-item all_sort no_margin post-entry post-entry-7056 grid-entry-overview grid-loop-4 grid-parity-even  collection-endura_sort endura-collection-fr_sort  av_one_sixth  default_av_fullwidth '><article class='main_color inner-entry'  itemscope=\"itemscope\" itemtype=\"https:\/\/schema.org\/CreativeWork\" ><a href=\"https:\/\/www.powerdekorna.com\/fr\/portfolio-item\/secret-6503ek\/\" title='Secret | 6503EK'  data-rel='grid-1' class='grid-image avia-hover-fx'> <img decoding=\"async\" width=\"260\" height=\"185\" src=\"https:\/\/www.powerdekorna.com\/wp-content\/uploads\/2021\/10\/Endura-6503-260x185.jpg\" class=\"wp-image-6926 avia-img-lazy-loading-not-6926 attachment-portfolio_small size-portfolio_small wp-post-image\" alt=\"\" \/><\/a><div class='grid-content'><div class='avia-arrow'><\/div><header class=\"entry-content-header\"><h3 class='grid-entry-title entry-title '  itemprop=\"headline\" ><a href='https:\/\/www.powerdekorna.com\/fr\/portfolio-item\/secret-6503ek\/' title='Secret | 6503EK'>Secret | 6503EK<\/a><\/h3><\/header><\/div><footer class=\"entry-footer\"><\/footer><\/article><\/div><div data-ajax-id='7061' class=' grid-entry flex_column isotope-item all_sort no_margin post-entry post-entry-7061 grid-entry-overview grid-loop-5 grid-parity-odd  collection-endura_sort endura-collection-fr_sort  av_one_sixth  default_av_fullwidth '><article class='main_color inner-entry'  itemscope=\"itemscope\" itemtype=\"https:\/\/schema.org\/CreativeWork\" ><a href=\"https:\/\/www.powerdekorna.com\/fr\/portfolio-item\/evoke-6504ek\/\" title='\u00c9voquer | 6504EK'  data-rel='grid-1' class='grid-image avia-hover-fx'> <img decoding=\"async\" width=\"260\" height=\"185\" src=\"https:\/\/www.powerdekorna.com\/wp-content\/uploads\/2021\/10\/Endura-6504-260x185.jpg\" class=\"wp-image-6939 avia-img-lazy-loading-not-6939 attachment-portfolio_small size-portfolio_small wp-post-image\" alt=\"\" \/><\/a><div class='grid-content'><div class='avia-arrow'><\/div><header class=\"entry-content-header\"><h3 class='grid-entry-title entry-title '  itemprop=\"headline\" ><a href='https:\/\/www.powerdekorna.com\/fr\/portfolio-item\/evoke-6504ek\/' title='\u00c9voquer | 6504EK'>\u00c9voquer | 6504EK<\/a><\/h3><\/header><\/div><footer class=\"entry-footer\"><\/footer><\/article><\/div><div data-ajax-id='7066' class=' grid-entry flex_column isotope-item all_sort no_margin post-entry post-entry-7066 grid-entry-overview grid-loop-6 grid-parity-even  collection-endura_sort endura-collection-fr_sort  av_one_sixth  default_av_fullwidth '><article class='main_color inner-entry'  itemscope=\"itemscope\" itemtype=\"https:\/\/schema.org\/CreativeWork\" ><a href=\"https:\/\/www.powerdekorna.com\/fr\/portfolio-item\/balletic-6505ek\/\" title='Ball\u00e9tique | 6505EK'  data-rel='grid-1' class='grid-image avia-hover-fx'> <img decoding=\"async\" width=\"260\" height=\"185\" src=\"https:\/\/www.powerdekorna.com\/wp-content\/uploads\/2021\/10\/Endura-6505-260x185.jpg\" class=\"wp-image-6953 avia-img-lazy-loading-not-6953 attachment-portfolio_small size-portfolio_small wp-post-image\" alt=\"\" \/><\/a><div class='grid-content'><div class='avia-arrow'><\/div><header class=\"entry-content-header\"><h3 class='grid-entry-title entry-title '  itemprop=\"headline\" ><a href='https:\/\/www.powerdekorna.com\/fr\/portfolio-item\/balletic-6505ek\/' title='Ball\u00e9tique | 6505EK'>Ball\u00e9tique | 6505EK<\/a><\/h3><\/header><\/div><footer class=\"entry-footer\"><\/footer><\/article><\/div><div data-ajax-id='7071' class=' grid-entry flex_column isotope-item all_sort no_margin post-entry post-entry-7071 grid-entry-overview grid-loop-7 grid-parity-odd  collection-endura_sort endura-collection-fr_sort  av_one_sixth first default_av_fullwidth '><article class='main_color inner-entry'  itemscope=\"itemscope\" itemtype=\"https:\/\/schema.org\/CreativeWork\" ><a href=\"https:\/\/www.powerdekorna.com\/fr\/portfolio-item\/elixir-6506ek\/\" title='\u00c9lixir | 6506EK'  data-rel='grid-1' class='grid-image avia-hover-fx'> <img decoding=\"async\" width=\"260\" height=\"185\" src=\"https:\/\/www.powerdekorna.com\/wp-content\/uploads\/2021\/10\/Endura-6506-260x185.jpg\" class=\"wp-image-6962 avia-img-lazy-loading-not-6962 attachment-portfolio_small size-portfolio_small wp-post-image\" alt=\"\" \/><\/a><div class='grid-content'><div class='avia-arrow'><\/div><header class=\"entry-content-header\"><h3 class='grid-entry-title entry-title '  itemprop=\"headline\" ><a href='https:\/\/www.powerdekorna.com\/fr\/portfolio-item\/elixir-6506ek\/' title='\u00c9lixir | 6506EK'>\u00c9lixir | 6506EK<\/a><\/h3><\/header><\/div><footer class=\"entry-footer\"><\/footer><\/article><\/div><div data-ajax-id='7082' class=' grid-entry flex_column isotope-item all_sort no_margin post-entry post-entry-7082 grid-entry-overview grid-loop-8 grid-parity-even  post-entry-last  collection-endura_sort endura-collection-fr_sort  av_one_sixth  default_av_fullwidth '><article class='main_color inner-entry'  itemscope=\"itemscope\" itemtype=\"https:\/\/schema.org\/CreativeWork\" ><a href=\"https:\/\/www.powerdekorna.com\/fr\/portfolio-item\/innate-6507ek\/\" title='Inn\u00e9e | 6507EK'  data-rel='grid-1' class='grid-image avia-hover-fx'> <img decoding=\"async\" width=\"260\" height=\"185\" src=\"https:\/\/www.powerdekorna.com\/wp-content\/uploads\/2021\/10\/Endura-6507-260x185.jpg\" class=\"wp-image-6975 avia-img-lazy-loading-not-6975 attachment-portfolio_small size-portfolio_small wp-post-image\" alt=\"\" \/><\/a><div class='grid-content'><div class='avia-arrow'><\/div><header class=\"entry-content-header\"><h3 class='grid-entry-title entry-title '  itemprop=\"headline\" ><a href='https:\/\/www.powerdekorna.com\/fr\/portfolio-item\/innate-6507ek\/' title='Inn\u00e9e | 6507EK'>Inn\u00e9e | 6507EK<\/a><\/h3><\/header><\/div><footer class=\"entry-footer\"><\/footer><\/article><\/div><\/div><\/p><\/div>\n\n<style type=\"text\/css\" data-created_by=\"avia_inline_auto\" id=\"style-css-av-l2qbhb-7d8aa547a9b5de55bb268ad9f3ce3538\">\n#top .av-special-heading.av-l2qbhb-7d8aa547a9b5de55bb268ad9f3ce3538{\npadding-bottom:19px;\ncolor:#494949;\n}\nbody .av-special-heading.av-l2qbhb-7d8aa547a9b5de55bb268ad9f3ce3538 .av-special-heading-tag .heading-char{\nfont-size:25px;\n}\n.av-special-heading.av-l2qbhb-7d8aa547a9b5de55bb268ad9f3ce3538 .special-heading-inner-border{\nborder-color:#494949;\n}\n.av-special-heading.av-l2qbhb-7d8aa547a9b5de55bb268ad9f3ce3538 .av-subheading{\nfont-size:15px;\n}\n<\/style>\n<div  class='av-special-heading av-l2qbhb-7d8aa547a9b5de55bb268ad9f3ce3538 av-special-heading-h3 custom-color-heading blockquote modern-quote  avia-builder-el-4  el_after_av_one_full  el_before_av_hr '><h3 class='av-special-heading-tag'  itemprop=\"headline\"  >Vous pouvez \u00e9galement \u00eatre int\u00e9ress\u00e9 par nos collections de vinyle de luxe.<\/h3><div class=\"special-heading-border\"><div class=\"special-heading-inner-border\"><\/div><\/div><\/div>\n\n<style type=\"text\/css\" data-created_by=\"avia_inline_auto\" id=\"style-css-av-jnswe7-a228a2ff45091ccabb58b59d5cf51c77\">\n#top .hr.hr-invisible.av-jnswe7-a228a2ff45091ccabb58b59d5cf51c77{\nheight:10px;\n}\n<\/style>\n<div  class='hr av-jnswe7-a228a2ff45091ccabb58b59d5cf51c77 hr-invisible  avia-builder-el-5  el_after_av_heading  el_before_av_one_fourth '><span class='hr-inner '><span class=\"hr-inner-style\"><\/span><\/span><\/div>\n\n<style type=\"text\/css\" data-created_by=\"avia_inline_auto\" id=\"style-css-av-i4lswf-91bcce0e5c5ac4e6f9277c21b72554d9\">\n.flex_column.av-i4lswf-91bcce0e5c5ac4e6f9277c21b72554d9{\n-webkit-border-radius:0px 0px 0px 0px;\n-moz-border-radius:0px 0px 0px 0px;\nborder-radius:0px 0px 0px 0px;\npadding:0px 0px 0px 0px;\n}\n<\/style>\n<div class='flex_column av-i4lswf-91bcce0e5c5ac4e6f9277c21b72554d9 av_one_fourth  avia-builder-el-6  el_after_av_hr  el_before_av_one_fourth  first flex_column_div av-zero-column-padding '     ><style type=\"text\/css\" data-created_by=\"avia_inline_auto\" id=\"style-css-av-g69frz-6be59a99ae853962a1513059f8e845f7\">\n.avia-image-container.av-g69frz-6be59a99ae853962a1513059f8e845f7 img.avia_image{\nbox-shadow:none;\n}\n.avia-image-container.av-g69frz-6be59a99ae853962a1513059f8e845f7 .av-caption-image-overlay-bg{\nopacity:0.2;\nbackground-color:#000000;\n}\n.avia-image-container.av-g69frz-6be59a99ae853962a1513059f8e845f7 .av-image-caption-overlay-center{\ncolor:#ffffff;\nfont-size:14px;\n}\n<\/style>\n<div  class='avia-image-container av-g69frz-6be59a99ae853962a1513059f8e845f7 av-styling- av-hover-grow avia-align-center  avia-builder-el-7  avia-builder-el-no-sibling  noHover av-overlay-hover-deactivate'   itemprop=\"image\" itemscope=\"itemscope\" itemtype=\"https:\/\/schema.org\/ImageObject\" ><div class=\"avia-image-container-inner\"><div class=\"avia-image-overlay-wrap\"><a href=\"https:\/\/www.powerdekorna.com\/fr\/collection-endurakrs\/\" class='avia_image' ><div class=\"av-image-caption-overlay\"><div class=\"av-caption-image-overlay-bg\"><\/div><div class=\"av-image-caption-overlay-position\"><div class=\"av-image-caption-overlay-center\"><p>S\u00e9rie Endura<sup style=\"font-size: 5.5pt;\">MC<\/sup>-KRS<\/p>\n<\/div><\/div><\/div><img decoding=\"async\" class='wp-image-9113 avia-img-lazy-loading-not-9113 avia_image ' src=\"https:\/\/www.powerdekorna.com\/wp-content\/uploads\/2022\/06\/Endura-KRS-collectios-Fr_355x300_150px_V3.gif\" alt='' title='Endura-KRS-collectios-Fr_355x300_150px_V3'  height=\"300\" width=\"355\"  itemprop=\"thumbnailUrl\"  \/><\/a><\/div><\/div><\/div><\/div>\n<style type=\"text\/css\" data-created_by=\"avia_inline_auto\" id=\"style-css-av-b4082n-9c63303470721647add629502c01bcfa\">\n.flex_column.av-b4082n-9c63303470721647add629502c01bcfa{\n-webkit-border-radius:0px 0px 0px 0px;\n-moz-border-radius:0px 0px 0px 0px;\nborder-radius:0px 0px 0px 0px;\npadding:0px 0px 0px 0px;\n}\n<\/style>\n<div class='flex_column av-b4082n-9c63303470721647add629502c01bcfa av_one_fourth  avia-builder-el-8  el_after_av_one_fourth  el_before_av_one_fourth  flex_column_div av-zero-column-padding '     ><style type=\"text\/css\" data-created_by=\"avia_inline_auto\" id=\"style-css-av-8vqkan-f9e4248959f771d5dd83313a2302d529\">\n.avia-image-container.av-8vqkan-f9e4248959f771d5dd83313a2302d529 img.avia_image{\nbox-shadow:none;\n}\n.avia-image-container.av-8vqkan-f9e4248959f771d5dd83313a2302d529 .av-caption-image-overlay-bg{\nopacity:0.2;\nbackground-color:#000000;\n}\n.avia-image-container.av-8vqkan-f9e4248959f771d5dd83313a2302d529 .av-image-caption-overlay-center{\ncolor:#ffffff;\nfont-size:14px;\n}\n<\/style>\n<div  class='avia-image-container av-8vqkan-f9e4248959f771d5dd83313a2302d529 av-styling- av-hover-grow avia-align-center  avia-builder-el-9  avia-builder-el-no-sibling  noHover av-overlay-hover-deactivate'   itemprop=\"image\" itemscope=\"itemscope\" itemtype=\"https:\/\/schema.org\/ImageObject\" ><div class=\"avia-image-container-inner\"><div class=\"avia-image-overlay-wrap\"><a href=\"https:\/\/www.powerdekorna.com\/fr\/reaktions-collection\/\" class='avia_image' ><div class=\"av-image-caption-overlay\"><div class=\"av-caption-image-overlay-bg\"><\/div><div class=\"av-image-caption-overlay-position\"><div class=\"av-image-caption-overlay-center\"><p>Collection Reaktions<\/p>\n<\/div><\/div><\/div><img decoding=\"async\" class='wp-image-5884 avia-img-lazy-loading-not-5884 avia_image ' src=\"https:\/\/www.powerdekorna.com\/wp-content\/uploads\/2020\/03\/Reaktions-insert.jpg\" alt='' title='Reaktions-insert'  height=\"300\" width=\"355\"  itemprop=\"thumbnailUrl\" srcset=\"https:\/\/www.powerdekorna.com\/wp-content\/uploads\/2020\/03\/Reaktions-insert.jpg 355w, https:\/\/www.powerdekorna.com\/wp-content\/uploads\/2020\/03\/Reaktions-insert-80x68.jpg 80w, https:\/\/www.powerdekorna.com\/wp-content\/uploads\/2020\/03\/Reaktions-insert-300x254.jpg 300w\" sizes=\"(max-width: 355px) 100vw, 355px\" \/><\/a><\/div><\/div><\/div><\/div><\/p>\n\n<style type=\"text\/css\" data-created_by=\"avia_inline_auto\" id=\"style-css-av-3h7nz1-59762396858e3374785741d3411cf800\">\n.flex_column.av-3h7nz1-59762396858e3374785741d3411cf800{\n-webkit-border-radius:0px 0px 0px 0px;\n-moz-border-radius:0px 0px 0px 0px;\nborder-radius:0px 0px 0px 0px;\npadding:0px 0px 0px 0px;\n}\n<\/style>\n<div class='flex_column av-3h7nz1-59762396858e3374785741d3411cf800 av_one_fourth  avia-builder-el-10  el_after_av_one_fourth  el_before_av_one_fourth  flex_column_div av-zero-column-padding '     ><style type=\"text\/css\" data-created_by=\"avia_inline_auto\" id=\"style-css-av-2ya2xp-48abf7ce816a281bd14a2a63a099cc51\">\n.avia-image-container.av-2ya2xp-48abf7ce816a281bd14a2a63a099cc51 img.avia_image{\nbox-shadow:none;\n}\n.avia-image-container.av-2ya2xp-48abf7ce816a281bd14a2a63a099cc51 .av-caption-image-overlay-bg{\nopacity:0.2;\nbackground-color:#000000;\n}\n.avia-image-container.av-2ya2xp-48abf7ce816a281bd14a2a63a099cc51 .av-image-caption-overlay-center{\ncolor:#ffffff;\nfont-size:14px;\n}\n<\/style>\n<div  class='avia-image-container av-2ya2xp-48abf7ce816a281bd14a2a63a099cc51 av-styling- av-hover-grow avia-align-center  avia-builder-el-11  avia-builder-el-no-sibling  noHover av-overlay-hover-deactivate'   itemprop=\"image\" itemscope=\"itemscope\" itemtype=\"https:\/\/schema.org\/ImageObject\" ><div class=\"avia-image-container-inner\"><div class=\"avia-image-overlay-wrap\"><a href=\"https:\/\/www.powerdekorna.com\/fr\/?page_id=4470\" class='avia_image' ><div class=\"av-image-caption-overlay\"><div class=\"av-caption-image-overlay-bg\"><\/div><div class=\"av-image-caption-overlay-position\"><div class=\"av-image-caption-overlay-center\"><p>Collection Studio+ Planche<\/p>\n<\/div><\/div><\/div><img decoding=\"async\" class='wp-image-5193 avia-img-lazy-loading-not-5193 avia_image ' src=\"https:\/\/www.powerdekorna.com\/wp-content\/uploads\/2018\/07\/studio-plank-thm.jpg\" alt='' title='studio-plank-thm'  height=\"300\" width=\"355\"  itemprop=\"thumbnailUrl\" srcset=\"https:\/\/www.powerdekorna.com\/wp-content\/uploads\/2018\/07\/studio-plank-thm.jpg 355w, https:\/\/www.powerdekorna.com\/wp-content\/uploads\/2018\/07\/studio-plank-thm-80x68.jpg 80w, https:\/\/www.powerdekorna.com\/wp-content\/uploads\/2018\/07\/studio-plank-thm-300x254.jpg 300w\" sizes=\"(max-width: 355px) 100vw, 355px\" \/><\/a><\/div><\/div><\/div><\/div>\n\n<style type=\"text\/css\" data-created_by=\"avia_inline_auto\" id=\"style-css-av-782i1r-2e01b40755084c089698a05a026f010d\">\n.flex_column.av-782i1r-2e01b40755084c089698a05a026f010d{\n-webkit-border-radius:0px 0px 0px 0px;\n-moz-border-radius:0px 0px 0px 0px;\nborder-radius:0px 0px 0px 0px;\npadding:0px 0px 0px 0px;\n}\n<\/style>\n<div class='flex_column av-782i1r-2e01b40755084c089698a05a026f010d av_one_fourth  avia-builder-el-12  el_after_av_one_fourth  el_before_av_hr  flex_column_div av-zero-column-padding '     ><style type=\"text\/css\" data-created_by=\"avia_inline_auto\" id=\"style-css-av-6ldo6n-a84424e57f1bbcc5fff9a5ba27805f00\">\n.avia-image-container.av-6ldo6n-a84424e57f1bbcc5fff9a5ba27805f00 img.avia_image{\nbox-shadow:none;\n}\n.avia-image-container.av-6ldo6n-a84424e57f1bbcc5fff9a5ba27805f00 .av-caption-image-overlay-bg{\nopacity:0.2;\nbackground-color:#000000;\n}\n.avia-image-container.av-6ldo6n-a84424e57f1bbcc5fff9a5ba27805f00 .av-image-caption-overlay-center{\ncolor:#ffffff;\nfont-size:14px;\n}\n<\/style>\n<div  class='avia-image-container av-6ldo6n-a84424e57f1bbcc5fff9a5ba27805f00 av-styling- av-hover-grow avia-align-center  avia-builder-el-13  avia-builder-el-no-sibling  noHover av-overlay-hover-deactivate'   itemprop=\"image\" itemscope=\"itemscope\" itemtype=\"https:\/\/schema.org\/ImageObject\" ><div class=\"avia-image-container-inner\"><div class=\"avia-image-overlay-wrap\"><a href=\"https:\/\/www.powerdekorna.com\/fr\/?page_id=4464\" class='avia_image' ><div class=\"av-image-caption-overlay\"><div class=\"av-caption-image-overlay-bg\"><\/div><div class=\"av-image-caption-overlay-position\"><div class=\"av-image-caption-overlay-center\"><p>Collection Studio+ Tuile<\/p>\n<\/div><\/div><\/div><img decoding=\"async\" class='wp-image-5192 avia-img-lazy-loading-not-5192 avia_image ' src=\"https:\/\/www.powerdekorna.com\/wp-content\/uploads\/2018\/07\/sudio-tile-thm.jpg\" alt='' title='sudio-tile-thm'  height=\"300\" width=\"355\"  itemprop=\"thumbnailUrl\" srcset=\"https:\/\/www.powerdekorna.com\/wp-content\/uploads\/2018\/07\/sudio-tile-thm.jpg 355w, https:\/\/www.powerdekorna.com\/wp-content\/uploads\/2018\/07\/sudio-tile-thm-80x68.jpg 80w, https:\/\/www.powerdekorna.com\/wp-content\/uploads\/2018\/07\/sudio-tile-thm-300x254.jpg 300w\" sizes=\"(max-width: 355px) 100vw, 355px\" \/><\/a><\/div><\/div><\/div><\/div>\n\n<style type=\"text\/css\" data-created_by=\"avia_inline_auto\" id=\"style-css-av-4n8len-27436d5d9b19768c158c6c96d2773fe7\">\n#top .hr.hr-invisible.av-4n8len-27436d5d9b19768c158c6c96d2773fe7{\nheight:5px;\n}\n<\/style>\n<div  class='hr av-4n8len-27436d5d9b19768c158c6c96d2773fe7 hr-invisible  avia-builder-el-14  el_after_av_one_fourth  el_before_av_textblock '><span class='hr-inner '><span class=\"hr-inner-style\"><\/span><\/span><\/div>\n<section  class='av_textblock_section av-30a1db-6fff051e6a804dd10531781c01372426'  itemscope=\"itemscope\" itemtype=\"https:\/\/schema.org\/CreativeWork\" ><div class='avia_textblock'  itemprop=\"text\" ><p style=\"text-align: right;\">&lt; <span style=\"text-decoration: underline;\"><a href=\"https:\/\/www.powerdekorna.com\/fr\/#noscollections\">&lt; Retour aux collections<\/a><\/span><\/p>\n<\/div><\/section>\n","protected":false},"excerpt":{"rendered":"","protected":false},"author":1,"featured_media":0,"parent":0,"menu_order":3,"comment_status":"closed","ping_status":"closed","template":"","meta":{"footnotes":""},"class_list":["post-9661","page","type-page","status-publish","hentry"],"_links":{"self":[{"href":"https:\/\/www.powerdekorna.com\/fr\/wp-json\/wp\/v2\/pages\/9661"}],"collection":[{"href":"https:\/\/www.powerdekorna.com\/fr\/wp-json\/wp\/v2\/pages"}],"about":[{"href":"https:\/\/www.powerdekorna.com\/fr\/wp-json\/wp\/v2\/types\/page"}],"author":[{"embeddable":true,"href":"https:\/\/www.powerdekorna.com\/fr\/wp-json\/wp\/v2\/users\/1"}],"replies":[{"embeddable":true,"href":"https:\/\/www.powerdekorna.com\/fr\/wp-json\/wp\/v2\/comments?post=9661"}],"version-history":[{"count":8,"href":"https:\/\/www.powerdekorna.com\/fr\/wp-json\/wp\/v2\/pages\/9661\/revisions"}],"predecessor-version":[{"id":12387,"href":"https:\/\/www.powerdekorna.com\/fr\/wp-json\/wp\/v2\/pages\/9661\/revisions\/12387"}],"wp:attachment":[{"href":"https:\/\/www.powerdekorna.com\/fr\/wp-json\/wp\/v2\/media?parent=9661"}],"curies":[{"name":"wp","href":"https:\/\/api.w.org\/{rel}","templated":true}]}}