{"id":6231,"date":"2020-04-09T18:43:44","date_gmt":"2020-04-09T22:43:44","guid":{"rendered":"https:\/\/www.powerdekorna.com\/basik4-collection\/"},"modified":"2024-12-12T13:43:44","modified_gmt":"2024-12-12T18:43:44","slug":"basik4-collection","status":"publish","type":"page","link":"https:\/\/www.powerdekorna.com\/fr\/basik4-collection\/","title":{"rendered":"Collection Basik4"},"content":{"rendered":"<div class='flex_column av-nxdmxh-3d4aac541393966e5871a0c1d63f5073 av_one_full  avia-builder-el-0  el_before_av_heading  avia-builder-el-first  first flex_column_div '     ><p>\n<style type=\"text\/css\" data-created_by=\"avia_inline_auto\" id=\"style-css-av-k6qxojv5-c73f97174a7b955fd0bdce44e8b44ecb\">\n.avia-image-container.av-k6qxojv5-c73f97174a7b955fd0bdce44e8b44ecb img.avia_image{\nbox-shadow:none;\n}\n.avia-image-container.av-k6qxojv5-c73f97174a7b955fd0bdce44e8b44ecb .av-image-caption-overlay-center{\ncolor:#ffffff;\n}\n<\/style>\n<div  class='avia-image-container av-k6qxojv5-c73f97174a7b955fd0bdce44e8b44ecb av-styling- avia-align-center  avia-builder-el-1  el_before_av_hr  avia-builder-el-first '   itemprop=\"image\" itemscope=\"itemscope\" itemtype=\"https:\/\/schema.org\/ImageObject\" ><div class=\"avia-image-container-inner\"><div class=\"avia-image-overlay-wrap\"><img decoding=\"async\" class='wp-image-6234 avia-img-lazy-loading-not-6234 avia_image ' src=\"https:\/\/www.powerdekorna.com\/wp-content\/uploads\/2020\/04\/Collection-Basik4.jpg\" alt='' title='Collection Basik4'  height=\"450\" width=\"1210\"  itemprop=\"thumbnailUrl\" srcset=\"https:\/\/www.powerdekorna.com\/wp-content\/uploads\/2020\/04\/Collection-Basik4.jpg 1210w, https:\/\/www.powerdekorna.com\/wp-content\/uploads\/2020\/04\/Collection-Basik4-80x30.jpg 80w, https:\/\/www.powerdekorna.com\/wp-content\/uploads\/2020\/04\/Collection-Basik4-300x112.jpg 300w, https:\/\/www.powerdekorna.com\/wp-content\/uploads\/2020\/04\/Collection-Basik4-768x286.jpg 768w, https:\/\/www.powerdekorna.com\/wp-content\/uploads\/2020\/04\/Collection-Basik4-705x262.jpg 705w, https:\/\/www.powerdekorna.com\/wp-content\/uploads\/2020\/04\/Collection-Basik4-450x167.jpg 450w\" sizes=\"(max-width: 1210px) 100vw, 1210px\" \/><\/div><\/div><\/div><br \/>\n<div  class='hr av-lymhed-f307a9e5132c29299ffc367906e00b79 hr-short  avia-builder-el-2  el_after_av_image  el_before_av_portfolio  avia-builder-el-last  hr-center'><span class='hr-inner '><span class=\"hr-inner-style\"><\/span><\/span><\/div><br \/>\n<div class='portfolio_preview_container ' data-portfolio-id='1'>\n\t\t\t\t\t\t\t\t<div class='ajax_controlls iconfont'>\n\t\t\t\t\t\t\t\t\t<a href='#prev' class='ajax_previous' \taria-hidden='true' data-av_icon='\ue878' data-av_iconfont='entypo-fontello'><\/a>\n\t\t\t\t\t\t\t\t\t<a href='#next' class='ajax_next'\t\taria-hidden='true' data-av_icon='\ue879' data-av_iconfont='entypo-fontello'><\/a>\n\t\t\t\t\t\t\t\t\t<a class='avia_close' href='#close'\t\taria-hidden='true' data-av_icon='\ue814' data-av_iconfont='entypo-fontello'><\/a>\n\t\t\t\t\t\t\t\t<\/div>\n\t\t\t\t\t\t\t\t<div class='portfolio-details-inner'><\/div>\n\t\t\t\t\t\t\t<\/div><div  id=\"av-sc-portfolio-1\"  class=' grid-sort-container isotope   no_margin-container with-title-container grid-total-even grid-col-6 grid-links-ajax' data-portfolio-id='1'><div data-ajax-id='6249' class=' grid-entry flex_column isotope-item all_sort no_margin post-entry post-entry-6249 grid-entry-overview grid-loop-1 grid-parity-odd  basik4-collection-fr_sort collection-basik4_sort  av_one_sixth first default_av_fullwidth '><article class='main_color inner-entry'  itemscope=\"itemscope\" itemtype=\"https:\/\/schema.org\/CreativeWork\" ><a href=\"https:\/\/www.powerdekorna.com\/fr\/portfolio-item\/ginger-oak-8122\/\" title='Ch\u00eane Gingembre | 8122'  data-rel='grid-1' class='grid-image avia-hover-fx'> <img decoding=\"async\" width=\"260\" height=\"185\" src=\"https:\/\/www.powerdekorna.com\/wp-content\/uploads\/2020\/04\/8122-close-260x185.jpg\" class=\"wp-image-6041 avia-img-lazy-loading-not-6041 attachment-portfolio_small size-portfolio_small wp-post-image\" alt=\"\" \/><\/a><div class='grid-content'><div class='avia-arrow'><\/div><header class=\"entry-content-header\"><h3 class='grid-entry-title entry-title '  itemprop=\"headline\" ><a href='https:\/\/www.powerdekorna.com\/fr\/portfolio-item\/ginger-oak-8122\/' title='Ch\u00eane Gingembre | 8122'>Ch\u00eane Gingembre | 8122<\/a><\/h3><\/header><\/div><footer class=\"entry-footer\"><\/footer><\/article><\/div><div data-ajax-id='6245' class=' grid-entry flex_column isotope-item all_sort no_margin post-entry post-entry-6245 grid-entry-overview grid-loop-2 grid-parity-even  collection-basik4_sort basik4-collection-fr_sort  av_one_sixth  default_av_fullwidth '><article class='main_color inner-entry'  itemscope=\"itemscope\" itemtype=\"https:\/\/schema.org\/CreativeWork\" ><a href=\"https:\/\/www.powerdekorna.com\/fr\/portfolio-item\/clove-oak-8123\/\" title='Ch\u00eane Girofle | 8123'  data-rel='grid-1' class='grid-image avia-hover-fx'> <img decoding=\"async\" width=\"260\" height=\"185\" src=\"https:\/\/www.powerdekorna.com\/wp-content\/uploads\/2020\/04\/8123-close-260x185.jpg\" class=\"wp-image-6045 avia-img-lazy-loading-not-6045 attachment-portfolio_small size-portfolio_small wp-post-image\" alt=\"\" \/><\/a><div class='grid-content'><div class='avia-arrow'><\/div><header class=\"entry-content-header\"><h3 class='grid-entry-title entry-title '  itemprop=\"headline\" ><a href='https:\/\/www.powerdekorna.com\/fr\/portfolio-item\/clove-oak-8123\/' title='Ch\u00eane Girofle | 8123'>Ch\u00eane Girofle | 8123<\/a><\/h3><\/header><\/div><footer class=\"entry-footer\"><\/footer><\/article><\/div><div data-ajax-id='6239' class=' grid-entry flex_column isotope-item all_sort no_margin post-entry post-entry-6239 grid-entry-overview grid-loop-3 grid-parity-odd  collection-basik4_sort basik4-collection-fr_sort  av_one_sixth  default_av_fullwidth '><article class='main_color inner-entry'  itemscope=\"itemscope\" itemtype=\"https:\/\/schema.org\/CreativeWork\" ><a href=\"https:\/\/www.powerdekorna.com\/fr\/portfolio-item\/fennel-maple-8124\/\" title='\u00c9rable Fenouil | 8124'  data-rel='grid-1' class='grid-image avia-hover-fx'> <img decoding=\"async\" width=\"260\" height=\"185\" src=\"https:\/\/www.powerdekorna.com\/wp-content\/uploads\/2020\/04\/8124-close-260x185.jpg\" class=\"wp-image-6049 avia-img-lazy-loading-not-6049 attachment-portfolio_small size-portfolio_small wp-post-image\" alt=\"\" \/><\/a><div class='grid-content'><div class='avia-arrow'><\/div><header class=\"entry-content-header\"><h3 class='grid-entry-title entry-title '  itemprop=\"headline\" ><a href='https:\/\/www.powerdekorna.com\/fr\/portfolio-item\/fennel-maple-8124\/' title='\u00c9rable Fenouil | 8124'>\u00c9rable Fenouil | 8124<\/a><\/h3><\/header><\/div><footer class=\"entry-footer\"><\/footer><\/article><\/div><div data-ajax-id='6223' class=' grid-entry flex_column isotope-item all_sort no_margin post-entry post-entry-6223 grid-entry-overview grid-loop-4 grid-parity-even  collection-basik4_sort basik4-collection-fr_sort  av_one_sixth  default_av_fullwidth '><article class='main_color inner-entry'  itemscope=\"itemscope\" itemtype=\"https:\/\/schema.org\/CreativeWork\" ><a href=\"https:\/\/www.powerdekorna.com\/fr\/portfolio-item\/nutmeg-acacia-8125\/\" title='Acacia Muscade | 8125'  data-rel='grid-1' class='grid-image avia-hover-fx'> <img decoding=\"async\" width=\"260\" height=\"185\" src=\"https:\/\/www.powerdekorna.com\/wp-content\/uploads\/2020\/04\/8125-close-260x185.jpg\" class=\"wp-image-6055 avia-img-lazy-loading-not-6055 attachment-portfolio_small size-portfolio_small wp-post-image\" alt=\"\" \/><\/a><div class='grid-content'><div class='avia-arrow'><\/div><header class=\"entry-content-header\"><h3 class='grid-entry-title entry-title '  itemprop=\"headline\" ><a href='https:\/\/www.powerdekorna.com\/fr\/portfolio-item\/nutmeg-acacia-8125\/' title='Acacia Muscade | 8125'>Acacia Muscade | 8125<\/a><\/h3><\/header><\/div><footer class=\"entry-footer\"><\/footer><\/article><\/div><div data-ajax-id='13668' class=' grid-entry flex_column isotope-item all_sort no_margin post-entry post-entry-13668 grid-entry-overview grid-loop-5 grid-parity-odd  collection-basik4_sort basik4-collection-fr_sort  av_one_sixth  default_av_fullwidth '><article class='main_color inner-entry'  itemscope=\"itemscope\" itemtype=\"https:\/\/schema.org\/CreativeWork\" ><a href=\"https:\/\/www.powerdekorna.com\/fr\/portfolio-item\/chene-focal-8195\/\" title='Ch\u00eane Focal | 8195'  data-rel='grid-1' class='grid-image avia-hover-fx'> <img decoding=\"async\" width=\"260\" height=\"185\" src=\"https:\/\/www.powerdekorna.com\/wp-content\/uploads\/2024\/05\/8195-260x185.jpg\" class=\"wp-image-13674 avia-img-lazy-loading-not-13674 attachment-portfolio_small size-portfolio_small wp-post-image\" alt=\"\" \/><\/a><div class='grid-content'><div class='avia-arrow'><\/div><header class=\"entry-content-header\"><h3 class='grid-entry-title entry-title '  itemprop=\"headline\" ><a href='https:\/\/www.powerdekorna.com\/fr\/portfolio-item\/chene-focal-8195\/' title='Ch\u00eane Focal | 8195'>Ch\u00eane Focal | 8195<\/a><\/h3><\/header><\/div><footer class=\"entry-footer\"><\/footer><\/article><\/div><div data-ajax-id='13682' class=' grid-entry flex_column isotope-item all_sort no_margin post-entry post-entry-13682 grid-entry-overview grid-loop-6 grid-parity-even  post-entry-last  collection-basik4_sort basik4-collection-fr_sort  av_one_sixth  default_av_fullwidth '><article class='main_color inner-entry'  itemscope=\"itemscope\" itemtype=\"https:\/\/schema.org\/CreativeWork\" ><a href=\"https:\/\/www.powerdekorna.com\/fr\/portfolio-item\/chene-focal-8195-2\/\" title='Ch\u00eane Lumina | 8196'  data-rel='grid-1' class='grid-image avia-hover-fx'> <img decoding=\"async\" width=\"260\" height=\"185\" src=\"https:\/\/www.powerdekorna.com\/wp-content\/uploads\/2024\/05\/8196-260x185.jpg\" class=\"wp-image-13687 avia-img-lazy-loading-not-13687 attachment-portfolio_small size-portfolio_small wp-post-image\" alt=\"\" \/><\/a><div class='grid-content'><div class='avia-arrow'><\/div><header class=\"entry-content-header\"><h3 class='grid-entry-title entry-title '  itemprop=\"headline\" ><a href='https:\/\/www.powerdekorna.com\/fr\/portfolio-item\/chene-focal-8195-2\/' title='Ch\u00eane Lumina | 8196'>Ch\u00eane Lumina | 8196<\/a><\/h3><\/header><\/div><footer class=\"entry-footer\"><\/footer><\/article><\/div><\/div><\/p><\/div>\n\n<style type=\"text\/css\" data-created_by=\"avia_inline_auto\" id=\"style-css-av-2uw9kn-d8d9f644c0301d9c3cdd895220e18cb5\">\n#top .av-special-heading.av-2uw9kn-d8d9f644c0301d9c3cdd895220e18cb5{\npadding-bottom:19px;\ncolor:#494949;\n}\nbody .av-special-heading.av-2uw9kn-d8d9f644c0301d9c3cdd895220e18cb5 .av-special-heading-tag .heading-char{\nfont-size:25px;\n}\n.av-special-heading.av-2uw9kn-d8d9f644c0301d9c3cdd895220e18cb5 .special-heading-inner-border{\nborder-color:#494949;\n}\n.av-special-heading.av-2uw9kn-d8d9f644c0301d9c3cdd895220e18cb5 .av-subheading{\nfont-size:15px;\n}\n<\/style>\n<div  class='av-special-heading av-2uw9kn-d8d9f644c0301d9c3cdd895220e18cb5 av-special-heading-h3 custom-color-heading blockquote modern-quote  avia-builder-el-4  el_after_av_one_full  el_before_av_hr '><h3 class='av-special-heading-tag'  itemprop=\"headline\"  >Vous pouvez \u00e9galement \u00eatre int\u00e9ress\u00e9 par nos autre collections de planchers stratifi\u00e9s.<\/h3><div class=\"special-heading-border\"><div class=\"special-heading-inner-border\"><\/div><\/div><\/div>\n\n<style type=\"text\/css\" data-created_by=\"avia_inline_auto\" id=\"style-css-av-ion0g5-a447de1850d9dc4299cc8fda85450b9a\">\n#top .hr.hr-invisible.av-ion0g5-a447de1850d9dc4299cc8fda85450b9a{\nheight:10px;\n}\n<\/style>\n<div  class='hr av-ion0g5-a447de1850d9dc4299cc8fda85450b9a hr-invisible  avia-builder-el-5  el_after_av_heading  el_before_av_one_fourth '><span class='hr-inner '><span class=\"hr-inner-style\"><\/span><\/span><\/div>\n\n<style type=\"text\/css\" data-created_by=\"avia_inline_auto\" id=\"style-css-av-ercf5x-70fd71d8cee3064fd8fe4be511ff4146\">\n.flex_column.av-ercf5x-70fd71d8cee3064fd8fe4be511ff4146{\n-webkit-border-radius:0px 0px 0px 0px;\n-moz-border-radius:0px 0px 0px 0px;\nborder-radius:0px 0px 0px 0px;\npadding:0px 0px 0px 0px;\n}\n<\/style>\n<div class='flex_column av-ercf5x-70fd71d8cee3064fd8fe4be511ff4146 av_one_fourth  avia-builder-el-6  el_after_av_hr  el_before_av_one_fourth  first flex_column_div av-zero-column-padding '     ><style type=\"text\/css\" data-created_by=\"avia_inline_auto\" id=\"style-css-av-c3w7gl-45526d2c016b10b46f36e64efe6c1014\">\n.avia-image-container.av-c3w7gl-45526d2c016b10b46f36e64efe6c1014 img.avia_image{\nbox-shadow:none;\n}\n.avia-image-container.av-c3w7gl-45526d2c016b10b46f36e64efe6c1014 .av-caption-image-overlay-bg{\nopacity:0.2;\nbackground-color:#000000;\n}\n.avia-image-container.av-c3w7gl-45526d2c016b10b46f36e64efe6c1014 .av-image-caption-overlay-center{\ncolor:#ffffff;\nfont-size:14px;\n}\n<\/style>\n<div  class='avia-image-container av-c3w7gl-45526d2c016b10b46f36e64efe6c1014 av-styling- av-hover-grow avia-align-center  avia-builder-el-7  avia-builder-el-no-sibling  noHover av-overlay-hover-deactivate'   itemprop=\"image\" itemscope=\"itemscope\" itemtype=\"https:\/\/schema.org\/ImageObject\" ><div class=\"avia-image-container-inner\"><div class=\"avia-image-overlay-wrap\"><a href=\"https:\/\/www.powerdekorna.com\/fr\/serie-endura-ds\/\" class='avia_image' ><div class=\"av-image-caption-overlay\"><div class=\"av-caption-image-overlay-bg\"><\/div><div class=\"av-image-caption-overlay-position\"><div class=\"av-image-caption-overlay-center\"><p>S\u00e9rie Endura-DS<\/p>\n<\/div><\/div><\/div><img decoding=\"async\" class='wp-image-14258 avia-img-lazy-loading-not-14258 avia_image ' src=\"https:\/\/www.powerdekorna.com\/wp-content\/uploads\/2024\/08\/DS-Collectios-355x300-Fr-300x254.jpg\" alt='' title='DS Collectios 355x300 Fr'  height=\"254\" width=\"300\"  itemprop=\"thumbnailUrl\" srcset=\"https:\/\/www.powerdekorna.com\/wp-content\/uploads\/2024\/08\/DS-Collectios-355x300-Fr-300x254.jpg 300w, https:\/\/www.powerdekorna.com\/wp-content\/uploads\/2024\/08\/DS-Collectios-355x300-Fr-80x68.jpg 80w, https:\/\/www.powerdekorna.com\/wp-content\/uploads\/2024\/08\/DS-Collectios-355x300-Fr-768x649.jpg 768w, https:\/\/www.powerdekorna.com\/wp-content\/uploads\/2024\/08\/DS-Collectios-355x300-Fr-705x596.jpg 705w, https:\/\/www.powerdekorna.com\/wp-content\/uploads\/2024\/08\/DS-Collectios-355x300-Fr.jpg 1479w\" sizes=\"(max-width: 300px) 100vw, 300px\" \/><\/a><\/div><\/div><\/div><\/div>\n\n<style type=\"text\/css\" data-created_by=\"avia_inline_auto\" id=\"style-css-av-4399uv-73a882c67a1d37981d3f4ac78444b224\">\n.flex_column.av-4399uv-73a882c67a1d37981d3f4ac78444b224{\n-webkit-border-radius:0px 0px 0px 0px;\n-moz-border-radius:0px 0px 0px 0px;\nborder-radius:0px 0px 0px 0px;\npadding:0px 0px 0px 0px;\n}\n<\/style>\n<div class='flex_column av-4399uv-73a882c67a1d37981d3f4ac78444b224 av_one_fourth  avia-builder-el-8  el_after_av_one_fourth  el_before_av_one_fourth  flex_column_div av-zero-column-padding '     ><style type=\"text\/css\" data-created_by=\"avia_inline_auto\" id=\"style-css-av-1yxadz-f23dafccf35e6cd996edb45d94cffa64\">\n.avia-image-container.av-1yxadz-f23dafccf35e6cd996edb45d94cffa64 img.avia_image{\nbox-shadow:none;\n}\n.avia-image-container.av-1yxadz-f23dafccf35e6cd996edb45d94cffa64 .av-caption-image-overlay-bg{\nopacity:0.2;\nbackground-color:#000000;\n}\n.avia-image-container.av-1yxadz-f23dafccf35e6cd996edb45d94cffa64 .av-image-caption-overlay-center{\ncolor:#ffffff;\nfont-size:14px;\n}\n<\/style>\n<div  class='avia-image-container av-1yxadz-f23dafccf35e6cd996edb45d94cffa64 av-styling- av-hover-grow avia-align-center  avia-builder-el-9  avia-builder-el-no-sibling  noHover av-overlay-hover-deactivate'   itemprop=\"image\" itemscope=\"itemscope\" itemtype=\"https:\/\/schema.org\/ImageObject\" ><div class=\"avia-image-container-inner\"><div class=\"avia-image-overlay-wrap\"><a href=\"https:\/\/www.powerdekorna.com\/fr\/basik-collection\/\" class='avia_image' ><div class=\"av-image-caption-overlay\"><div class=\"av-caption-image-overlay-bg\"><\/div><div class=\"av-image-caption-overlay-position\"><div class=\"av-image-caption-overlay-center\"><p>Collection Basik3<\/p>\n<\/div><\/div><\/div><img decoding=\"async\" class='wp-image-5716 avia-img-lazy-loading-not-5716 avia_image ' src=\"https:\/\/www.powerdekorna.com\/wp-content\/uploads\/2020\/02\/basik_insert-300x254.jpg\" alt='Basik Collection' title='basik_insert'  height=\"254\" width=\"300\"  itemprop=\"thumbnailUrl\" srcset=\"https:\/\/www.powerdekorna.com\/wp-content\/uploads\/2020\/02\/basik_insert-300x254.jpg 300w, https:\/\/www.powerdekorna.com\/wp-content\/uploads\/2020\/02\/basik_insert-80x68.jpg 80w, https:\/\/www.powerdekorna.com\/wp-content\/uploads\/2020\/02\/basik_insert.jpg 355w\" sizes=\"(max-width: 300px) 100vw, 300px\" \/><\/a><\/div><\/div><\/div><\/div>\n<style type=\"text\/css\" data-created_by=\"avia_inline_auto\" id=\"style-css-av-a99sv9-9c60c59919282e9ab2093029d8d41a7a\">\n.flex_column.av-a99sv9-9c60c59919282e9ab2093029d8d41a7a{\n-webkit-border-radius:0px 0px 0px 0px;\n-moz-border-radius:0px 0px 0px 0px;\nborder-radius:0px 0px 0px 0px;\npadding:0px 0px 0px 0px;\n}\n<\/style>\n<div class='flex_column av-a99sv9-9c60c59919282e9ab2093029d8d41a7a av_one_fourth  avia-builder-el-10  el_after_av_one_fourth  el_before_av_hr  flex_column_div av-zero-column-padding '     ><style type=\"text\/css\" data-created_by=\"avia_inline_auto\" id=\"style-css-av-98pklx-59706ff4d5dfd403850a0289f3893b84\">\n.avia-image-container.av-98pklx-59706ff4d5dfd403850a0289f3893b84 img.avia_image{\nbox-shadow:none;\n}\n.avia-image-container.av-98pklx-59706ff4d5dfd403850a0289f3893b84 .av-caption-image-overlay-bg{\nopacity:0.2;\nbackground-color:#000000;\n}\n.avia-image-container.av-98pklx-59706ff4d5dfd403850a0289f3893b84 .av-image-caption-overlay-center{\ncolor:#ffffff;\nfont-size:14px;\n}\n<\/style>\n<div  class='avia-image-container av-98pklx-59706ff4d5dfd403850a0289f3893b84 av-styling- av-hover-grow avia-align-center  avia-builder-el-11  avia-builder-el-no-sibling  noHover av-overlay-hover-deactivate'   itemprop=\"image\" itemscope=\"itemscope\" itemtype=\"https:\/\/schema.org\/ImageObject\" ><div class=\"avia-image-container-inner\"><div class=\"avia-image-overlay-wrap\"><a href=\"https:\/\/www.powerdekorna.com\/fr\/collection-organik\/\" class='avia_image' ><div class=\"av-image-caption-overlay\"><div class=\"av-caption-image-overlay-bg\"><\/div><div class=\"av-image-caption-overlay-position\"><div class=\"av-image-caption-overlay-center\"><p>Collection Organik<\/p>\n<\/div><\/div><\/div><img decoding=\"async\" class='wp-image-5031 avia-img-lazy-loading-not-5031 avia_image ' src=\"https:\/\/www.powerdekorna.com\/wp-content\/uploads\/2018\/09\/organik_pg-300x254.jpg\" alt='' title='organik_pg'  height=\"254\" width=\"300\"  itemprop=\"thumbnailUrl\" srcset=\"https:\/\/www.powerdekorna.com\/wp-content\/uploads\/2018\/09\/organik_pg-300x254.jpg 300w, https:\/\/www.powerdekorna.com\/wp-content\/uploads\/2018\/09\/organik_pg-80x68.jpg 80w, https:\/\/www.powerdekorna.com\/wp-content\/uploads\/2018\/09\/organik_pg.jpg 355w\" sizes=\"(max-width: 300px) 100vw, 300px\" \/><\/a><\/div><\/div><\/div><\/div>\n<style type=\"text\/css\" data-created_by=\"avia_inline_auto\" id=\"style-css-av-4vazp1-2e1c07df5dd8275ab60332935d79d5a6\">\n#top .hr.hr-invisible.av-4vazp1-2e1c07df5dd8275ab60332935d79d5a6{\nheight:5px;\n}\n<\/style>\n<div  class='hr av-4vazp1-2e1c07df5dd8275ab60332935d79d5a6 hr-invisible  avia-builder-el-12  el_after_av_one_fourth  el_before_av_textblock '><span class='hr-inner '><span class=\"hr-inner-style\"><\/span><\/span><\/div><\/p>\n<section  class='av_textblock_section av-22635x-140ff304a003e4b631bffb95e324a873'  itemscope=\"itemscope\" itemtype=\"https:\/\/schema.org\/CreativeWork\" ><div class='avia_textblock'  itemprop=\"text\" ><p style=\"text-align: right;\">&lt; <span style=\"text-decoration: underline;\"><a href=\"https:\/\/www.powerdekorna.com\/#collections\">Retour aux collections<\/a><\/span><\/p>\n<\/div><\/section>\n","protected":false},"excerpt":{"rendered":"","protected":false},"author":1,"featured_media":0,"parent":0,"menu_order":8,"comment_status":"closed","ping_status":"closed","template":"","meta":{"footnotes":""},"class_list":["post-6231","page","type-page","status-publish","hentry"],"_links":{"self":[{"href":"https:\/\/www.powerdekorna.com\/fr\/wp-json\/wp\/v2\/pages\/6231"}],"collection":[{"href":"https:\/\/www.powerdekorna.com\/fr\/wp-json\/wp\/v2\/pages"}],"about":[{"href":"https:\/\/www.powerdekorna.com\/fr\/wp-json\/wp\/v2\/types\/page"}],"author":[{"embeddable":true,"href":"https:\/\/www.powerdekorna.com\/fr\/wp-json\/wp\/v2\/users\/1"}],"replies":[{"embeddable":true,"href":"https:\/\/www.powerdekorna.com\/fr\/wp-json\/wp\/v2\/comments?post=6231"}],"version-history":[{"count":7,"href":"https:\/\/www.powerdekorna.com\/fr\/wp-json\/wp\/v2\/pages\/6231\/revisions"}],"predecessor-version":[{"id":15199,"href":"https:\/\/www.powerdekorna.com\/fr\/wp-json\/wp\/v2\/pages\/6231\/revisions\/15199"}],"wp:attachment":[{"href":"https:\/\/www.powerdekorna.com\/fr\/wp-json\/wp\/v2\/media?parent=6231"}],"curies":[{"name":"wp","href":"https:\/\/api.w.org\/{rel}","templated":true}]}}