{"id":5675,"date":"2020-02-17T15:52:32","date_gmt":"2020-02-17T20:52:32","guid":{"rendered":"https:\/\/www.powerdekorna.com\/basik-collection\/"},"modified":"2024-12-12T13:41:33","modified_gmt":"2024-12-12T18:41:33","slug":"basik-collection","status":"publish","type":"page","link":"https:\/\/www.powerdekorna.com\/fr\/basik-collection\/","title":{"rendered":"Collection Basik3"},"content":{"rendered":"<div class='flex_column av-nxdmxh-3d4aac541393966e5871a0c1d63f5073 av_one_full  avia-builder-el-0  el_before_av_heading  avia-builder-el-first  first flex_column_div '     ><p>\n<style type=\"text\/css\" data-created_by=\"avia_inline_auto\" id=\"style-css-av-k6qxojv5-7586caef332f6e0ba4b0344d650956b1\">\n.avia-image-container.av-k6qxojv5-7586caef332f6e0ba4b0344d650956b1 img.avia_image{\nbox-shadow:none;\n}\n.avia-image-container.av-k6qxojv5-7586caef332f6e0ba4b0344d650956b1 .av-image-caption-overlay-center{\ncolor:#ffffff;\n}\n<\/style>\n<div  class='avia-image-container av-k6qxojv5-7586caef332f6e0ba4b0344d650956b1 av-styling- avia-align-center  avia-builder-el-1  el_before_av_hr  avia-builder-el-first '   itemprop=\"image\" itemscope=\"itemscope\" itemtype=\"https:\/\/schema.org\/ImageObject\" ><div class=\"avia-image-container-inner\"><div class=\"avia-image-overlay-wrap\"><img decoding=\"async\" class='wp-image-6279 avia-img-lazy-loading-not-6279 avia_image ' src=\"https:\/\/www.powerdekorna.com\/wp-content\/uploads\/2020\/04\/Collection-Basik3.jpg\" alt='' title='Collection Basik3'  height=\"450\" width=\"1210\"  itemprop=\"thumbnailUrl\" srcset=\"https:\/\/www.powerdekorna.com\/wp-content\/uploads\/2020\/04\/Collection-Basik3.jpg 1210w, https:\/\/www.powerdekorna.com\/wp-content\/uploads\/2020\/04\/Collection-Basik3-80x30.jpg 80w, https:\/\/www.powerdekorna.com\/wp-content\/uploads\/2020\/04\/Collection-Basik3-300x112.jpg 300w, https:\/\/www.powerdekorna.com\/wp-content\/uploads\/2020\/04\/Collection-Basik3-768x286.jpg 768w, https:\/\/www.powerdekorna.com\/wp-content\/uploads\/2020\/04\/Collection-Basik3-705x262.jpg 705w, https:\/\/www.powerdekorna.com\/wp-content\/uploads\/2020\/04\/Collection-Basik3-450x167.jpg 450w\" sizes=\"(max-width: 1210px) 100vw, 1210px\" \/><\/div><\/div><\/div><br \/>\n<div  class='hr av-lymhed-f307a9e5132c29299ffc367906e00b79 hr-short  avia-builder-el-2  el_after_av_image  el_before_av_portfolio  avia-builder-el-last  hr-center'><span class='hr-inner '><span class=\"hr-inner-style\"><\/span><\/span><\/div><br \/>\n<div class='portfolio_preview_container ' data-portfolio-id='1'>\n\t\t\t\t\t\t\t\t<div class='ajax_controlls iconfont'>\n\t\t\t\t\t\t\t\t\t<a href='#prev' class='ajax_previous' \taria-hidden='true' data-av_icon='\ue878' data-av_iconfont='entypo-fontello'><\/a>\n\t\t\t\t\t\t\t\t\t<a href='#next' class='ajax_next'\t\taria-hidden='true' data-av_icon='\ue879' data-av_iconfont='entypo-fontello'><\/a>\n\t\t\t\t\t\t\t\t\t<a class='avia_close' href='#close'\t\taria-hidden='true' data-av_icon='\ue814' data-av_iconfont='entypo-fontello'><\/a>\n\t\t\t\t\t\t\t\t<\/div>\n\t\t\t\t\t\t\t\t<div class='portfolio-details-inner'><\/div>\n\t\t\t\t\t\t\t<\/div><div  id=\"av-sc-portfolio-1\"  class=' grid-sort-container isotope   no_margin-container with-title-container grid-total-even grid-col-6 grid-links-ajax' data-portfolio-id='1'><div data-ajax-id='5685' class=' grid-entry flex_column isotope-item all_sort no_margin post-entry post-entry-5685 grid-entry-overview grid-loop-1 grid-parity-odd  collection-basik_sort basik-collection-fr_sort  av_one_sixth first default_av_fullwidth '><article class='main_color inner-entry'  itemscope=\"itemscope\" itemtype=\"https:\/\/schema.org\/CreativeWork\" ><a href=\"https:\/\/www.powerdekorna.com\/fr\/portfolio-item\/sundial-oak-8112\/\" title='Ch\u00eane Solaire | 8112'  data-rel='grid-1' class='grid-image avia-hover-fx'> <img decoding=\"async\" width=\"260\" height=\"185\" src=\"https:\/\/www.powerdekorna.com\/wp-content\/uploads\/2020\/02\/Top_8112BL-260x185.jpg\" class=\"wp-image-5607 avia-img-lazy-loading-not-5607 attachment-portfolio_small size-portfolio_small wp-post-image\" alt=\"\" \/><\/a><div class='grid-content'><div class='avia-arrow'><\/div><header class=\"entry-content-header\"><h3 class='grid-entry-title entry-title '  itemprop=\"headline\" ><a href='https:\/\/www.powerdekorna.com\/fr\/portfolio-item\/sundial-oak-8112\/' title='Ch\u00eane Solaire | 8112'>Ch\u00eane Solaire | 8112<\/a><\/h3><\/header><\/div><footer class=\"entry-footer\"><\/footer><\/article><\/div><div data-ajax-id='5697' class=' grid-entry flex_column isotope-item all_sort no_margin post-entry post-entry-5697 grid-entry-overview grid-loop-2 grid-parity-even  collection-basik_sort basik-collection-fr_sort  av_one_sixth  default_av_fullwidth '><article class='main_color inner-entry'  itemscope=\"itemscope\" itemtype=\"https:\/\/schema.org\/CreativeWork\" ><a href=\"https:\/\/www.powerdekorna.com\/fr\/portfolio-item\/southbeach-oak-8114\/\" title='Ch\u00eane Southbeach | 8114'  data-rel='grid-1' class='grid-image avia-hover-fx'> <img decoding=\"async\" width=\"260\" height=\"185\" src=\"https:\/\/www.powerdekorna.com\/wp-content\/uploads\/2020\/02\/Top_8114BL-260x185.jpg\" class=\"wp-image-5646 avia-img-lazy-loading-not-5646 attachment-portfolio_small size-portfolio_small wp-post-image\" alt=\"\" \/><\/a><div class='grid-content'><div class='avia-arrow'><\/div><header class=\"entry-content-header\"><h3 class='grid-entry-title entry-title '  itemprop=\"headline\" ><a href='https:\/\/www.powerdekorna.com\/fr\/portfolio-item\/southbeach-oak-8114\/' title='Ch\u00eane Southbeach | 8114'>Ch\u00eane Southbeach | 8114<\/a><\/h3><\/header><\/div><footer class=\"entry-footer\"><\/footer><\/article><\/div><div data-ajax-id='5701' class=' grid-entry flex_column isotope-item all_sort no_margin post-entry post-entry-5701 grid-entry-overview grid-loop-3 grid-parity-odd  collection-basik_sort basik-collection-fr_sort  av_one_sixth  default_av_fullwidth '><article class='main_color inner-entry'  itemscope=\"itemscope\" itemtype=\"https:\/\/schema.org\/CreativeWork\" ><a href=\"https:\/\/www.powerdekorna.com\/fr\/portfolio-item\/stonewall-oak-8116\/\" title='Ch\u00eane Stonewall | 8116'  data-rel='grid-1' class='grid-image avia-hover-fx'> <img decoding=\"async\" width=\"260\" height=\"185\" src=\"https:\/\/www.powerdekorna.com\/wp-content\/uploads\/2020\/02\/Top_8116BL-260x185.jpg\" class=\"wp-image-5651 avia-img-lazy-loading-not-5651 attachment-portfolio_small size-portfolio_small wp-post-image\" alt=\"\" srcset=\"https:\/\/www.powerdekorna.com\/wp-content\/uploads\/2020\/02\/Top_8116BL-260x185.jpg 260w, https:\/\/www.powerdekorna.com\/wp-content\/uploads\/2020\/02\/Top_8116BL-531x375.jpg 531w\" sizes=\"(max-width: 260px) 100vw, 260px\" \/><\/a><div class='grid-content'><div class='avia-arrow'><\/div><header class=\"entry-content-header\"><h3 class='grid-entry-title entry-title '  itemprop=\"headline\" ><a href='https:\/\/www.powerdekorna.com\/fr\/portfolio-item\/stonewall-oak-8116\/' title='Ch\u00eane Stonewall | 8116'>Ch\u00eane Stonewall | 8116<\/a><\/h3><\/header><\/div><footer class=\"entry-footer\"><\/footer><\/article><\/div><div data-ajax-id='5711' class=' grid-entry flex_column isotope-item all_sort no_margin post-entry post-entry-5711 grid-entry-overview grid-loop-4 grid-parity-even  collection-basik_sort basik-collection-fr_sort  av_one_sixth  default_av_fullwidth '><article class='main_color inner-entry'  itemscope=\"itemscope\" itemtype=\"https:\/\/schema.org\/CreativeWork\" ><a href=\"https:\/\/www.powerdekorna.com\/fr\/portfolio-item\/township-maple-8118\/\" title='\u00c9rable Canton | 8118'  data-rel='grid-1' class='grid-image avia-hover-fx'> <img decoding=\"async\" width=\"260\" height=\"185\" src=\"https:\/\/www.powerdekorna.com\/wp-content\/uploads\/2020\/02\/Top_8118BL-260x185.jpg\" class=\"wp-image-5671 avia-img-lazy-loading-not-5671 attachment-portfolio_small size-portfolio_small wp-post-image\" alt=\"\" srcset=\"https:\/\/www.powerdekorna.com\/wp-content\/uploads\/2020\/02\/Top_8118BL-260x185.jpg 260w, https:\/\/www.powerdekorna.com\/wp-content\/uploads\/2020\/02\/Top_8118BL-527x375.jpg 527w\" sizes=\"(max-width: 260px) 100vw, 260px\" \/><\/a><div class='grid-content'><div class='avia-arrow'><\/div><header class=\"entry-content-header\"><h3 class='grid-entry-title entry-title '  itemprop=\"headline\" ><a href='https:\/\/www.powerdekorna.com\/fr\/portfolio-item\/township-maple-8118\/' title='\u00c9rable Canton | 8118'>\u00c9rable Canton | 8118<\/a><\/h3><\/header><\/div><footer class=\"entry-footer\"><\/footer><\/article><\/div><div data-ajax-id='13567' class=' grid-entry flex_column isotope-item all_sort no_margin post-entry post-entry-13567 grid-entry-overview grid-loop-5 grid-parity-odd  basik-collection-fr_sort collection-basik_sort  av_one_sixth  default_av_fullwidth '><article class='main_color inner-entry'  itemscope=\"itemscope\" itemtype=\"https:\/\/schema.org\/CreativeWork\" ><a href=\"https:\/\/www.powerdekorna.com\/fr\/portfolio-item\/hickory-natif-8191\/\" title='Hickory Natif | 8191'  data-rel='grid-1' class='grid-image avia-hover-fx'> <img decoding=\"async\" width=\"260\" height=\"185\" src=\"https:\/\/www.powerdekorna.com\/wp-content\/uploads\/2024\/05\/8191-260x185.jpg\" class=\"wp-image-13572 avia-img-lazy-loading-not-13572 attachment-portfolio_small size-portfolio_small wp-post-image\" alt=\"\" \/><\/a><div class='grid-content'><div class='avia-arrow'><\/div><header class=\"entry-content-header\"><h3 class='grid-entry-title entry-title '  itemprop=\"headline\" ><a href='https:\/\/www.powerdekorna.com\/fr\/portfolio-item\/hickory-natif-8191\/' title='Hickory Natif | 8191'>Hickory Natif | 8191<\/a><\/h3><\/header><\/div><footer class=\"entry-footer\"><\/footer><\/article><\/div><div data-ajax-id='13577' class=' grid-entry flex_column isotope-item all_sort no_margin post-entry post-entry-13577 grid-entry-overview grid-loop-6 grid-parity-even  collection-basik_sort basik-collection-fr_sort  av_one_sixth  default_av_fullwidth '><article class='main_color inner-entry'  itemscope=\"itemscope\" itemtype=\"https:\/\/schema.org\/CreativeWork\" ><a href=\"https:\/\/www.powerdekorna.com\/fr\/portfolio-item\/hickory-eternel-8192\/\" title='Hickory \u00c9ternel | 8192'  data-rel='grid-1' class='grid-image avia-hover-fx'> <img decoding=\"async\" width=\"260\" height=\"185\" src=\"https:\/\/www.powerdekorna.com\/wp-content\/uploads\/2024\/05\/8192-260x185.jpg\" class=\"wp-image-13583 avia-img-lazy-loading-not-13583 attachment-portfolio_small size-portfolio_small wp-post-image\" alt=\"\" \/><\/a><div class='grid-content'><div class='avia-arrow'><\/div><header class=\"entry-content-header\"><h3 class='grid-entry-title entry-title '  itemprop=\"headline\" ><a href='https:\/\/www.powerdekorna.com\/fr\/portfolio-item\/hickory-eternel-8192\/' title='Hickory \u00c9ternel | 8192'>Hickory \u00c9ternel | 8192<\/a><\/h3><\/header><\/div><footer class=\"entry-footer\"><\/footer><\/article><\/div><div data-ajax-id='13587' class=' grid-entry flex_column isotope-item all_sort no_margin post-entry post-entry-13587 grid-entry-overview grid-loop-7 grid-parity-odd  collection-basik_sort basik-collection-fr_sort  av_one_sixth first default_av_fullwidth '><article class='main_color inner-entry'  itemscope=\"itemscope\" itemtype=\"https:\/\/schema.org\/CreativeWork\" ><a href=\"https:\/\/www.powerdekorna.com\/fr\/portfolio-item\/chene-cosmo-8193\/\" title='Ch\u00eane Cosmo | 8193'  data-rel='grid-1' class='grid-image avia-hover-fx'> <img decoding=\"async\" width=\"260\" height=\"185\" src=\"https:\/\/www.powerdekorna.com\/wp-content\/uploads\/2024\/05\/8193--260x185.jpg\" class=\"wp-image-13592 avia-img-lazy-loading-not-13592 attachment-portfolio_small size-portfolio_small wp-post-image\" alt=\"\" \/><\/a><div class='grid-content'><div class='avia-arrow'><\/div><header class=\"entry-content-header\"><h3 class='grid-entry-title entry-title '  itemprop=\"headline\" ><a href='https:\/\/www.powerdekorna.com\/fr\/portfolio-item\/chene-cosmo-8193\/' title='Ch\u00eane Cosmo | 8193'>Ch\u00eane Cosmo | 8193<\/a><\/h3><\/header><\/div><footer class=\"entry-footer\"><\/footer><\/article><\/div><div data-ajax-id='13597' class=' grid-entry flex_column isotope-item all_sort no_margin post-entry post-entry-13597 grid-entry-overview grid-loop-8 grid-parity-even  post-entry-last  collection-basik_sort basik-collection-fr_sort  av_one_sixth  default_av_fullwidth '><article class='main_color inner-entry'  itemscope=\"itemscope\" itemtype=\"https:\/\/schema.org\/CreativeWork\" ><a href=\"https:\/\/www.powerdekorna.com\/fr\/portfolio-item\/chene-pristine-8194\/\" title='Ch\u00eane Pristine | 8194'  data-rel='grid-1' class='grid-image avia-hover-fx'> <img decoding=\"async\" width=\"260\" height=\"185\" src=\"https:\/\/www.powerdekorna.com\/wp-content\/uploads\/2024\/05\/8194-260x185.jpg\" class=\"wp-image-13602 avia-img-lazy-loading-not-13602 attachment-portfolio_small size-portfolio_small wp-post-image\" alt=\"\" \/><\/a><div class='grid-content'><div class='avia-arrow'><\/div><header class=\"entry-content-header\"><h3 class='grid-entry-title entry-title '  itemprop=\"headline\" ><a href='https:\/\/www.powerdekorna.com\/fr\/portfolio-item\/chene-pristine-8194\/' title='Ch\u00eane Pristine | 8194'>Ch\u00eane Pristine | 8194<\/a><\/h3><\/header><\/div><footer class=\"entry-footer\"><\/footer><\/article><\/div><\/div><\/p><\/div>\n\n<style type=\"text\/css\" data-created_by=\"avia_inline_auto\" id=\"style-css-av-2w51sr-6bdfcff1a45cbe69966721c127b2cb6f\">\n#top .av-special-heading.av-2w51sr-6bdfcff1a45cbe69966721c127b2cb6f{\npadding-bottom:19px;\ncolor:#494949;\n}\nbody .av-special-heading.av-2w51sr-6bdfcff1a45cbe69966721c127b2cb6f .av-special-heading-tag .heading-char{\nfont-size:25px;\n}\n.av-special-heading.av-2w51sr-6bdfcff1a45cbe69966721c127b2cb6f .special-heading-inner-border{\nborder-color:#494949;\n}\n.av-special-heading.av-2w51sr-6bdfcff1a45cbe69966721c127b2cb6f .av-subheading{\nfont-size:15px;\n}\n<\/style>\n<div  class='av-special-heading av-2w51sr-6bdfcff1a45cbe69966721c127b2cb6f av-special-heading-h3 custom-color-heading blockquote modern-quote  avia-builder-el-4  el_after_av_one_full  el_before_av_hr '><h3 class='av-special-heading-tag'  itemprop=\"headline\"  >Vous pouvez \u00e9galement \u00eatre int\u00e9ress\u00e9 par nos autre collections de planchers stratifi\u00e9s<\/h3><div class=\"special-heading-border\"><div class=\"special-heading-inner-border\"><\/div><\/div><\/div>\n\n<style type=\"text\/css\" data-created_by=\"avia_inline_auto\" id=\"style-css-av-ion0g5-a447de1850d9dc4299cc8fda85450b9a\">\n#top .hr.hr-invisible.av-ion0g5-a447de1850d9dc4299cc8fda85450b9a{\nheight:10px;\n}\n<\/style>\n<div  class='hr av-ion0g5-a447de1850d9dc4299cc8fda85450b9a hr-invisible  avia-builder-el-5  el_after_av_heading  el_before_av_one_fourth '><span class='hr-inner '><span class=\"hr-inner-style\"><\/span><\/span><\/div>\n\n<style type=\"text\/css\" data-created_by=\"avia_inline_auto\" id=\"style-css-av-ercf5x-70fd71d8cee3064fd8fe4be511ff4146\">\n.flex_column.av-ercf5x-70fd71d8cee3064fd8fe4be511ff4146{\n-webkit-border-radius:0px 0px 0px 0px;\n-moz-border-radius:0px 0px 0px 0px;\nborder-radius:0px 0px 0px 0px;\npadding:0px 0px 0px 0px;\n}\n<\/style>\n<div class='flex_column av-ercf5x-70fd71d8cee3064fd8fe4be511ff4146 av_one_fourth  avia-builder-el-6  el_after_av_hr  el_before_av_one_fourth  first flex_column_div av-zero-column-padding '     ><style type=\"text\/css\" data-created_by=\"avia_inline_auto\" id=\"style-css-av-c3w7gl-45526d2c016b10b46f36e64efe6c1014\">\n.avia-image-container.av-c3w7gl-45526d2c016b10b46f36e64efe6c1014 img.avia_image{\nbox-shadow:none;\n}\n.avia-image-container.av-c3w7gl-45526d2c016b10b46f36e64efe6c1014 .av-caption-image-overlay-bg{\nopacity:0.2;\nbackground-color:#000000;\n}\n.avia-image-container.av-c3w7gl-45526d2c016b10b46f36e64efe6c1014 .av-image-caption-overlay-center{\ncolor:#ffffff;\nfont-size:14px;\n}\n<\/style>\n<div  class='avia-image-container av-c3w7gl-45526d2c016b10b46f36e64efe6c1014 av-styling- av-hover-grow avia-align-center  avia-builder-el-7  avia-builder-el-no-sibling  noHover av-overlay-hover-deactivate'   itemprop=\"image\" itemscope=\"itemscope\" itemtype=\"https:\/\/schema.org\/ImageObject\" ><div class=\"avia-image-container-inner\"><div class=\"avia-image-overlay-wrap\"><a href=\"https:\/\/www.powerdekorna.com\/fr\/serie-endura-ds\/\" class='avia_image' ><div class=\"av-image-caption-overlay\"><div class=\"av-caption-image-overlay-bg\"><\/div><div class=\"av-image-caption-overlay-position\"><div class=\"av-image-caption-overlay-center\"><p>S\u00e9rie Endura-DS<\/p>\n<\/div><\/div><\/div><img decoding=\"async\" class='wp-image-14258 avia-img-lazy-loading-not-14258 avia_image ' src=\"https:\/\/www.powerdekorna.com\/wp-content\/uploads\/2024\/08\/DS-Collectios-355x300-Fr-300x254.jpg\" alt='' title='DS Collectios 355x300 Fr'  height=\"254\" width=\"300\"  itemprop=\"thumbnailUrl\" srcset=\"https:\/\/www.powerdekorna.com\/wp-content\/uploads\/2024\/08\/DS-Collectios-355x300-Fr-300x254.jpg 300w, https:\/\/www.powerdekorna.com\/wp-content\/uploads\/2024\/08\/DS-Collectios-355x300-Fr-80x68.jpg 80w, https:\/\/www.powerdekorna.com\/wp-content\/uploads\/2024\/08\/DS-Collectios-355x300-Fr-768x649.jpg 768w, https:\/\/www.powerdekorna.com\/wp-content\/uploads\/2024\/08\/DS-Collectios-355x300-Fr-705x596.jpg 705w, https:\/\/www.powerdekorna.com\/wp-content\/uploads\/2024\/08\/DS-Collectios-355x300-Fr.jpg 1479w\" sizes=\"(max-width: 300px) 100vw, 300px\" \/><\/a><\/div><\/div><\/div><\/div>\n\n<style type=\"text\/css\" data-created_by=\"avia_inline_auto\" id=\"style-css-av-4fhpwr-81c17d2a58d09f413696afbdf0879216\">\n.flex_column.av-4fhpwr-81c17d2a58d09f413696afbdf0879216{\n-webkit-border-radius:0px 0px 0px 0px;\n-moz-border-radius:0px 0px 0px 0px;\nborder-radius:0px 0px 0px 0px;\npadding:0px 0px 0px 0px;\n}\n<\/style>\n<div class='flex_column av-4fhpwr-81c17d2a58d09f413696afbdf0879216 av_one_fourth  avia-builder-el-8  el_after_av_one_fourth  el_before_av_one_fourth  flex_column_div av-zero-column-padding '     ><style type=\"text\/css\" data-created_by=\"avia_inline_auto\" id=\"style-css-av-207kmj-1368bb05b2ba81720aef99602c0f5ebc\">\n.avia-image-container.av-207kmj-1368bb05b2ba81720aef99602c0f5ebc img.avia_image{\nbox-shadow:none;\n}\n.avia-image-container.av-207kmj-1368bb05b2ba81720aef99602c0f5ebc .av-caption-image-overlay-bg{\nopacity:0.2;\nbackground-color:#000000;\n}\n.avia-image-container.av-207kmj-1368bb05b2ba81720aef99602c0f5ebc .av-image-caption-overlay-center{\ncolor:#ffffff;\nfont-size:14px;\n}\n<\/style>\n<div  class='avia-image-container av-207kmj-1368bb05b2ba81720aef99602c0f5ebc av-styling- av-hover-grow avia-align-center  avia-builder-el-9  avia-builder-el-no-sibling  noHover av-overlay-hover-deactivate'   itemprop=\"image\" itemscope=\"itemscope\" itemtype=\"https:\/\/schema.org\/ImageObject\" ><div class=\"avia-image-container-inner\"><div class=\"avia-image-overlay-wrap\"><a href=\"https:\/\/www.powerdekorna.com\/fr\/basik4-collection\/\" class='avia_image' ><div class=\"av-image-caption-overlay\"><div class=\"av-caption-image-overlay-bg\"><\/div><div class=\"av-image-caption-overlay-position\"><div class=\"av-image-caption-overlay-center\"><p>Collection Basik4<\/p>\n<\/div><\/div><\/div><img decoding=\"async\" class='wp-image-6085 avia-img-lazy-loading-not-6085 avia_image ' src=\"https:\/\/www.powerdekorna.com\/wp-content\/uploads\/2020\/04\/Basik4-Insert-300x254.jpg\" alt='' title='Basik4 Insert'  height=\"254\" width=\"300\"  itemprop=\"thumbnailUrl\" srcset=\"https:\/\/www.powerdekorna.com\/wp-content\/uploads\/2020\/04\/Basik4-Insert-300x254.jpg 300w, https:\/\/www.powerdekorna.com\/wp-content\/uploads\/2020\/04\/Basik4-Insert-80x68.jpg 80w, https:\/\/www.powerdekorna.com\/wp-content\/uploads\/2020\/04\/Basik4-Insert.jpg 355w\" sizes=\"(max-width: 300px) 100vw, 300px\" \/><\/a><\/div><\/div><\/div><\/div>\n<style type=\"text\/css\" data-created_by=\"avia_inline_auto\" id=\"style-css-av-a99sv9-9c60c59919282e9ab2093029d8d41a7a\">\n.flex_column.av-a99sv9-9c60c59919282e9ab2093029d8d41a7a{\n-webkit-border-radius:0px 0px 0px 0px;\n-moz-border-radius:0px 0px 0px 0px;\nborder-radius:0px 0px 0px 0px;\npadding:0px 0px 0px 0px;\n}\n<\/style>\n<div class='flex_column av-a99sv9-9c60c59919282e9ab2093029d8d41a7a av_one_fourth  avia-builder-el-10  el_after_av_one_fourth  el_before_av_hr  flex_column_div av-zero-column-padding '     ><style type=\"text\/css\" data-created_by=\"avia_inline_auto\" id=\"style-css-av-98pklx-59706ff4d5dfd403850a0289f3893b84\">\n.avia-image-container.av-98pklx-59706ff4d5dfd403850a0289f3893b84 img.avia_image{\nbox-shadow:none;\n}\n.avia-image-container.av-98pklx-59706ff4d5dfd403850a0289f3893b84 .av-caption-image-overlay-bg{\nopacity:0.2;\nbackground-color:#000000;\n}\n.avia-image-container.av-98pklx-59706ff4d5dfd403850a0289f3893b84 .av-image-caption-overlay-center{\ncolor:#ffffff;\nfont-size:14px;\n}\n<\/style>\n<div  class='avia-image-container av-98pklx-59706ff4d5dfd403850a0289f3893b84 av-styling- av-hover-grow avia-align-center  avia-builder-el-11  avia-builder-el-no-sibling  noHover av-overlay-hover-deactivate'   itemprop=\"image\" itemscope=\"itemscope\" itemtype=\"https:\/\/schema.org\/ImageObject\" ><div class=\"avia-image-container-inner\"><div class=\"avia-image-overlay-wrap\"><a href=\"https:\/\/www.powerdekorna.com\/fr\/collection-organik\/\" class='avia_image' ><div class=\"av-image-caption-overlay\"><div class=\"av-caption-image-overlay-bg\"><\/div><div class=\"av-image-caption-overlay-position\"><div class=\"av-image-caption-overlay-center\"><p>Collection Organik<\/p>\n<\/div><\/div><\/div><img decoding=\"async\" class='wp-image-5031 avia-img-lazy-loading-not-5031 avia_image ' src=\"https:\/\/www.powerdekorna.com\/wp-content\/uploads\/2018\/09\/organik_pg-300x254.jpg\" alt='' title='organik_pg'  height=\"254\" width=\"300\"  itemprop=\"thumbnailUrl\" srcset=\"https:\/\/www.powerdekorna.com\/wp-content\/uploads\/2018\/09\/organik_pg-300x254.jpg 300w, https:\/\/www.powerdekorna.com\/wp-content\/uploads\/2018\/09\/organik_pg-80x68.jpg 80w, https:\/\/www.powerdekorna.com\/wp-content\/uploads\/2018\/09\/organik_pg.jpg 355w\" sizes=\"(max-width: 300px) 100vw, 300px\" \/><\/a><\/div><\/div><\/div><\/div>\n<style type=\"text\/css\" data-created_by=\"avia_inline_auto\" id=\"style-css-av-4vazp1-2e1c07df5dd8275ab60332935d79d5a6\">\n#top .hr.hr-invisible.av-4vazp1-2e1c07df5dd8275ab60332935d79d5a6{\nheight:5px;\n}\n<\/style>\n<div  class='hr av-4vazp1-2e1c07df5dd8275ab60332935d79d5a6 hr-invisible  avia-builder-el-12  el_after_av_one_fourth  el_before_av_textblock '><span class='hr-inner '><span class=\"hr-inner-style\"><\/span><\/span><\/div><\/p>\n<section  class='av_textblock_section av-22635x-140ff304a003e4b631bffb95e324a873'  itemscope=\"itemscope\" itemtype=\"https:\/\/schema.org\/CreativeWork\" ><div class='avia_textblock'  itemprop=\"text\" ><p style=\"text-align: right;\">&lt; <span style=\"text-decoration: underline;\"><a href=\"https:\/\/www.powerdekorna.com\/#collections\"> Retour aux collections<\/a><\/span><\/p>\n<\/div><\/section>\n","protected":false},"excerpt":{"rendered":"","protected":false},"author":1,"featured_media":0,"parent":0,"menu_order":10,"comment_status":"closed","ping_status":"closed","template":"","meta":{"footnotes":""},"class_list":["post-5675","page","type-page","status-publish","hentry"],"_links":{"self":[{"href":"https:\/\/www.powerdekorna.com\/fr\/wp-json\/wp\/v2\/pages\/5675"}],"collection":[{"href":"https:\/\/www.powerdekorna.com\/fr\/wp-json\/wp\/v2\/pages"}],"about":[{"href":"https:\/\/www.powerdekorna.com\/fr\/wp-json\/wp\/v2\/types\/page"}],"author":[{"embeddable":true,"href":"https:\/\/www.powerdekorna.com\/fr\/wp-json\/wp\/v2\/users\/1"}],"replies":[{"embeddable":true,"href":"https:\/\/www.powerdekorna.com\/fr\/wp-json\/wp\/v2\/comments?post=5675"}],"version-history":[{"count":11,"href":"https:\/\/www.powerdekorna.com\/fr\/wp-json\/wp\/v2\/pages\/5675\/revisions"}],"predecessor-version":[{"id":15192,"href":"https:\/\/www.powerdekorna.com\/fr\/wp-json\/wp\/v2\/pages\/5675\/revisions\/15192"}],"wp:attachment":[{"href":"https:\/\/www.powerdekorna.com\/fr\/wp-json\/wp\/v2\/media?parent=5675"}],"curies":[{"name":"wp","href":"https:\/\/api.w.org\/{rel}","templated":true}]}}