{"id":4459,"date":"2018-11-30T05:20:25","date_gmt":"2018-11-30T00:20:25","guid":{"rendered":"https:\/\/www.powerdekorna.com\/?page_id=4459"},"modified":"2024-08-08T21:17:29","modified_gmt":"2024-08-09T01:17:29","slug":"collection-organik","status":"publish","type":"page","link":"https:\/\/www.powerdekorna.com\/fr\/collection-organik\/","title":{"rendered":"Collection Organik"},"content":{"rendered":"<div class='flex_column av-q73za4-41b1e891e01b0efc43d6b76a3b07b3e0 av_one_full  avia-builder-el-0  el_before_av_heading  avia-builder-el-first  first flex_column_div '     ><p>\n<style type=\"text\/css\" data-created_by=\"avia_inline_auto\" id=\"style-css-av-jiui1zmf-36a2670d0c304c20837d6cfd43fa6b68\">\n.avia-image-container.av-jiui1zmf-36a2670d0c304c20837d6cfd43fa6b68 img.avia_image{\nbox-shadow:none;\n}\n.avia-image-container.av-jiui1zmf-36a2670d0c304c20837d6cfd43fa6b68 .av-image-caption-overlay-center{\ncolor:#ffffff;\n}\n<\/style>\n<div  class='avia-image-container av-jiui1zmf-36a2670d0c304c20837d6cfd43fa6b68 av-styling- avia-align-center  avia-builder-el-1  el_before_av_hr  avia-builder-el-first '   itemprop=\"image\" itemscope=\"itemscope\" itemtype=\"https:\/\/schema.org\/ImageObject\" ><div class=\"avia-image-container-inner\"><div class=\"avia-image-overlay-wrap\"><img decoding=\"async\" class='wp-image-4461 avia-img-lazy-loading-not-4461 avia_image ' src=\"https:\/\/www.powerdekorna.com\/wp-content\/uploads\/2018\/11\/Collection-Organik.jpg\" alt='' title='Collection Organik'  height=\"450\" width=\"1210\"  itemprop=\"thumbnailUrl\" srcset=\"https:\/\/www.powerdekorna.com\/wp-content\/uploads\/2018\/11\/Collection-Organik.jpg 1210w, https:\/\/www.powerdekorna.com\/wp-content\/uploads\/2018\/11\/Collection-Organik-80x30.jpg 80w, https:\/\/www.powerdekorna.com\/wp-content\/uploads\/2018\/11\/Collection-Organik-300x112.jpg 300w, https:\/\/www.powerdekorna.com\/wp-content\/uploads\/2018\/11\/Collection-Organik-768x286.jpg 768w, https:\/\/www.powerdekorna.com\/wp-content\/uploads\/2018\/11\/Collection-Organik-705x262.jpg 705w, https:\/\/www.powerdekorna.com\/wp-content\/uploads\/2018\/11\/Collection-Organik-450x167.jpg 450w\" sizes=\"(max-width: 1210px) 100vw, 1210px\" \/><\/div><\/div><\/div><br \/>\n<div  class='hr av-o0yu4s-8bab7840187026b98bc2feff6fe5d724 hr-short  avia-builder-el-2  el_after_av_image  el_before_av_portfolio  avia-builder-el-last  hr-center'><span class='hr-inner '><span class=\"hr-inner-style\"><\/span><\/span><\/div><br \/>\n<div class='portfolio_preview_container ' data-portfolio-id='1'>\n\t\t\t\t\t\t\t\t<div class='ajax_controlls iconfont'>\n\t\t\t\t\t\t\t\t\t<a href='#prev' class='ajax_previous' \taria-hidden='true' data-av_icon='\ue878' data-av_iconfont='entypo-fontello'><\/a>\n\t\t\t\t\t\t\t\t\t<a href='#next' class='ajax_next'\t\taria-hidden='true' data-av_icon='\ue879' data-av_iconfont='entypo-fontello'><\/a>\n\t\t\t\t\t\t\t\t\t<a class='avia_close' href='#close'\t\taria-hidden='true' data-av_icon='\ue814' data-av_iconfont='entypo-fontello'><\/a>\n\t\t\t\t\t\t\t\t<\/div>\n\t\t\t\t\t\t\t\t<div class='portfolio-details-inner'><\/div>\n\t\t\t\t\t\t\t<\/div><div  id=\"av-sc-portfolio-1\"  class=' grid-sort-container isotope   no_margin-container with-title-container grid-total-even grid-col-6 grid-links-ajax' data-portfolio-id='1'><div data-ajax-id='4605' class=' grid-entry flex_column isotope-item all_sort no_margin post-entry post-entry-4605 grid-entry-overview grid-loop-1 grid-parity-odd  collection-organik-planche_sort  av_one_sixth first default_av_fullwidth '><article class='main_color inner-entry'  itemscope=\"itemscope\" itemtype=\"https:\/\/schema.org\/CreativeWork\" ><a href=\"https:\/\/www.powerdekorna.com\/fr\/portfolio-item\/adobe-acacia-8064\/\" title='Acacia Adobe | 8064'  data-rel='grid-1' class='grid-image avia-hover-fx'> <img decoding=\"async\" width=\"260\" height=\"185\" src=\"https:\/\/www.powerdekorna.com\/wp-content\/uploads\/2018\/06\/8064-260x185.jpg\" class=\"wp-image-3591 avia-img-lazy-loading-not-3591 attachment-portfolio_small size-portfolio_small wp-post-image\" alt=\"\" \/><\/a><div class='grid-content'><div class='avia-arrow'><\/div><header class=\"entry-content-header\"><h3 class='grid-entry-title entry-title '  itemprop=\"headline\" ><a href='https:\/\/www.powerdekorna.com\/fr\/portfolio-item\/adobe-acacia-8064\/' title='Acacia Adobe | 8064'>Acacia Adobe | 8064<\/a><\/h3><\/header><\/div><footer class=\"entry-footer\"><\/footer><\/article><\/div><div data-ajax-id='4617' class=' grid-entry flex_column isotope-item all_sort no_margin post-entry post-entry-4617 grid-entry-overview grid-loop-2 grid-parity-even  collection-organik-planche_sort  av_one_sixth  default_av_fullwidth '><article class='main_color inner-entry'  itemscope=\"itemscope\" itemtype=\"https:\/\/schema.org\/CreativeWork\" ><a href=\"https:\/\/www.powerdekorna.com\/fr\/portfolio-item\/medley-pine-8070\/\" title='Pin Medley | 8070'  data-rel='grid-1' class='grid-image avia-hover-fx'> <img decoding=\"async\" width=\"260\" height=\"185\" src=\"https:\/\/www.powerdekorna.com\/wp-content\/uploads\/2018\/06\/8070-260x185.jpg\" class=\"wp-image-3597 avia-img-lazy-loading-not-3597 attachment-portfolio_small size-portfolio_small wp-post-image\" alt=\"\" \/><\/a><div class='grid-content'><div class='avia-arrow'><\/div><header class=\"entry-content-header\"><h3 class='grid-entry-title entry-title '  itemprop=\"headline\" ><a href='https:\/\/www.powerdekorna.com\/fr\/portfolio-item\/medley-pine-8070\/' title='Pin Medley | 8070'>Pin Medley | 8070<\/a><\/h3><\/header><\/div><footer class=\"entry-footer\"><\/footer><\/article><\/div><div data-ajax-id='4622' class=' grid-entry flex_column isotope-item all_sort no_margin post-entry post-entry-4622 grid-entry-overview grid-loop-3 grid-parity-odd  collection-organik-planche_sort  av_one_sixth  default_av_fullwidth '><article class='main_color inner-entry'  itemscope=\"itemscope\" itemtype=\"https:\/\/schema.org\/CreativeWork\" ><a href=\"https:\/\/www.powerdekorna.com\/fr\/portfolio-item\/shadow-birch-8072\/\" title='Merisier Ombr\u00e9 | 8072'  data-rel='grid-1' class='grid-image avia-hover-fx'> <img decoding=\"async\" width=\"260\" height=\"185\" src=\"https:\/\/www.powerdekorna.com\/wp-content\/uploads\/2018\/06\/8072-260x185.jpg\" class=\"wp-image-3600 avia-img-lazy-loading-not-3600 attachment-portfolio_small size-portfolio_small wp-post-image\" alt=\"\" \/><\/a><div class='grid-content'><div class='avia-arrow'><\/div><header class=\"entry-content-header\"><h3 class='grid-entry-title entry-title '  itemprop=\"headline\" ><a href='https:\/\/www.powerdekorna.com\/fr\/portfolio-item\/shadow-birch-8072\/' title='Merisier Ombr\u00e9 | 8072'>Merisier Ombr\u00e9 | 8072<\/a><\/h3><\/header><\/div><footer class=\"entry-footer\"><\/footer><\/article><\/div><div data-ajax-id='4627' class=' grid-entry flex_column isotope-item all_sort no_margin post-entry post-entry-4627 grid-entry-overview grid-loop-4 grid-parity-even  post-entry-last  collection-organik-planche_sort  av_one_sixth  default_av_fullwidth '><article class='main_color inner-entry'  itemscope=\"itemscope\" itemtype=\"https:\/\/schema.org\/CreativeWork\" ><a href=\"https:\/\/www.powerdekorna.com\/fr\/portfolio-item\/winter-birch-8074\/\" title='Merisier d&rsquo;hiver | 8074'  data-rel='grid-1' class='grid-image avia-hover-fx'> <img decoding=\"async\" width=\"260\" height=\"185\" src=\"https:\/\/www.powerdekorna.com\/wp-content\/uploads\/2018\/07\/8074CR1_-260x185.jpg\" class=\"wp-image-3754 avia-img-lazy-loading-not-3754 attachment-portfolio_small size-portfolio_small wp-post-image\" alt=\"\" \/><\/a><div class='grid-content'><div class='avia-arrow'><\/div><header class=\"entry-content-header\"><h3 class='grid-entry-title entry-title '  itemprop=\"headline\" ><a href='https:\/\/www.powerdekorna.com\/fr\/portfolio-item\/winter-birch-8074\/' title='Merisier d&rsquo;hiver | 8074'>Merisier d&rsquo;hiver | 8074<\/a><\/h3><\/header><\/div><footer class=\"entry-footer\"><\/footer><\/article><\/div><\/div><\/p><\/div>\n\n<style type=\"text\/css\" data-created_by=\"avia_inline_auto\" id=\"style-css-av-2kapmz-d3092cdb963f780d0e156b8bc8fdcd31\">\n#top .av-special-heading.av-2kapmz-d3092cdb963f780d0e156b8bc8fdcd31{\npadding-bottom:19px;\ncolor:#494949;\n}\nbody .av-special-heading.av-2kapmz-d3092cdb963f780d0e156b8bc8fdcd31 .av-special-heading-tag .heading-char{\nfont-size:25px;\n}\n.av-special-heading.av-2kapmz-d3092cdb963f780d0e156b8bc8fdcd31 .special-heading-inner-border{\nborder-color:#494949;\n}\n.av-special-heading.av-2kapmz-d3092cdb963f780d0e156b8bc8fdcd31 .av-subheading{\nfont-size:15px;\n}\n<\/style>\n<div  class='av-special-heading av-2kapmz-d3092cdb963f780d0e156b8bc8fdcd31 av-special-heading-h3 custom-color-heading blockquote modern-quote  avia-builder-el-4  el_after_av_one_full  el_before_av_hr '><h3 class='av-special-heading-tag'  itemprop=\"headline\"  >Vous pouvez \u00e9galement \u00eatre int\u00e9ress\u00e9 par nos autre collections de planchers stratifi\u00e9s<\/h3><div class=\"special-heading-border\"><div class=\"special-heading-inner-border\"><\/div><\/div><\/div>\n\n<style type=\"text\/css\" data-created_by=\"avia_inline_auto\" id=\"style-css-av-ite7zw-cca1cdc4f27e801f75aab66022d98795\">\n#top .hr.hr-invisible.av-ite7zw-cca1cdc4f27e801f75aab66022d98795{\nheight:10px;\n}\n<\/style>\n<div  class='hr av-ite7zw-cca1cdc4f27e801f75aab66022d98795 hr-invisible  avia-builder-el-5  el_after_av_heading  el_before_av_one_fourth '><span class='hr-inner '><span class=\"hr-inner-style\"><\/span><\/span><\/div>\n\n<style type=\"text\/css\" data-created_by=\"avia_inline_auto\" id=\"style-css-av-duvlz0-637c2e66f16cbec302e4a739f53a0334\">\n.flex_column.av-duvlz0-637c2e66f16cbec302e4a739f53a0334{\n-webkit-border-radius:0px 0px 0px 0px;\n-moz-border-radius:0px 0px 0px 0px;\nborder-radius:0px 0px 0px 0px;\npadding:0px 0px 0px 0px;\n}\n<\/style>\n<div class='flex_column av-duvlz0-637c2e66f16cbec302e4a739f53a0334 av_one_fourth  avia-builder-el-6  el_after_av_hr  el_before_av_one_fourth  first flex_column_div av-zero-column-padding '     ><style type=\"text\/css\" data-created_by=\"avia_inline_auto\" id=\"style-css-av-16n53w-cb9fea078467de9cd88d4fc488050560\">\n.avia-image-container.av-16n53w-cb9fea078467de9cd88d4fc488050560 img.avia_image{\nbox-shadow:none;\n}\n.avia-image-container.av-16n53w-cb9fea078467de9cd88d4fc488050560 .av-caption-image-overlay-bg{\nopacity:0.2;\nbackground-color:#000000;\n}\n.avia-image-container.av-16n53w-cb9fea078467de9cd88d4fc488050560 .av-image-caption-overlay-center{\ncolor:#ffffff;\nfont-size:17px;\n}\n<\/style>\n<div  class='avia-image-container av-16n53w-cb9fea078467de9cd88d4fc488050560 av-styling- av-hover-grow avia-align-center  avia-builder-el-7  avia-builder-el-no-sibling  noHover av-overlay-hover-deactivate'   itemprop=\"image\" itemscope=\"itemscope\" itemtype=\"https:\/\/schema.org\/ImageObject\" ><div class=\"avia-image-container-inner\"><div class=\"avia-image-overlay-wrap\"><a href=\"https:\/\/www.powerdekorna.com\/fr\/serie-endura-ds\/\" class='avia_image' ><div class=\"av-image-caption-overlay\"><div class=\"av-caption-image-overlay-bg\"><\/div><div class=\"av-image-caption-overlay-position\"><div class=\"av-image-caption-overlay-center\"><p>S\u00e9rie Endura-DS<\/p>\n<\/div><\/div><\/div><img decoding=\"async\" class='wp-image-14258 avia-img-lazy-loading-not-14258 avia_image ' src=\"https:\/\/www.powerdekorna.com\/wp-content\/uploads\/2024\/08\/DS-Collectios-355x300-Fr-300x254.jpg\" alt='' title='DS Collectios 355x300 Fr'  height=\"254\" width=\"300\"  itemprop=\"thumbnailUrl\" srcset=\"https:\/\/www.powerdekorna.com\/wp-content\/uploads\/2024\/08\/DS-Collectios-355x300-Fr-300x254.jpg 300w, https:\/\/www.powerdekorna.com\/wp-content\/uploads\/2024\/08\/DS-Collectios-355x300-Fr-80x68.jpg 80w, https:\/\/www.powerdekorna.com\/wp-content\/uploads\/2024\/08\/DS-Collectios-355x300-Fr-768x649.jpg 768w, https:\/\/www.powerdekorna.com\/wp-content\/uploads\/2024\/08\/DS-Collectios-355x300-Fr-705x596.jpg 705w, https:\/\/www.powerdekorna.com\/wp-content\/uploads\/2024\/08\/DS-Collectios-355x300-Fr.jpg 1479w\" sizes=\"(max-width: 300px) 100vw, 300px\" \/><\/a><\/div><\/div><\/div><\/div>\n<style type=\"text\/css\" data-created_by=\"avia_inline_auto\" id=\"style-css-av-av_one_fourth-862f0c8b97abc46405e90743a1c7ee0e\">\n.flex_column.av-av_one_fourth-862f0c8b97abc46405e90743a1c7ee0e{\n-webkit-border-radius:0px 0px 0px 0px;\n-moz-border-radius:0px 0px 0px 0px;\nborder-radius:0px 0px 0px 0px;\npadding:0px 0px 0px 0px;\n}\n<\/style>\n<div class='flex_column av-av_one_fourth-862f0c8b97abc46405e90743a1c7ee0e av_one_fourth  avia-builder-el-8  el_after_av_one_fourth  el_before_av_one_fourth  flex_column_div av-zero-column-padding '     ><style type=\"text\/css\" data-created_by=\"avia_inline_auto\" id=\"style-css-av-av_image-d4ee02fffc9dfd62617f342aacb7fedb\">\n.avia-image-container.av-av_image-d4ee02fffc9dfd62617f342aacb7fedb img.avia_image{\nbox-shadow:none;\n}\n.avia-image-container.av-av_image-d4ee02fffc9dfd62617f342aacb7fedb .av-caption-image-overlay-bg{\nopacity:0.2;\nbackground-color:#000000;\n}\n.avia-image-container.av-av_image-d4ee02fffc9dfd62617f342aacb7fedb .av-image-caption-overlay-center{\ncolor:#ffffff;\nfont-size:17px;\n}\n<\/style>\n<div  class='avia-image-container av-av_image-d4ee02fffc9dfd62617f342aacb7fedb av-styling- av-hover-grow avia-align-center  avia-builder-el-9  avia-builder-el-no-sibling  noHover av-overlay-hover-deactivate'   itemprop=\"image\" itemscope=\"itemscope\" itemtype=\"https:\/\/schema.org\/ImageObject\" ><div class=\"avia-image-container-inner\"><div class=\"avia-image-overlay-wrap\"><a href=\"https:\/\/www.powerdekorna.com\/fr\/basik4-collection\/\" class='avia_image' ><div class=\"av-image-caption-overlay\"><div class=\"av-caption-image-overlay-bg\"><\/div><div class=\"av-image-caption-overlay-position\"><div class=\"av-image-caption-overlay-center\"><p>Collection Basik4<\/p>\n<\/div><\/div><\/div><img decoding=\"async\" class='wp-image-6085 avia-img-lazy-loading-not-6085 avia_image ' src=\"https:\/\/www.powerdekorna.com\/wp-content\/uploads\/2020\/04\/Basik4-Insert.jpg\" alt='' title='Basik4 Insert'  height=\"300\" width=\"355\"  itemprop=\"thumbnailUrl\" srcset=\"https:\/\/www.powerdekorna.com\/wp-content\/uploads\/2020\/04\/Basik4-Insert.jpg 355w, https:\/\/www.powerdekorna.com\/wp-content\/uploads\/2020\/04\/Basik4-Insert-80x68.jpg 80w, https:\/\/www.powerdekorna.com\/wp-content\/uploads\/2020\/04\/Basik4-Insert-300x254.jpg 300w\" sizes=\"(max-width: 355px) 100vw, 355px\" \/><\/a><\/div><\/div><\/div><\/div><\/p>\n\n<style type=\"text\/css\" data-created_by=\"avia_inline_auto\" id=\"style-css-av-duvlz0-2-1aad791cfff266f438215474260ff665\">\n.flex_column.av-duvlz0-2-1aad791cfff266f438215474260ff665{\n-webkit-border-radius:0px 0px 0px 0px;\n-moz-border-radius:0px 0px 0px 0px;\nborder-radius:0px 0px 0px 0px;\npadding:0px 0px 0px 0px;\n}\n<\/style>\n<div class='flex_column av-duvlz0-2-1aad791cfff266f438215474260ff665 av_one_fourth  avia-builder-el-10  el_after_av_one_fourth  el_before_av_hr  flex_column_div av-zero-column-padding '     ><style type=\"text\/css\" data-created_by=\"avia_inline_auto\" id=\"style-css-av-16n53w-1-aefd49bfc9a2a6fa8f31f675a17ee4c4\">\n.avia-image-container.av-16n53w-1-aefd49bfc9a2a6fa8f31f675a17ee4c4 img.avia_image{\nbox-shadow:none;\n}\n.avia-image-container.av-16n53w-1-aefd49bfc9a2a6fa8f31f675a17ee4c4 .av-caption-image-overlay-bg{\nopacity:0.2;\nbackground-color:#000000;\n}\n.avia-image-container.av-16n53w-1-aefd49bfc9a2a6fa8f31f675a17ee4c4 .av-image-caption-overlay-center{\ncolor:#ffffff;\nfont-size:17px;\n}\n<\/style>\n<div  class='avia-image-container av-16n53w-1-aefd49bfc9a2a6fa8f31f675a17ee4c4 av-styling- av-hover-grow avia-align-center  avia-builder-el-11  avia-builder-el-no-sibling  noHover av-overlay-hover-deactivate'   itemprop=\"image\" itemscope=\"itemscope\" itemtype=\"https:\/\/schema.org\/ImageObject\" ><div class=\"avia-image-container-inner\"><div class=\"avia-image-overlay-wrap\"><a href=\"https:\/\/www.powerdekorna.com\/fr\/basik-collection\/\" class='avia_image' ><div class=\"av-image-caption-overlay\"><div class=\"av-caption-image-overlay-bg\"><\/div><div class=\"av-image-caption-overlay-position\"><div class=\"av-image-caption-overlay-center\"><p>Collection Basik3<\/p>\n<\/div><\/div><\/div><img decoding=\"async\" class='wp-image-5716 avia-img-lazy-loading-not-5716 avia_image ' src=\"https:\/\/www.powerdekorna.com\/wp-content\/uploads\/2020\/02\/basik_insert.jpg\" alt='Basik Collection' title='basik_insert'  height=\"300\" width=\"355\"  itemprop=\"thumbnailUrl\" srcset=\"https:\/\/www.powerdekorna.com\/wp-content\/uploads\/2020\/02\/basik_insert.jpg 355w, https:\/\/www.powerdekorna.com\/wp-content\/uploads\/2020\/02\/basik_insert-80x68.jpg 80w, https:\/\/www.powerdekorna.com\/wp-content\/uploads\/2020\/02\/basik_insert-300x254.jpg 300w\" sizes=\"(max-width: 355px) 100vw, 355px\" \/><\/a><\/div><\/div><\/div><\/div>\n\n<style type=\"text\/css\" data-created_by=\"avia_inline_auto\" id=\"style-css-av-47r1fg-be1eeef9171e1af27b8ba05d2b1e85f2\">\n#top .hr.hr-invisible.av-47r1fg-be1eeef9171e1af27b8ba05d2b1e85f2{\nheight:5px;\n}\n<\/style>\n<div  class='hr av-47r1fg-be1eeef9171e1af27b8ba05d2b1e85f2 hr-invisible  avia-builder-el-12  el_after_av_one_fourth  el_before_av_textblock '><span class='hr-inner '><span class=\"hr-inner-style\"><\/span><\/span><\/div>\n<section  class='av_textblock_section av-26wva4-6745f60fc4f6fbfba68b0c0c1f6b33bc'  itemscope=\"itemscope\" itemtype=\"https:\/\/schema.org\/CreativeWork\" ><div class='avia_textblock'  itemprop=\"text\" ><p style=\"text-align: right;\">&lt; <span style=\"text-decoration: underline;\"><a href=\"https:\/\/www.powerdekorna.com\/#collections\">Retour aux collections<\/a><\/span><\/p>\n<\/div><\/section>\n","protected":false},"excerpt":{"rendered":"","protected":false},"author":1,"featured_media":0,"parent":0,"menu_order":47,"comment_status":"closed","ping_status":"closed","template":"","meta":{"footnotes":""},"class_list":["post-4459","page","type-page","status-publish","hentry"],"_links":{"self":[{"href":"https:\/\/www.powerdekorna.com\/fr\/wp-json\/wp\/v2\/pages\/4459"}],"collection":[{"href":"https:\/\/www.powerdekorna.com\/fr\/wp-json\/wp\/v2\/pages"}],"about":[{"href":"https:\/\/www.powerdekorna.com\/fr\/wp-json\/wp\/v2\/types\/page"}],"author":[{"embeddable":true,"href":"https:\/\/www.powerdekorna.com\/fr\/wp-json\/wp\/v2\/users\/1"}],"replies":[{"embeddable":true,"href":"https:\/\/www.powerdekorna.com\/fr\/wp-json\/wp\/v2\/comments?post=4459"}],"version-history":[{"count":9,"href":"https:\/\/www.powerdekorna.com\/fr\/wp-json\/wp\/v2\/pages\/4459\/revisions"}],"predecessor-version":[{"id":14303,"href":"https:\/\/www.powerdekorna.com\/fr\/wp-json\/wp\/v2\/pages\/4459\/revisions\/14303"}],"wp:attachment":[{"href":"https:\/\/www.powerdekorna.com\/fr\/wp-json\/wp\/v2\/media?parent=4459"}],"curies":[{"name":"wp","href":"https:\/\/api.w.org\/{rel}","templated":true}]}}