{"id":4442,"date":"2018-11-30T04:53:36","date_gmt":"2018-11-29T23:53:36","guid":{"rendered":"https:\/\/www.powerdekorna.com\/?page_id=4442"},"modified":"2025-09-18T22:36:23","modified_gmt":"2025-09-19T02:36:23","slug":"collection-atelier","status":"publish","type":"page","link":"https:\/\/www.powerdekorna.com\/fr\/collection-atelier\/","title":{"rendered":"Collection Atelier"},"content":{"rendered":"<div class='flex_column av-rqcku1-2fbe7f05d0cb2e401f3f6f3079290f55 av_one_full  avia-builder-el-0  el_before_av_heading  avia-builder-el-first  first flex_column_div '     ><p>\n<style type=\"text\/css\" data-created_by=\"avia_inline_auto\" id=\"style-css-av-qav85l-fb2d4b920db60b2524f0affd7c538c09\">\n.avia-image-container.av-qav85l-fb2d4b920db60b2524f0affd7c538c09 img.avia_image{\nbox-shadow:none;\n}\n.avia-image-container.av-qav85l-fb2d4b920db60b2524f0affd7c538c09 .av-image-caption-overlay-center{\ncolor:#ffffff;\n}\n<\/style>\n<div  class='avia-image-container av-qav85l-fb2d4b920db60b2524f0affd7c538c09 av-styling- avia-align-center  avia-builder-el-1  el_before_av_hr  avia-builder-el-first '   itemprop=\"image\" itemscope=\"itemscope\" itemtype=\"https:\/\/schema.org\/ImageObject\" ><div class=\"avia-image-container-inner\"><div class=\"avia-image-overlay-wrap\"><img decoding=\"async\" class='wp-image-4444 avia-img-lazy-loading-not-4444 avia_image ' src=\"https:\/\/www.powerdekorna.com\/wp-content\/uploads\/2018\/11\/Collection-Atelier.jpg\" alt='' title='Collection Atelier'  height=\"450\" width=\"1210\"  itemprop=\"thumbnailUrl\" srcset=\"https:\/\/www.powerdekorna.com\/wp-content\/uploads\/2018\/11\/Collection-Atelier.jpg 1210w, https:\/\/www.powerdekorna.com\/wp-content\/uploads\/2018\/11\/Collection-Atelier-80x30.jpg 80w, https:\/\/www.powerdekorna.com\/wp-content\/uploads\/2018\/11\/Collection-Atelier-300x112.jpg 300w, https:\/\/www.powerdekorna.com\/wp-content\/uploads\/2018\/11\/Collection-Atelier-768x286.jpg 768w, https:\/\/www.powerdekorna.com\/wp-content\/uploads\/2018\/11\/Collection-Atelier-705x262.jpg 705w, https:\/\/www.powerdekorna.com\/wp-content\/uploads\/2018\/11\/Collection-Atelier-450x167.jpg 450w\" sizes=\"(max-width: 1210px) 100vw, 1210px\" \/><\/div><\/div><\/div><br \/>\n<div  class='hr av-nf3dex-80fb7fe890b549b5d938b412a4b50c13 hr-short  avia-builder-el-2  el_after_av_image  el_before_av_portfolio  avia-builder-el-last  hr-center'><span class='hr-inner '><span class=\"hr-inner-style\"><\/span><\/span><\/div><br \/>\n<div class='portfolio_preview_container ' data-portfolio-id='1'>\n\t\t\t\t\t\t\t\t<div class='ajax_controlls iconfont'>\n\t\t\t\t\t\t\t\t\t<a href='#prev' class='ajax_previous' \taria-hidden='true' data-av_icon='\ue878' data-av_iconfont='entypo-fontello'><\/a>\n\t\t\t\t\t\t\t\t\t<a href='#next' class='ajax_next'\t\taria-hidden='true' data-av_icon='\ue879' data-av_iconfont='entypo-fontello'><\/a>\n\t\t\t\t\t\t\t\t\t<a class='avia_close' href='#close'\t\taria-hidden='true' data-av_icon='\ue814' data-av_iconfont='entypo-fontello'><\/a>\n\t\t\t\t\t\t\t\t<\/div>\n\t\t\t\t\t\t\t\t<div class='portfolio-details-inner'><\/div>\n\t\t\t\t\t\t\t<\/div><div  id=\"av-sc-portfolio-1\"  class=' grid-sort-container isotope   no_margin-container with-title-container grid-total-odd grid-col-6 grid-links-ajax' data-portfolio-id='1'><div data-ajax-id='4562' class=' grid-entry flex_column isotope-item all_sort no_margin post-entry post-entry-4562 grid-entry-overview grid-loop-1 grid-parity-odd  collection-atelier_sort  av_one_sixth first default_av_fullwidth '><article class='main_color inner-entry'  itemscope=\"itemscope\" itemtype=\"https:\/\/schema.org\/CreativeWork\" ><a href=\"https:\/\/www.powerdekorna.com\/fr\/portfolio-item\/spiceacacia-7054\/\" title='Acacia \u00c9pice | 7054'  data-rel='grid-1' class='grid-image avia-hover-fx'> <img decoding=\"async\" width=\"260\" height=\"185\" src=\"https:\/\/www.powerdekorna.com\/wp-content\/uploads\/2018\/06\/SpiceAcacia_7054-260x185.jpg\" class=\"wp-image-5022 avia-img-lazy-loading-not-5022 attachment-portfolio_small size-portfolio_small wp-post-image\" alt=\"\" \/><\/a><div class='grid-content'><div class='avia-arrow'><\/div><header class=\"entry-content-header\"><h3 class='grid-entry-title entry-title '  itemprop=\"headline\" ><a href='https:\/\/www.powerdekorna.com\/fr\/portfolio-item\/spiceacacia-7054\/' title='Acacia \u00c9pice | 7054'>Acacia \u00c9pice | 7054<\/a><\/h3><\/header><\/div><footer class=\"entry-footer\"><\/footer><\/article><\/div><div data-ajax-id='4557' class=' grid-entry flex_column isotope-item all_sort no_margin post-entry post-entry-4557 grid-entry-overview grid-loop-2 grid-parity-even  collection-atelier_sort  av_one_sixth  default_av_fullwidth '><article class='main_color inner-entry'  itemscope=\"itemscope\" itemtype=\"https:\/\/schema.org\/CreativeWork\" ><a href=\"https:\/\/www.powerdekorna.com\/fr\/portfolio-item\/autumnhickory-7055\/\" title='Hickory Automne | 7055'  data-rel='grid-1' class='grid-image avia-hover-fx'> <img decoding=\"async\" width=\"260\" height=\"185\" src=\"https:\/\/www.powerdekorna.com\/wp-content\/uploads\/2018\/06\/AutumnHickory_7055-260x185.jpg\" class=\"wp-image-5023 avia-img-lazy-loading-not-5023 attachment-portfolio_small size-portfolio_small wp-post-image\" alt=\"\" \/><\/a><div class='grid-content'><div class='avia-arrow'><\/div><header class=\"entry-content-header\"><h3 class='grid-entry-title entry-title '  itemprop=\"headline\" ><a href='https:\/\/www.powerdekorna.com\/fr\/portfolio-item\/autumnhickory-7055\/' title='Hickory Automne | 7055'>Hickory Automne | 7055<\/a><\/h3><\/header><\/div><footer class=\"entry-footer\"><\/footer><\/article><\/div><div data-ajax-id='4552' class=' grid-entry flex_column isotope-item all_sort no_margin post-entry post-entry-4552 grid-entry-overview grid-loop-3 grid-parity-odd  collection-atelier_sort  av_one_sixth  default_av_fullwidth '><article class='main_color inner-entry'  itemscope=\"itemscope\" itemtype=\"https:\/\/schema.org\/CreativeWork\" ><a href=\"https:\/\/www.powerdekorna.com\/fr\/portfolio-item\/bayside-birch-7056\/\" title='Merisier Bayside | 7056'  data-rel='grid-1' class='grid-image avia-hover-fx'> <img decoding=\"async\" width=\"260\" height=\"185\" src=\"https:\/\/www.powerdekorna.com\/wp-content\/uploads\/2018\/06\/BaysideBirch_7056-260x185.jpg\" class=\"wp-image-5024 avia-img-lazy-loading-not-5024 attachment-portfolio_small size-portfolio_small wp-post-image\" alt=\"\" \/><\/a><div class='grid-content'><div class='avia-arrow'><\/div><header class=\"entry-content-header\"><h3 class='grid-entry-title entry-title '  itemprop=\"headline\" ><a href='https:\/\/www.powerdekorna.com\/fr\/portfolio-item\/bayside-birch-7056\/' title='Merisier Bayside | 7056'>Merisier Bayside | 7056<\/a><\/h3><\/header><\/div><footer class=\"entry-footer\"><\/footer><\/article><\/div><div data-ajax-id='6306' class=' grid-entry flex_column isotope-item all_sort no_margin post-entry post-entry-6306 grid-entry-overview grid-loop-4 grid-parity-even  collection-atelier_sort  av_one_sixth  default_av_fullwidth '><article class='main_color inner-entry'  itemscope=\"itemscope\" itemtype=\"https:\/\/schema.org\/CreativeWork\" ><a href=\"https:\/\/www.powerdekorna.com\/fr\/portfolio-item\/macmillan-hickory-7120\/\" title='Hickory Macmillan | 7120'  data-rel='grid-1' class='grid-image avia-hover-fx'> <img decoding=\"async\" width=\"260\" height=\"185\" src=\"https:\/\/www.powerdekorna.com\/wp-content\/uploads\/2020\/04\/7120CL_TOP-e1593715187871-260x185.jpg\" class=\"wp-image-6139 avia-img-lazy-loading-not-6139 attachment-portfolio_small size-portfolio_small wp-post-image\" alt=\"\" \/><\/a><div class='grid-content'><div class='avia-arrow'><\/div><header class=\"entry-content-header\"><h3 class='grid-entry-title entry-title '  itemprop=\"headline\" ><a href='https:\/\/www.powerdekorna.com\/fr\/portfolio-item\/macmillan-hickory-7120\/' title='Hickory Macmillan | 7120'>Hickory Macmillan | 7120<\/a><\/h3><\/header><\/div><footer class=\"entry-footer\"><\/footer><\/article><\/div><div data-ajax-id='6301' class=' grid-entry flex_column isotope-item all_sort no_margin post-entry post-entry-6301 grid-entry-overview grid-loop-5 grid-parity-odd  post-entry-last  collection-atelier_sort  av_one_sixth  default_av_fullwidth '><article class='main_color inner-entry'  itemscope=\"itemscope\" itemtype=\"https:\/\/schema.org\/CreativeWork\" ><a href=\"https:\/\/www.powerdekorna.com\/fr\/portfolio-item\/victoria-oak-7126\/\" title='Ch\u00eane Victoria | 7126'  data-rel='grid-1' class='grid-image avia-hover-fx'> <img decoding=\"async\" width=\"260\" height=\"185\" src=\"https:\/\/www.powerdekorna.com\/wp-content\/uploads\/2020\/04\/7126C-260x185.jpg\" class=\"wp-image-6669 avia-img-lazy-loading-not-6669 attachment-portfolio_small size-portfolio_small wp-post-image\" alt=\"\" \/><\/a><div class='grid-content'><div class='avia-arrow'><\/div><header class=\"entry-content-header\"><h3 class='grid-entry-title entry-title '  itemprop=\"headline\" ><a href='https:\/\/www.powerdekorna.com\/fr\/portfolio-item\/victoria-oak-7126\/' title='Ch\u00eane Victoria | 7126'>Ch\u00eane Victoria | 7126<\/a><\/h3><\/header><\/div><footer class=\"entry-footer\"><\/footer><\/article><\/div><\/div><\/p><\/div>\n\n<style type=\"text\/css\" data-created_by=\"avia_inline_auto\" id=\"style-css-av-835tm-d6ce43d27fa519027b63696b06ecdd9c\">\n#top .av-special-heading.av-835tm-d6ce43d27fa519027b63696b06ecdd9c{\npadding-bottom:19px;\ncolor:#494949;\n}\nbody .av-special-heading.av-835tm-d6ce43d27fa519027b63696b06ecdd9c .av-special-heading-tag .heading-char{\nfont-size:25px;\n}\n.av-special-heading.av-835tm-d6ce43d27fa519027b63696b06ecdd9c .special-heading-inner-border{\nborder-color:#494949;\n}\n.av-special-heading.av-835tm-d6ce43d27fa519027b63696b06ecdd9c .av-subheading{\nfont-size:15px;\n}\n<\/style>\n<div  class='av-special-heading av-835tm-d6ce43d27fa519027b63696b06ecdd9c av-special-heading-h3 custom-color-heading blockquote modern-quote  avia-builder-el-4  el_after_av_one_full  el_before_av_hr '><h3 class='av-special-heading-tag'  itemprop=\"headline\"  >Vous pouvez \u00e9galement \u00eatre int\u00e9ress\u00e9 par nos autre collections de bois franc d\u2019ing\u00e9nierie.<\/h3><div class=\"special-heading-border\"><div class=\"special-heading-inner-border\"><\/div><\/div><\/div>\n\n<style type=\"text\/css\" data-created_by=\"avia_inline_auto\" id=\"style-css-av-idp8jd-3c12f1698ce2dbead50b604eda96b08a\">\n#top .hr.hr-invisible.av-idp8jd-3c12f1698ce2dbead50b604eda96b08a{\nheight:10px;\n}\n<\/style>\n<div  class='hr av-idp8jd-3c12f1698ce2dbead50b604eda96b08a hr-invisible  avia-builder-el-5  el_after_av_heading  el_before_av_one_fifth '><span class='hr-inner '><span class=\"hr-inner-style\"><\/span><\/span><\/div>\n<div class='flex_column av-hbs50p-a34fe7fd38edb4c8389209e86812c6d3 av_one_fifth  avia-builder-el-6  el_after_av_hr  el_before_av_one_fifth  first flex_column_div '     ><style type=\"text\/css\" data-created_by=\"avia_inline_auto\" id=\"style-css-av-fy3il5-8228633d8fd667cf89b59cad9d11692b\">\n.avia-image-container.av-fy3il5-8228633d8fd667cf89b59cad9d11692b img.avia_image{\nbox-shadow:none;\n}\n.avia-image-container.av-fy3il5-8228633d8fd667cf89b59cad9d11692b .av-caption-image-overlay-bg{\nopacity:0.2;\nbackground-color:#000000;\n}\n.avia-image-container.av-fy3il5-8228633d8fd667cf89b59cad9d11692b .av-image-caption-overlay-center{\ncolor:#ffffff;\nfont-size:17px;\n}\n<\/style>\n<div  class='avia-image-container av-fy3il5-8228633d8fd667cf89b59cad9d11692b av-styling- av-hover-grow avia-align-center  avia-builder-el-7  avia-builder-el-no-sibling  noHover av-overlay-hover-deactivate'   itemprop=\"image\" itemscope=\"itemscope\" itemtype=\"https:\/\/schema.org\/ImageObject\" ><div class=\"avia-image-container-inner\"><div class=\"avia-image-overlay-wrap\"><a href=\"https:\/\/www.powerdekorna.com\/fr\/collection-neo-atelier\/\" class='avia_image' ><div class=\"av-image-caption-overlay\"><div class=\"av-caption-image-overlay-bg\"><\/div><div class=\"av-image-caption-overlay-position\"><div class=\"av-image-caption-overlay-center\"><p>Collection N\u00e9o-Atelier<\/p>\n<\/div><\/div><\/div><img decoding=\"async\" class='wp-image-16129 avia-img-lazy-loading-not-16129 avia_image ' src=\"https:\/\/www.powerdekorna.com\/wp-content\/uploads\/2025\/09\/Neo-Atelier-Collectios-355x300-Fr-300x253.png\" alt='' title='Ne\u0301o Atelier'  height=\"253\" width=\"300\"  itemprop=\"thumbnailUrl\" srcset=\"https:\/\/www.powerdekorna.com\/wp-content\/uploads\/2025\/09\/Neo-Atelier-Collectios-355x300-Fr-300x253.png 300w, https:\/\/www.powerdekorna.com\/wp-content\/uploads\/2025\/09\/Neo-Atelier-Collectios-355x300-Fr-80x68.png 80w, https:\/\/www.powerdekorna.com\/wp-content\/uploads\/2025\/09\/Neo-Atelier-Collectios-355x300-Fr-768x649.png 768w, https:\/\/www.powerdekorna.com\/wp-content\/uploads\/2025\/09\/Neo-Atelier-Collectios-355x300-Fr-705x595.png 705w, https:\/\/www.powerdekorna.com\/wp-content\/uploads\/2025\/09\/Neo-Atelier-Collectios-355x300-Fr.png 1480w\" sizes=\"(max-width: 300px) 100vw, 300px\" \/><\/a><\/div><\/div><\/div><\/div><div class='flex_column av-4lqyiy-021549b4109a733cdca99821b6d67c97 av_one_fifth  avia-builder-el-8  el_after_av_one_fifth  el_before_av_one_fifth  flex_column_div '     ><style type=\"text\/css\" data-created_by=\"avia_inline_auto\" id=\"style-css-av-35clkq-42b6715077ef2eb93600e9573deeeeee\">\n.avia-image-container.av-35clkq-42b6715077ef2eb93600e9573deeeeee img.avia_image{\nbox-shadow:none;\n}\n.avia-image-container.av-35clkq-42b6715077ef2eb93600e9573deeeeee .av-caption-image-overlay-bg{\nopacity:0.2;\nbackground-color:#000000;\n}\n.avia-image-container.av-35clkq-42b6715077ef2eb93600e9573deeeeee .av-image-caption-overlay-center{\ncolor:#ffffff;\nfont-size:17px;\n}\n<\/style>\n<div  class='avia-image-container av-35clkq-42b6715077ef2eb93600e9573deeeeee av-styling- av-hover-grow avia-align-center  avia-builder-el-9  avia-builder-el-no-sibling  noHover av-overlay-hover-deactivate'   itemprop=\"image\" itemscope=\"itemscope\" itemtype=\"https:\/\/schema.org\/ImageObject\" ><div class=\"avia-image-container-inner\"><div class=\"avia-image-overlay-wrap\"><a href=\"https:\/\/www.powerdekorna.com\/fr\/collection-endurakrs\/\" class='avia_image' ><div class=\"av-image-caption-overlay\"><div class=\"av-caption-image-overlay-bg\"><\/div><div class=\"av-image-caption-overlay-position\"><div class=\"av-image-caption-overlay-center\"><p>S\u00e9rie Endura-KRS<\/p>\n<\/div><\/div><\/div><img decoding=\"async\" class='wp-image-8394 avia-img-lazy-loading-not-8394 avia_image ' src=\"https:\/\/www.powerdekorna.com\/wp-content\/uploads\/2022\/05\/New-Endura-KRS-Fr-Pink-02.jpg\" alt='' title='New Endura KRS Fr Pink-02'  height=\"1251\" width=\"1476\"  itemprop=\"thumbnailUrl\" srcset=\"https:\/\/www.powerdekorna.com\/wp-content\/uploads\/2022\/05\/New-Endura-KRS-Fr-Pink-02.jpg 1476w, https:\/\/www.powerdekorna.com\/wp-content\/uploads\/2022\/05\/New-Endura-KRS-Fr-Pink-02-300x254.jpg 300w, https:\/\/www.powerdekorna.com\/wp-content\/uploads\/2022\/05\/New-Endura-KRS-Fr-Pink-02-80x68.jpg 80w, https:\/\/www.powerdekorna.com\/wp-content\/uploads\/2022\/05\/New-Endura-KRS-Fr-Pink-02-768x651.jpg 768w, https:\/\/www.powerdekorna.com\/wp-content\/uploads\/2022\/05\/New-Endura-KRS-Fr-Pink-02-705x598.jpg 705w\" sizes=\"(max-width: 1476px) 100vw, 1476px\" \/><\/a><\/div><\/div><\/div><\/div><\/p>\n<div class='flex_column av-hbs50p-2-c36d383a54ff262492353cfa14ecdd9c av_one_fifth  avia-builder-el-10  el_after_av_one_fifth  el_before_av_hr  flex_column_div '     ><style type=\"text\/css\" data-created_by=\"avia_inline_auto\" id=\"style-css-av-fy3il5-1-5ae755578234d737d158ddee91157e2f\">\n.avia-image-container.av-fy3il5-1-5ae755578234d737d158ddee91157e2f img.avia_image{\nbox-shadow:none;\n}\n.avia-image-container.av-fy3il5-1-5ae755578234d737d158ddee91157e2f .av-caption-image-overlay-bg{\nopacity:0.2;\nbackground-color:#000000;\n}\n.avia-image-container.av-fy3il5-1-5ae755578234d737d158ddee91157e2f .av-image-caption-overlay-center{\ncolor:#ffffff;\nfont-size:17px;\n}\n<\/style>\n<div  class='avia-image-container av-fy3il5-1-5ae755578234d737d158ddee91157e2f av-styling- av-hover-grow avia-align-center  avia-builder-el-11  avia-builder-el-no-sibling  noHover av-overlay-hover-deactivate'   itemprop=\"image\" itemscope=\"itemscope\" itemtype=\"https:\/\/schema.org\/ImageObject\" ><div class=\"avia-image-container-inner\"><div class=\"avia-image-overlay-wrap\"><a href=\"https:\/\/www.powerdekorna.com\/fr\/serie-endura-r\/\" class='avia_image' ><div class=\"av-image-caption-overlay\"><div class=\"av-caption-image-overlay-bg\"><\/div><div class=\"av-image-caption-overlay-position\"><div class=\"av-image-caption-overlay-center\"><p>S\u00e9rie Endura-R<\/p>\n<\/div><\/div><\/div><img decoding=\"async\" class='wp-image-14246 avia-img-lazy-loading-not-14246 avia_image ' src=\"https:\/\/www.powerdekorna.com\/wp-content\/uploads\/2024\/08\/R-Collectios-355x300-Fr-1-300x253.png\" alt='' title='Endura R'  height=\"253\" width=\"300\"  itemprop=\"thumbnailUrl\" srcset=\"https:\/\/www.powerdekorna.com\/wp-content\/uploads\/2024\/08\/R-Collectios-355x300-Fr-1-300x253.png 300w, https:\/\/www.powerdekorna.com\/wp-content\/uploads\/2024\/08\/R-Collectios-355x300-Fr-1-80x68.png 80w, https:\/\/www.powerdekorna.com\/wp-content\/uploads\/2024\/08\/R-Collectios-355x300-Fr-1-768x649.png 768w, https:\/\/www.powerdekorna.com\/wp-content\/uploads\/2024\/08\/R-Collectios-355x300-Fr-1-705x595.png 705w, https:\/\/www.powerdekorna.com\/wp-content\/uploads\/2024\/08\/R-Collectios-355x300-Fr-1.png 1480w\" sizes=\"(max-width: 300px) 100vw, 300px\" \/><\/a><\/div><\/div><\/div><\/div>\n\n<style type=\"text\/css\" data-created_by=\"avia_inline_auto\" id=\"style-css-av-3y8ynt-96fa770ff9c0705b15a338e00f7df4cf\">\n#top .hr.hr-invisible.av-3y8ynt-96fa770ff9c0705b15a338e00f7df4cf{\nheight:5px;\n}\n<\/style>\n<div  class='hr av-3y8ynt-96fa770ff9c0705b15a338e00f7df4cf hr-invisible  avia-builder-el-12  el_after_av_one_fifth  el_before_av_textblock '><span class='hr-inner '><span class=\"hr-inner-style\"><\/span><\/span><\/div>\n<section  class='av_textblock_section av-1xvq2x-ea4651b5bc9b23c029196faa3b2b38aa'  itemscope=\"itemscope\" itemtype=\"https:\/\/schema.org\/CreativeWork\" ><div class='avia_textblock'  itemprop=\"text\" ><p style=\"text-align: right;\">&lt; <span style=\"text-decoration: underline;\"><a href=\"https:\/\/www.powerdekorna.com\/fr\/#tab-id-2\">Retour aux collections<\/a><\/span><\/p>\n<\/div><\/section>\n","protected":false},"excerpt":{"rendered":"","protected":false},"author":1,"featured_media":0,"parent":0,"menu_order":44,"comment_status":"closed","ping_status":"closed","template":"","meta":{"footnotes":""},"class_list":["post-4442","page","type-page","status-publish","hentry"],"_links":{"self":[{"href":"https:\/\/www.powerdekorna.com\/fr\/wp-json\/wp\/v2\/pages\/4442"}],"collection":[{"href":"https:\/\/www.powerdekorna.com\/fr\/wp-json\/wp\/v2\/pages"}],"about":[{"href":"https:\/\/www.powerdekorna.com\/fr\/wp-json\/wp\/v2\/types\/page"}],"author":[{"embeddable":true,"href":"https:\/\/www.powerdekorna.com\/fr\/wp-json\/wp\/v2\/users\/1"}],"replies":[{"embeddable":true,"href":"https:\/\/www.powerdekorna.com\/fr\/wp-json\/wp\/v2\/comments?post=4442"}],"version-history":[{"count":14,"href":"https:\/\/www.powerdekorna.com\/fr\/wp-json\/wp\/v2\/pages\/4442\/revisions"}],"predecessor-version":[{"id":16154,"href":"https:\/\/www.powerdekorna.com\/fr\/wp-json\/wp\/v2\/pages\/4442\/revisions\/16154"}],"wp:attachment":[{"href":"https:\/\/www.powerdekorna.com\/fr\/wp-json\/wp\/v2\/media?parent=4442"}],"curies":[{"name":"wp","href":"https:\/\/api.w.org\/{rel}","templated":true}]}}