{"id":15889,"date":"2025-08-29T19:25:15","date_gmt":"2025-08-29T23:25:15","guid":{"rendered":"https:\/\/www.powerdekorna.com\/?page_id=15889"},"modified":"2025-12-11T14:02:32","modified_gmt":"2025-12-11T19:02:32","slug":"collection-neo-atelier","status":"publish","type":"page","link":"https:\/\/www.powerdekorna.com\/fr\/collection-neo-atelier\/","title":{"rendered":"Collection N\u00e9o-Atelier"},"content":{"rendered":"<div class='flex_column av-rraigf-b05d527c21c8eb4330950260b876e04a av_one_full  avia-builder-el-0  el_before_av_heading  avia-builder-el-first  first flex_column_div '     ><p><div  class='avia-slideshow av-l9g390ea-15b362677592a2ca8e196351a6aaf83c avia-slideshow-no scaling av_slideshow avia-slide-slider  avia-builder-el-1  el_before_av_hr  avia-builder-el-first  av-slideshow-ui av-control-default av-slideshow-autoplay av-loop-endless av-loop-manual-endless av-default-height-applied avia-slideshow-1' data-slideshow-options=\"{&quot;animation&quot;:&quot;slide&quot;,&quot;autoplay&quot;:true,&quot;loop_autoplay&quot;:&quot;endless&quot;,&quot;interval&quot;:5,&quot;loop_manual&quot;:&quot;manual-endless&quot;,&quot;autoplay_stopper&quot;:false,&quot;noNavigation&quot;:false,&quot;bg_slider&quot;:false,&quot;keep_padding&quot;:false,&quot;hoverpause&quot;:false,&quot;show_slide_delay&quot;:0}\"  itemprop=\"image\" itemscope=\"itemscope\" itemtype=\"https:\/\/schema.org\/ImageObject\" ><ul class='avia-slideshow-inner ' style='padding-bottom: 35.546875%;'><li  class='avia-slideshow-slide av-l9g390ea-15b362677592a2ca8e196351a6aaf83c__0  av-single-slide slide-1 slide-odd'><div data-rel='slideshow-1' class='avia-slide-wrap '   ><img decoding=\"async\" class=\"wp-image-15887 avia-img-lazy-loading-not-15887\"  src=\"https:\/\/www.powerdekorna.com\/wp-content\/uploads\/2025\/08\/Collection-Banner-1210x430-Final-copy-02-scaled.jpg\" width=\"2560\" height=\"910\" title='Collection Banner 1210x430 Final copy-02' alt=''  itemprop=\"thumbnailUrl\" srcset=\"https:\/\/www.powerdekorna.com\/wp-content\/uploads\/2025\/08\/Collection-Banner-1210x430-Final-copy-02-scaled.jpg 2560w, https:\/\/www.powerdekorna.com\/wp-content\/uploads\/2025\/08\/Collection-Banner-1210x430-Final-copy-02-300x107.jpg 300w, https:\/\/www.powerdekorna.com\/wp-content\/uploads\/2025\/08\/Collection-Banner-1210x430-Final-copy-02-80x28.jpg 80w, https:\/\/www.powerdekorna.com\/wp-content\/uploads\/2025\/08\/Collection-Banner-1210x430-Final-copy-02-768x273.jpg 768w, https:\/\/www.powerdekorna.com\/wp-content\/uploads\/2025\/08\/Collection-Banner-1210x430-Final-copy-02-1536x546.jpg 1536w, https:\/\/www.powerdekorna.com\/wp-content\/uploads\/2025\/08\/Collection-Banner-1210x430-Final-copy-02-2048x728.jpg 2048w, https:\/\/www.powerdekorna.com\/wp-content\/uploads\/2025\/08\/Collection-Banner-1210x430-Final-copy-02-1500x533.jpg 1500w, https:\/\/www.powerdekorna.com\/wp-content\/uploads\/2025\/08\/Collection-Banner-1210x430-Final-copy-02-705x251.jpg 705w\" sizes=\"(max-width: 2560px) 100vw, 2560px\" \/><\/div><\/li><\/ul><\/div><br \/>\n<div  class='hr av-nzltov-2924c48ee33f652ed3647b92bd056717 hr-short  avia-builder-el-2  el_after_av_slideshow  el_before_av_portfolio  avia-builder-el-last  hr-center'><span class='hr-inner '><span class=\"hr-inner-style\"><\/span><\/span><\/div><br \/>\n<div class='portfolio_preview_container ' data-portfolio-id='1'>\n\t\t\t\t\t\t\t\t<div class='ajax_controlls iconfont'>\n\t\t\t\t\t\t\t\t\t<a href='#prev' class='ajax_previous' \taria-hidden='true' data-av_icon='\ue878' data-av_iconfont='entypo-fontello'><\/a>\n\t\t\t\t\t\t\t\t\t<a href='#next' class='ajax_next'\t\taria-hidden='true' data-av_icon='\ue879' data-av_iconfont='entypo-fontello'><\/a>\n\t\t\t\t\t\t\t\t\t<a class='avia_close' href='#close'\t\taria-hidden='true' data-av_icon='\ue814' data-av_iconfont='entypo-fontello'><\/a>\n\t\t\t\t\t\t\t\t<\/div>\n\t\t\t\t\t\t\t\t<div class='portfolio-details-inner'><\/div>\n\t\t\t\t\t\t\t<\/div><div  id=\"av-sc-portfolio-1\"  class=' grid-sort-container isotope   no_margin-container with-title-container grid-total-even grid-col-6 grid-links-ajax' data-portfolio-id='1'><div data-ajax-id='15899' class=' grid-entry flex_column isotope-item all_sort no_margin post-entry post-entry-15899 grid-entry-overview grid-loop-1 grid-parity-odd  collection-neo-atelier_sort  av_one_sixth first default_av_fullwidth '><article class='main_color inner-entry'  itemscope=\"itemscope\" itemtype=\"https:\/\/schema.org\/CreativeWork\" ><a href=\"https:\/\/www.powerdekorna.com\/fr\/portfolio-item\/chene-bouton-dor-7070\/\" title='Ch\u00eane Bouton d\u2019or  |  7070'  data-rel='grid-1' class='grid-image avia-hover-fx'> <img decoding=\"async\" width=\"260\" height=\"185\" src=\"https:\/\/www.powerdekorna.com\/wp-content\/uploads\/2025\/08\/7070-260x185.jpg\" class=\"wp-image-15923 avia-img-lazy-loading-not-15923 attachment-portfolio_small size-portfolio_small wp-post-image\" alt=\"\" \/><\/a><div class='grid-content'><div class='avia-arrow'><\/div><header class=\"entry-content-header\"><h3 class='grid-entry-title entry-title '  itemprop=\"headline\" ><a href='https:\/\/www.powerdekorna.com\/fr\/portfolio-item\/chene-bouton-dor-7070\/' title='Ch\u00eane Bouton d\u2019or  |  7070'>Ch\u00eane Bouton d\u2019or  |  7070<\/a><\/h3><\/header><\/div><footer class=\"entry-footer\"><\/footer><\/article><\/div><div data-ajax-id='15927' class=' grid-entry flex_column isotope-item all_sort no_margin post-entry post-entry-15927 grid-entry-overview grid-loop-2 grid-parity-even  collection-neo-atelier_sort  av_one_sixth  default_av_fullwidth '><article class='main_color inner-entry'  itemscope=\"itemscope\" itemtype=\"https:\/\/schema.org\/CreativeWork\" ><a href=\"https:\/\/www.powerdekorna.com\/fr\/portfolio-item\/hickory-truffe-7071\/\" title='Hickory Truffe  |  7071'  data-rel='grid-1' class='grid-image avia-hover-fx'> <img decoding=\"async\" width=\"260\" height=\"185\" src=\"https:\/\/www.powerdekorna.com\/wp-content\/uploads\/2025\/08\/7071-260x185.jpg\" class=\"wp-image-15934 avia-img-lazy-loading-not-15934 attachment-portfolio_small size-portfolio_small wp-post-image\" alt=\"\" \/><\/a><div class='grid-content'><div class='avia-arrow'><\/div><header class=\"entry-content-header\"><h3 class='grid-entry-title entry-title '  itemprop=\"headline\" ><a href='https:\/\/www.powerdekorna.com\/fr\/portfolio-item\/hickory-truffe-7071\/' title='Hickory Truffe  |  7071'>Hickory Truffe  |  7071<\/a><\/h3><\/header><\/div><footer class=\"entry-footer\"><\/footer><\/article><\/div><div data-ajax-id='15939' class=' grid-entry flex_column isotope-item all_sort no_margin post-entry post-entry-15939 grid-entry-overview grid-loop-3 grid-parity-odd  collection-neo-atelier_sort  av_one_sixth  default_av_fullwidth '><article class='main_color inner-entry'  itemscope=\"itemscope\" itemtype=\"https:\/\/schema.org\/CreativeWork\" ><a href=\"https:\/\/www.powerdekorna.com\/fr\/portfolio-item\/hickory-emberfall-7072\/\" title='Hickory Emberfall  |  7072'  data-rel='grid-1' class='grid-image avia-hover-fx'> <img decoding=\"async\" width=\"260\" height=\"185\" src=\"https:\/\/www.powerdekorna.com\/wp-content\/uploads\/2025\/08\/7072-260x185.jpg\" class=\"wp-image-15943 avia-img-lazy-loading-not-15943 attachment-portfolio_small size-portfolio_small wp-post-image\" alt=\"\" \/><\/a><div class='grid-content'><div class='avia-arrow'><\/div><header class=\"entry-content-header\"><h3 class='grid-entry-title entry-title '  itemprop=\"headline\" ><a href='https:\/\/www.powerdekorna.com\/fr\/portfolio-item\/hickory-emberfall-7072\/' title='Hickory Emberfall  |  7072'>Hickory Emberfall  |  7072<\/a><\/h3><\/header><\/div><footer class=\"entry-footer\"><\/footer><\/article><\/div><div data-ajax-id='15953' class=' grid-entry flex_column isotope-item all_sort no_margin post-entry post-entry-15953 grid-entry-overview grid-loop-4 grid-parity-even  collection-neo-atelier_sort  av_one_sixth  default_av_fullwidth '><article class='main_color inner-entry'  itemscope=\"itemscope\" itemtype=\"https:\/\/schema.org\/CreativeWork\" ><a href=\"https:\/\/www.powerdekorna.com\/fr\/portfolio-item\/hickory-absolu-7073\/\" title='Hickory Absolu  |  7073'  data-rel='grid-1' class='grid-image avia-hover-fx'> <img decoding=\"async\" width=\"260\" height=\"185\" src=\"https:\/\/www.powerdekorna.com\/wp-content\/uploads\/2025\/08\/7073-260x185.jpg\" class=\"wp-image-15959 avia-img-lazy-loading-not-15959 attachment-portfolio_small size-portfolio_small wp-post-image\" alt=\"\" \/><\/a><div class='grid-content'><div class='avia-arrow'><\/div><header class=\"entry-content-header\"><h3 class='grid-entry-title entry-title '  itemprop=\"headline\" ><a href='https:\/\/www.powerdekorna.com\/fr\/portfolio-item\/hickory-absolu-7073\/' title='Hickory Absolu  |  7073'>Hickory Absolu  |  7073<\/a><\/h3><\/header><\/div><footer class=\"entry-footer\"><\/footer><\/article><\/div><div data-ajax-id='15962' class=' grid-entry flex_column isotope-item all_sort no_margin post-entry post-entry-15962 grid-entry-overview grid-loop-5 grid-parity-odd  collection-neo-atelier_sort  av_one_sixth  default_av_fullwidth '><article class='main_color inner-entry'  itemscope=\"itemscope\" itemtype=\"https:\/\/schema.org\/CreativeWork\" ><a href=\"https:\/\/www.powerdekorna.com\/fr\/portfolio-item\/erable-lumineux-7074\/\" title='\u00c9rable Lumineux  |  7074'  data-rel='grid-1' class='grid-image avia-hover-fx'> <img decoding=\"async\" width=\"260\" height=\"185\" src=\"https:\/\/www.powerdekorna.com\/wp-content\/uploads\/2025\/08\/7074-260x185.jpg\" class=\"wp-image-15968 avia-img-lazy-loading-not-15968 attachment-portfolio_small size-portfolio_small wp-post-image\" alt=\"\" \/><\/a><div class='grid-content'><div class='avia-arrow'><\/div><header class=\"entry-content-header\"><h3 class='grid-entry-title entry-title '  itemprop=\"headline\" ><a href='https:\/\/www.powerdekorna.com\/fr\/portfolio-item\/erable-lumineux-7074\/' title='\u00c9rable Lumineux  |  7074'>\u00c9rable Lumineux  |  7074<\/a><\/h3><\/header><\/div><footer class=\"entry-footer\"><\/footer><\/article><\/div><div data-ajax-id='15972' class=' grid-entry flex_column isotope-item all_sort no_margin post-entry post-entry-15972 grid-entry-overview grid-loop-6 grid-parity-even  collection-neo-atelier_sort  av_one_sixth  default_av_fullwidth '><article class='main_color inner-entry'  itemscope=\"itemscope\" itemtype=\"https:\/\/schema.org\/CreativeWork\" ><a href=\"https:\/\/www.powerdekorna.com\/fr\/portfolio-item\/chene-clara-7075\/\" title='Ch\u00eane Clara  |  7075'  data-rel='grid-1' class='grid-image avia-hover-fx'> <img decoding=\"async\" width=\"260\" height=\"185\" src=\"https:\/\/www.powerdekorna.com\/wp-content\/uploads\/2025\/08\/7075-260x185.jpg\" class=\"wp-image-15978 avia-img-lazy-loading-not-15978 attachment-portfolio_small size-portfolio_small wp-post-image\" alt=\"\" \/><\/a><div class='grid-content'><div class='avia-arrow'><\/div><header class=\"entry-content-header\"><h3 class='grid-entry-title entry-title '  itemprop=\"headline\" ><a href='https:\/\/www.powerdekorna.com\/fr\/portfolio-item\/chene-clara-7075\/' title='Ch\u00eane Clara  |  7075'>Ch\u00eane Clara  |  7075<\/a><\/h3><\/header><\/div><footer class=\"entry-footer\"><\/footer><\/article><\/div><div data-ajax-id='15985' class=' grid-entry flex_column isotope-item all_sort no_margin post-entry post-entry-15985 grid-entry-overview grid-loop-7 grid-parity-odd  collection-neo-atelier_sort  av_one_sixth first default_av_fullwidth '><article class='main_color inner-entry'  itemscope=\"itemscope\" itemtype=\"https:\/\/schema.org\/CreativeWork\" ><a href=\"https:\/\/www.powerdekorna.com\/fr\/portfolio-item\/erable-stonebay-7076\/\" title='\u00c9rable Stonebay  |  7076'  data-rel='grid-1' class='grid-image avia-hover-fx'> <img decoding=\"async\" width=\"260\" height=\"185\" src=\"https:\/\/www.powerdekorna.com\/wp-content\/uploads\/2025\/08\/7076-260x185.jpg\" class=\"wp-image-15983 avia-img-lazy-loading-not-15983 attachment-portfolio_small size-portfolio_small wp-post-image\" alt=\"\" \/><\/a><div class='grid-content'><div class='avia-arrow'><\/div><header class=\"entry-content-header\"><h3 class='grid-entry-title entry-title '  itemprop=\"headline\" ><a href='https:\/\/www.powerdekorna.com\/fr\/portfolio-item\/erable-stonebay-7076\/' title='\u00c9rable Stonebay  |  7076'>\u00c9rable Stonebay  |  7076<\/a><\/h3><\/header><\/div><footer class=\"entry-footer\"><\/footer><\/article><\/div><div data-ajax-id='15990' class=' grid-entry flex_column isotope-item all_sort no_margin post-entry post-entry-15990 grid-entry-overview grid-loop-8 grid-parity-even  collection-neo-atelier_sort  av_one_sixth  default_av_fullwidth '><article class='main_color inner-entry'  itemscope=\"itemscope\" itemtype=\"https:\/\/schema.org\/CreativeWork\" ><a href=\"https:\/\/www.powerdekorna.com\/fr\/portfolio-item\/noyer-solara-7069\/\" title='Noyer Solara  |  7069'  data-rel='grid-1' class='grid-image avia-hover-fx'> <img decoding=\"async\" width=\"260\" height=\"185\" src=\"https:\/\/www.powerdekorna.com\/wp-content\/uploads\/2025\/08\/7069-260x185.jpg\" class=\"wp-image-15996 avia-img-lazy-loading-not-15996 attachment-portfolio_small size-portfolio_small wp-post-image\" alt=\"\" \/><\/a><div class='grid-content'><div class='avia-arrow'><\/div><header class=\"entry-content-header\"><h3 class='grid-entry-title entry-title '  itemprop=\"headline\" ><a href='https:\/\/www.powerdekorna.com\/fr\/portfolio-item\/noyer-solara-7069\/' title='Noyer Solara  |  7069'>Noyer Solara  |  7069<\/a><\/h3><\/header><\/div><footer class=\"entry-footer\"><\/footer><\/article><\/div><div data-ajax-id='15998' class=' grid-entry flex_column isotope-item all_sort no_margin post-entry post-entry-15998 grid-entry-overview grid-loop-9 grid-parity-odd  collection-neo-atelier_sort  av_one_sixth  default_av_fullwidth '><article class='main_color inner-entry'  itemscope=\"itemscope\" itemtype=\"https:\/\/schema.org\/CreativeWork\" ><a href=\"https:\/\/www.powerdekorna.com\/fr\/portfolio-item\/chene-victoria-7126\/\" title='Ch\u00eane Victoria  |  7126'  data-rel='grid-1' class='grid-image avia-hover-fx'> <img decoding=\"async\" width=\"260\" height=\"185\" src=\"https:\/\/www.powerdekorna.com\/wp-content\/uploads\/2025\/08\/7126-260x185.jpg\" class=\"wp-image-16006 avia-img-lazy-loading-not-16006 attachment-portfolio_small size-portfolio_small wp-post-image\" alt=\"\" \/><\/a><div class='grid-content'><div class='avia-arrow'><\/div><header class=\"entry-content-header\"><h3 class='grid-entry-title entry-title '  itemprop=\"headline\" ><a href='https:\/\/www.powerdekorna.com\/fr\/portfolio-item\/chene-victoria-7126\/' title='Ch\u00eane Victoria  |  7126'>Ch\u00eane Victoria  |  7126<\/a><\/h3><\/header><\/div><footer class=\"entry-footer\"><\/footer><\/article><\/div><div data-ajax-id='16009' class=' grid-entry flex_column isotope-item all_sort no_margin post-entry post-entry-16009 grid-entry-overview grid-loop-10 grid-parity-even  post-entry-last  collection-neo-atelier_sort  av_one_sixth  default_av_fullwidth '><article class='main_color inner-entry'  itemscope=\"itemscope\" itemtype=\"https:\/\/schema.org\/CreativeWork\" ><a href=\"https:\/\/www.powerdekorna.com\/fr\/portfolio-item\/acacia-epice-7054\/\" title='Acacia \u00c9pic\u00e9  |  7054'  data-rel='grid-1' class='grid-image avia-hover-fx'> <img decoding=\"async\" width=\"260\" height=\"185\" src=\"https:\/\/www.powerdekorna.com\/wp-content\/uploads\/2025\/08\/7054-260x185.jpg\" class=\"wp-image-16015 avia-img-lazy-loading-not-16015 attachment-portfolio_small size-portfolio_small wp-post-image\" alt=\"\" \/><\/a><div class='grid-content'><div class='avia-arrow'><\/div><header class=\"entry-content-header\"><h3 class='grid-entry-title entry-title '  itemprop=\"headline\" ><a href='https:\/\/www.powerdekorna.com\/fr\/portfolio-item\/acacia-epice-7054\/' title='Acacia \u00c9pic\u00e9  |  7054'>Acacia \u00c9pic\u00e9  |  7054<\/a><\/h3><\/header><\/div><footer class=\"entry-footer\"><\/footer><\/article><\/div><\/div><\/p><\/div>\n\n<style type=\"text\/css\" data-created_by=\"avia_inline_auto\" id=\"style-css-av-l2qbhb-4a1a4b66f3acf59bb5830d6a816d8ada\">\n#top .av-special-heading.av-l2qbhb-4a1a4b66f3acf59bb5830d6a816d8ada{\npadding-bottom:19px;\ncolor:#494949;\n}\nbody .av-special-heading.av-l2qbhb-4a1a4b66f3acf59bb5830d6a816d8ada .av-special-heading-tag .heading-char{\nfont-size:25px;\n}\n#top #wrap_all .av-special-heading.av-l2qbhb-4a1a4b66f3acf59bb5830d6a816d8ada .av-special-heading-tag{\npadding:30px 0 0 0;\n}\n.av-special-heading.av-l2qbhb-4a1a4b66f3acf59bb5830d6a816d8ada .special-heading-inner-border{\nborder-color:#494949;\n}\n.av-special-heading.av-l2qbhb-4a1a4b66f3acf59bb5830d6a816d8ada .av-subheading{\nfont-size:15px;\n}\n<\/style>\n<div  class='av-special-heading av-l2qbhb-4a1a4b66f3acf59bb5830d6a816d8ada av-special-heading-h3 custom-color-heading blockquote modern-quote  avia-builder-el-4  el_after_av_one_full  el_before_av_hr '><h3 class='av-special-heading-tag'  itemprop=\"headline\"  >Vous pouvez \u00e9galement \u00eatre int\u00e9ress\u00e9 par<\/h3><div class=\"special-heading-border\"><div class=\"special-heading-inner-border\"><\/div><\/div><\/div>\n\n<style type=\"text\/css\" data-created_by=\"avia_inline_auto\" id=\"style-css-av-jnswe7-a228a2ff45091ccabb58b59d5cf51c77\">\n#top .hr.hr-invisible.av-jnswe7-a228a2ff45091ccabb58b59d5cf51c77{\nheight:10px;\n}\n<\/style>\n<div  class='hr av-jnswe7-a228a2ff45091ccabb58b59d5cf51c77 hr-invisible  avia-builder-el-5  el_after_av_heading  el_before_av_one_fourth '><span class='hr-inner '><span class=\"hr-inner-style\"><\/span><\/span><\/div>\n\n<style type=\"text\/css\" data-created_by=\"avia_inline_auto\" id=\"style-css-av-i4lswf-91bcce0e5c5ac4e6f9277c21b72554d9\">\n.flex_column.av-i4lswf-91bcce0e5c5ac4e6f9277c21b72554d9{\n-webkit-border-radius:0px 0px 0px 0px;\n-moz-border-radius:0px 0px 0px 0px;\nborder-radius:0px 0px 0px 0px;\npadding:0px 0px 0px 0px;\n}\n<\/style>\n<div class='flex_column av-i4lswf-91bcce0e5c5ac4e6f9277c21b72554d9 av_one_fourth  avia-builder-el-6  el_after_av_hr  el_before_av_one_fourth  first flex_column_div av-zero-column-padding '     ><style type=\"text\/css\" data-created_by=\"avia_inline_auto\" id=\"style-css-av-g69frz-0609dbecdc8acbb21c7c22b4e6130005\">\n.avia-image-container.av-g69frz-0609dbecdc8acbb21c7c22b4e6130005 img.avia_image{\nbox-shadow:none;\n}\n.avia-image-container.av-g69frz-0609dbecdc8acbb21c7c22b4e6130005 .av-caption-image-overlay-bg{\nopacity:0.2;\nbackground-color:#000000;\n}\n.avia-image-container.av-g69frz-0609dbecdc8acbb21c7c22b4e6130005 .av-image-caption-overlay-center{\ncolor:#ffffff;\nfont-size:14px;\n}\n<\/style>\n<div  class='avia-image-container av-g69frz-0609dbecdc8acbb21c7c22b4e6130005 av-styling- av-hover-grow avia-align-center  avia-builder-el-7  avia-builder-el-no-sibling  noHover av-overlay-hover-deactivate'   itemprop=\"image\" itemscope=\"itemscope\" itemtype=\"https:\/\/schema.org\/ImageObject\" ><div class=\"avia-image-container-inner\"><div class=\"avia-image-overlay-wrap\"><a href=\"https:\/\/www.powerdekorna.com\/fr\/serie-endura-r\/\" class='avia_image' ><div class=\"av-image-caption-overlay\"><div class=\"av-caption-image-overlay-bg\"><\/div><div class=\"av-image-caption-overlay-position\"><div class=\"av-image-caption-overlay-center\"><p>S\u00e9rie Endura-R<\/p>\n<\/div><\/div><\/div><img decoding=\"async\" class='wp-image-14246 avia-img-lazy-loading-not-14246 avia_image ' src=\"https:\/\/www.powerdekorna.com\/wp-content\/uploads\/2024\/08\/R-Collectios-355x300-Fr-1-300x253.png\" alt='' title='Endura R'  height=\"253\" width=\"300\"  itemprop=\"thumbnailUrl\" srcset=\"https:\/\/www.powerdekorna.com\/wp-content\/uploads\/2024\/08\/R-Collectios-355x300-Fr-1-300x253.png 300w, https:\/\/www.powerdekorna.com\/wp-content\/uploads\/2024\/08\/R-Collectios-355x300-Fr-1-80x68.png 80w, https:\/\/www.powerdekorna.com\/wp-content\/uploads\/2024\/08\/R-Collectios-355x300-Fr-1-768x649.png 768w, https:\/\/www.powerdekorna.com\/wp-content\/uploads\/2024\/08\/R-Collectios-355x300-Fr-1-705x595.png 705w, https:\/\/www.powerdekorna.com\/wp-content\/uploads\/2024\/08\/R-Collectios-355x300-Fr-1.png 1480w\" sizes=\"(max-width: 300px) 100vw, 300px\" \/><\/a><\/div><\/div><\/div><\/div>\n\n<style type=\"text\/css\" data-created_by=\"avia_inline_auto\" id=\"style-css-av-yxbjkh-a84ab99b3003dd4fbdd42d459d697015\">\n.flex_column.av-yxbjkh-a84ab99b3003dd4fbdd42d459d697015{\n-webkit-border-radius:0px 0px 0px 0px;\n-moz-border-radius:0px 0px 0px 0px;\nborder-radius:0px 0px 0px 0px;\npadding:0px 0px 0px 0px;\n}\n<\/style>\n<div class='flex_column av-yxbjkh-a84ab99b3003dd4fbdd42d459d697015 av_one_fourth  avia-builder-el-8  el_after_av_one_fourth  el_before_av_hr  flex_column_div av-zero-column-padding '     ><style type=\"text\/css\" data-created_by=\"avia_inline_auto\" id=\"style-css-av-p49hu9-2352ca8fabb26f80b83dcce2cddd08b0\">\n.avia-image-container.av-p49hu9-2352ca8fabb26f80b83dcce2cddd08b0 img.avia_image{\nbox-shadow:none;\n}\n.avia-image-container.av-p49hu9-2352ca8fabb26f80b83dcce2cddd08b0 .av-caption-image-overlay-bg{\nopacity:0.2;\nbackground-color:#000000;\n}\n.avia-image-container.av-p49hu9-2352ca8fabb26f80b83dcce2cddd08b0 .av-image-caption-overlay-center{\ncolor:#ffffff;\nfont-size:14px;\n}\n<\/style>\n<div  class='avia-image-container av-p49hu9-2352ca8fabb26f80b83dcce2cddd08b0 av-styling- av-hover-grow avia-align-center  avia-builder-el-9  avia-builder-el-no-sibling  noHover av-overlay-hover-deactivate'   itemprop=\"image\" itemscope=\"itemscope\" itemtype=\"https:\/\/schema.org\/ImageObject\" ><div class=\"avia-image-container-inner\"><div class=\"avia-image-overlay-wrap\"><a href=\"https:\/\/www.powerdekorna.com\/fr\/collection-endurakrs\/\" class='avia_image' ><div class=\"av-image-caption-overlay\"><div class=\"av-caption-image-overlay-bg\"><\/div><div class=\"av-image-caption-overlay-position\"><div class=\"av-image-caption-overlay-center\"><p>S\u00e9rie Endura-KRS<\/p>\n<\/div><\/div><\/div><img decoding=\"async\" class='wp-image-9113 avia-img-lazy-loading-not-9113 avia_image ' src=\"https:\/\/www.powerdekorna.com\/wp-content\/uploads\/2022\/06\/Endura-KRS-collectios-Fr_355x300_150px_V3-300x254.gif\" alt='' title='Endura-KRS-collectios-Fr_355x300_150px_V3'  height=\"254\" width=\"300\"  itemprop=\"thumbnailUrl\" srcset=\"https:\/\/www.powerdekorna.com\/wp-content\/uploads\/2022\/06\/Endura-KRS-collectios-Fr_355x300_150px_V3-300x254.gif 300w, https:\/\/www.powerdekorna.com\/wp-content\/uploads\/2022\/06\/Endura-KRS-collectios-Fr_355x300_150px_V3-80x68.gif 80w\" sizes=\"(max-width: 300px) 100vw, 300px\" \/><\/a><\/div><\/div><\/div><\/div>\n\n<style type=\"text\/css\" data-created_by=\"avia_inline_auto\" id=\"style-css-av-4n8len-27436d5d9b19768c158c6c96d2773fe7\">\n#top .hr.hr-invisible.av-4n8len-27436d5d9b19768c158c6c96d2773fe7{\nheight:5px;\n}\n<\/style>\n<div  class='hr av-4n8len-27436d5d9b19768c158c6c96d2773fe7 hr-invisible  avia-builder-el-10  el_after_av_one_fourth  el_before_av_textblock '><span class='hr-inner '><span class=\"hr-inner-style\"><\/span><\/span><\/div>\n<section  class='av_textblock_section av-30a1db-6fff051e6a804dd10531781c01372426'  itemscope=\"itemscope\" itemtype=\"https:\/\/schema.org\/CreativeWork\" ><div class='avia_textblock'  itemprop=\"text\" ><p style=\"text-align: right;\">&lt; <span style=\"text-decoration: underline;\"><a href=\"https:\/\/www.powerdekorna.com\/fr\/#noscollections\">&lt; Retour aux collections<\/a><\/span><\/p>\n<\/div><\/section>\n","protected":false},"excerpt":{"rendered":"","protected":false},"author":1,"featured_media":0,"parent":0,"menu_order":3,"comment_status":"closed","ping_status":"closed","template":"","meta":{"footnotes":""},"class_list":["post-15889","page","type-page","status-publish","hentry"],"_links":{"self":[{"href":"https:\/\/www.powerdekorna.com\/fr\/wp-json\/wp\/v2\/pages\/15889"}],"collection":[{"href":"https:\/\/www.powerdekorna.com\/fr\/wp-json\/wp\/v2\/pages"}],"about":[{"href":"https:\/\/www.powerdekorna.com\/fr\/wp-json\/wp\/v2\/types\/page"}],"author":[{"embeddable":true,"href":"https:\/\/www.powerdekorna.com\/fr\/wp-json\/wp\/v2\/users\/1"}],"replies":[{"embeddable":true,"href":"https:\/\/www.powerdekorna.com\/fr\/wp-json\/wp\/v2\/comments?post=15889"}],"version-history":[{"count":8,"href":"https:\/\/www.powerdekorna.com\/fr\/wp-json\/wp\/v2\/pages\/15889\/revisions"}],"predecessor-version":[{"id":16268,"href":"https:\/\/www.powerdekorna.com\/fr\/wp-json\/wp\/v2\/pages\/15889\/revisions\/16268"}],"wp:attachment":[{"href":"https:\/\/www.powerdekorna.com\/fr\/wp-json\/wp\/v2\/media?parent=15889"}],"curies":[{"name":"wp","href":"https:\/\/api.w.org\/{rel}","templated":true}]}}