{"id":15269,"date":"2025-08-11T17:47:45","date_gmt":"2025-08-11T21:47:45","guid":{"rendered":"https:\/\/www.powerdekorna.com\/?page_id=15269"},"modified":"2025-08-11T18:14:17","modified_gmt":"2025-08-11T22:14:17","slug":"serie-endura-e","status":"publish","type":"page","link":"https:\/\/www.powerdekorna.com\/fr\/serie-endura-e\/","title":{"rendered":"S\u00e9rie Endura-E"},"content":{"rendered":"<div class='flex_column av-rraigf-b05d527c21c8eb4330950260b876e04a av_one_full  avia-builder-el-0  el_before_av_heading  avia-builder-el-first  first flex_column_div '     ><p><div  class='avia-slideshow av-l9g390ea-15b362677592a2ca8e196351a6aaf83c avia-slideshow-no scaling av_slideshow avia-slide-slider  avia-builder-el-1  el_before_av_hr  avia-builder-el-first  av-slideshow-ui av-control-default av-slideshow-autoplay av-loop-endless av-loop-manual-endless av-default-height-applied avia-slideshow-1' data-slideshow-options=\"{&quot;animation&quot;:&quot;slide&quot;,&quot;autoplay&quot;:true,&quot;loop_autoplay&quot;:&quot;endless&quot;,&quot;interval&quot;:5,&quot;loop_manual&quot;:&quot;manual-endless&quot;,&quot;autoplay_stopper&quot;:false,&quot;noNavigation&quot;:false,&quot;bg_slider&quot;:false,&quot;keep_padding&quot;:false,&quot;hoverpause&quot;:false,&quot;show_slide_delay&quot;:0}\"  itemprop=\"image\" itemscope=\"itemscope\" itemtype=\"https:\/\/schema.org\/ImageObject\" ><ul class='avia-slideshow-inner ' style='padding-bottom: 35.541451804839%;'><li  class='avia-slideshow-slide av-l9g390ea-15b362677592a2ca8e196351a6aaf83c__0  av-single-slide slide-1 slide-odd'><div data-rel='slideshow-1' class='avia-slide-wrap '   ><img decoding=\"async\" class=\"wp-image-15807 avia-img-lazy-loading-not-15807\"  src=\"https:\/\/www.powerdekorna.com\/wp-content\/uploads\/2025\/08\/ENDURA-E-Collection-Banner-1210x430-V3-02.png\" width=\"5042\" height=\"1792\" title='ENDURA E Collection Banner 1210x430 V3-02' alt=''  itemprop=\"thumbnailUrl\" srcset=\"https:\/\/www.powerdekorna.com\/wp-content\/uploads\/2025\/08\/ENDURA-E-Collection-Banner-1210x430-V3-02.png 5042w, https:\/\/www.powerdekorna.com\/wp-content\/uploads\/2025\/08\/ENDURA-E-Collection-Banner-1210x430-V3-02-300x107.png 300w, https:\/\/www.powerdekorna.com\/wp-content\/uploads\/2025\/08\/ENDURA-E-Collection-Banner-1210x430-V3-02-80x28.png 80w, https:\/\/www.powerdekorna.com\/wp-content\/uploads\/2025\/08\/ENDURA-E-Collection-Banner-1210x430-V3-02-768x273.png 768w, https:\/\/www.powerdekorna.com\/wp-content\/uploads\/2025\/08\/ENDURA-E-Collection-Banner-1210x430-V3-02-1536x546.png 1536w, https:\/\/www.powerdekorna.com\/wp-content\/uploads\/2025\/08\/ENDURA-E-Collection-Banner-1210x430-V3-02-2048x728.png 2048w, https:\/\/www.powerdekorna.com\/wp-content\/uploads\/2025\/08\/ENDURA-E-Collection-Banner-1210x430-V3-02-1500x533.png 1500w, https:\/\/www.powerdekorna.com\/wp-content\/uploads\/2025\/08\/ENDURA-E-Collection-Banner-1210x430-V3-02-705x251.png 705w\" sizes=\"(max-width: 5042px) 100vw, 5042px\" \/><\/div><\/li><\/ul><\/div><br \/>\n<div  class='hr av-nzltov-2924c48ee33f652ed3647b92bd056717 hr-short  avia-builder-el-2  el_after_av_slideshow  el_before_av_portfolio  avia-builder-el-last  hr-center'><span class='hr-inner '><span class=\"hr-inner-style\"><\/span><\/span><\/div><br \/>\n<div class='portfolio_preview_container ' data-portfolio-id='1'>\n\t\t\t\t\t\t\t\t<div class='ajax_controlls iconfont'>\n\t\t\t\t\t\t\t\t\t<a href='#prev' class='ajax_previous' \taria-hidden='true' data-av_icon='\ue878' data-av_iconfont='entypo-fontello'><\/a>\n\t\t\t\t\t\t\t\t\t<a href='#next' class='ajax_next'\t\taria-hidden='true' data-av_icon='\ue879' data-av_iconfont='entypo-fontello'><\/a>\n\t\t\t\t\t\t\t\t\t<a class='avia_close' href='#close'\t\taria-hidden='true' data-av_icon='\ue814' data-av_iconfont='entypo-fontello'><\/a>\n\t\t\t\t\t\t\t\t<\/div>\n\t\t\t\t\t\t\t\t<div class='portfolio-details-inner'><\/div>\n\t\t\t\t\t\t\t<\/div><div  id=\"av-sc-portfolio-1\"  class=' grid-sort-container isotope   no_margin-container with-title-container grid-total-even grid-col-6 grid-links-ajax' data-portfolio-id='1'><div data-ajax-id='15841' class=' grid-entry flex_column isotope-item all_sort no_margin post-entry post-entry-15841 grid-entry-overview grid-loop-1 grid-parity-odd  collection-e_sort  av_one_sixth first default_av_fullwidth '><article class='main_color inner-entry'  itemscope=\"itemscope\" itemtype=\"https:\/\/schema.org\/CreativeWork\" ><a href=\"https:\/\/www.powerdekorna.com\/fr\/portfolio-item\/chene-eternel-6651\/\" title='Ch\u00eane \u00c9ternel  |  6651'  data-rel='grid-1' class='grid-image avia-hover-fx'> <img decoding=\"async\" width=\"260\" height=\"185\" src=\"https:\/\/www.powerdekorna.com\/wp-content\/uploads\/2025\/08\/6651-260x185.jpg\" class=\"wp-image-15829 avia-img-lazy-loading-not-15829 attachment-portfolio_small size-portfolio_small wp-post-image\" alt=\"\" \/><\/a><div class='grid-content'><div class='avia-arrow'><\/div><header class=\"entry-content-header\"><h3 class='grid-entry-title entry-title '  itemprop=\"headline\" ><a href='https:\/\/www.powerdekorna.com\/fr\/portfolio-item\/chene-eternel-6651\/' title='Ch\u00eane \u00c9ternel  |  6651'>Ch\u00eane \u00c9ternel  |  6651<\/a><\/h3><\/header><\/div><footer class=\"entry-footer\"><\/footer><\/article><\/div><div data-ajax-id='15812' class=' grid-entry flex_column isotope-item all_sort no_margin post-entry post-entry-15812 grid-entry-overview grid-loop-2 grid-parity-even  post-entry-last  collection-e_sort  av_one_sixth  default_av_fullwidth '><article class='main_color inner-entry'  itemscope=\"itemscope\" itemtype=\"https:\/\/schema.org\/CreativeWork\" ><a href=\"https:\/\/www.powerdekorna.com\/fr\/portfolio-item\/hickory-sunrise-6650\/\" title='Hickory Sunrise | 6650'  data-rel='grid-1' class='grid-image avia-hover-fx'> <img decoding=\"async\" width=\"260\" height=\"185\" src=\"https:\/\/www.powerdekorna.com\/wp-content\/uploads\/2025\/08\/6650-2-260x185.jpg\" class=\"wp-image-15821 avia-img-lazy-loading-not-15821 attachment-portfolio_small size-portfolio_small wp-post-image\" alt=\"\" \/><\/a><div class='grid-content'><div class='avia-arrow'><\/div><header class=\"entry-content-header\"><h3 class='grid-entry-title entry-title '  itemprop=\"headline\" ><a href='https:\/\/www.powerdekorna.com\/fr\/portfolio-item\/hickory-sunrise-6650\/' title='Hickory Sunrise | 6650'>Hickory Sunrise | 6650<\/a><\/h3><\/header><\/div><footer class=\"entry-footer\"><\/footer><\/article><\/div><\/div><br \/>\n\n<style type=\"text\/css\" data-created_by=\"avia_inline_auto\" id=\"style-css-av-rvbzyo-88b0e6b15eaf1c1c30af31c42f445f82\">\n#top .hr.hr-invisible.av-rvbzyo-88b0e6b15eaf1c1c30af31c42f445f82{\nheight:50px;\n}\n<\/style>\n<div  class='hr av-rvbzyo-88b0e6b15eaf1c1c30af31c42f445f82 hr-invisible  avia-builder-el-4  el_after_av_portfolio  avia-builder-el-no-sibling '><span class='hr-inner '><span class=\"hr-inner-style\"><\/span><\/span><\/div><\/p><\/div>\n\n<style type=\"text\/css\" data-created_by=\"avia_inline_auto\" id=\"style-css-av-l2qbhb-4a1a4b66f3acf59bb5830d6a816d8ada\">\n#top .av-special-heading.av-l2qbhb-4a1a4b66f3acf59bb5830d6a816d8ada{\npadding-bottom:19px;\ncolor:#494949;\n}\nbody .av-special-heading.av-l2qbhb-4a1a4b66f3acf59bb5830d6a816d8ada .av-special-heading-tag .heading-char{\nfont-size:25px;\n}\n#top #wrap_all .av-special-heading.av-l2qbhb-4a1a4b66f3acf59bb5830d6a816d8ada .av-special-heading-tag{\npadding:30px 0 0 0;\n}\n.av-special-heading.av-l2qbhb-4a1a4b66f3acf59bb5830d6a816d8ada .special-heading-inner-border{\nborder-color:#494949;\n}\n.av-special-heading.av-l2qbhb-4a1a4b66f3acf59bb5830d6a816d8ada .av-subheading{\nfont-size:15px;\n}\n<\/style>\n<div  class='av-special-heading av-l2qbhb-4a1a4b66f3acf59bb5830d6a816d8ada av-special-heading-h3 custom-color-heading blockquote modern-quote  avia-builder-el-5  el_after_av_one_full  el_before_av_hr '><h3 class='av-special-heading-tag'  itemprop=\"headline\"  >Vous pouvez \u00e9galement \u00eatre int\u00e9ress\u00e9 par<\/h3><div class=\"special-heading-border\"><div class=\"special-heading-inner-border\"><\/div><\/div><\/div>\n\n<style type=\"text\/css\" data-created_by=\"avia_inline_auto\" id=\"style-css-av-jnswe7-a228a2ff45091ccabb58b59d5cf51c77\">\n#top .hr.hr-invisible.av-jnswe7-a228a2ff45091ccabb58b59d5cf51c77{\nheight:10px;\n}\n<\/style>\n<div  class='hr av-jnswe7-a228a2ff45091ccabb58b59d5cf51c77 hr-invisible  avia-builder-el-6  el_after_av_heading  el_before_av_one_fourth '><span class='hr-inner '><span class=\"hr-inner-style\"><\/span><\/span><\/div>\n\n<style type=\"text\/css\" data-created_by=\"avia_inline_auto\" id=\"style-css-av-i4lswf-91bcce0e5c5ac4e6f9277c21b72554d9\">\n.flex_column.av-i4lswf-91bcce0e5c5ac4e6f9277c21b72554d9{\n-webkit-border-radius:0px 0px 0px 0px;\n-moz-border-radius:0px 0px 0px 0px;\nborder-radius:0px 0px 0px 0px;\npadding:0px 0px 0px 0px;\n}\n<\/style>\n<div class='flex_column av-i4lswf-91bcce0e5c5ac4e6f9277c21b72554d9 av_one_fourth  avia-builder-el-7  el_after_av_hr  el_before_av_one_fourth  first flex_column_div av-zero-column-padding '     ><style type=\"text\/css\" data-created_by=\"avia_inline_auto\" id=\"style-css-av-g69frz-6050e8daac22a61e35ad6954f317c5d9\">\n.avia-image-container.av-g69frz-6050e8daac22a61e35ad6954f317c5d9 img.avia_image{\nbox-shadow:none;\n}\n.avia-image-container.av-g69frz-6050e8daac22a61e35ad6954f317c5d9 .av-caption-image-overlay-bg{\nopacity:0.2;\nbackground-color:#000000;\n}\n.avia-image-container.av-g69frz-6050e8daac22a61e35ad6954f317c5d9 .av-image-caption-overlay-center{\ncolor:#ffffff;\nfont-size:14px;\n}\n<\/style>\n<div  class='avia-image-container av-g69frz-6050e8daac22a61e35ad6954f317c5d9 av-styling- av-hover-grow avia-align-center  avia-builder-el-8  avia-builder-el-no-sibling  noHover av-overlay-hover-deactivate'   itemprop=\"image\" itemscope=\"itemscope\" itemtype=\"https:\/\/schema.org\/ImageObject\" ><div class=\"avia-image-container-inner\"><div class=\"avia-image-overlay-wrap\"><a href=\"https:\/\/www.powerdekorna.com\/fr\/luxora\/\" class='avia_image' ><div class=\"av-image-caption-overlay\"><div class=\"av-caption-image-overlay-bg\"><\/div><div class=\"av-image-caption-overlay-position\"><div class=\"av-image-caption-overlay-center\"><p>Luxora<\/p>\n<\/div><\/div><\/div><img decoding=\"async\" class='wp-image-15490 avia-img-lazy-loading-not-15490 avia_image ' src=\"https:\/\/www.powerdekorna.com\/wp-content\/uploads\/2025\/07\/Luxora-Fr-355x300-1-300x253.png\" alt='' title='Luxora Fr 355x300'  height=\"253\" width=\"300\"  itemprop=\"thumbnailUrl\" srcset=\"https:\/\/www.powerdekorna.com\/wp-content\/uploads\/2025\/07\/Luxora-Fr-355x300-1-300x253.png 300w, https:\/\/www.powerdekorna.com\/wp-content\/uploads\/2025\/07\/Luxora-Fr-355x300-1-80x68.png 80w, https:\/\/www.powerdekorna.com\/wp-content\/uploads\/2025\/07\/Luxora-Fr-355x300-1-768x649.png 768w, https:\/\/www.powerdekorna.com\/wp-content\/uploads\/2025\/07\/Luxora-Fr-355x300-1-705x595.png 705w, https:\/\/www.powerdekorna.com\/wp-content\/uploads\/2025\/07\/Luxora-Fr-355x300-1.png 1480w\" sizes=\"(max-width: 300px) 100vw, 300px\" \/><\/a><\/div><\/div><\/div><\/div>\n<style type=\"text\/css\" data-created_by=\"avia_inline_auto\" id=\"style-css-av-av_one_fourth-e671fab5613f317ef63eb9ab712c64a3\">\n.flex_column.av-av_one_fourth-e671fab5613f317ef63eb9ab712c64a3{\n-webkit-border-radius:0px 0px 0px 0px;\n-moz-border-radius:0px 0px 0px 0px;\nborder-radius:0px 0px 0px 0px;\npadding:0px 0px 0px 0px;\n}\n<\/style>\n<div class='flex_column av-av_one_fourth-e671fab5613f317ef63eb9ab712c64a3 av_one_fourth  avia-builder-el-9  el_after_av_one_fourth  el_before_av_one_fourth  flex_column_div av-zero-column-padding '     ><style type=\"text\/css\" data-created_by=\"avia_inline_auto\" id=\"style-css-av-me7o5x07-a44a542904486cb1c32a41ce13ec2607\">\n.avia-image-container.av-me7o5x07-a44a542904486cb1c32a41ce13ec2607 img.avia_image{\nbox-shadow:none;\n}\n.avia-image-container.av-me7o5x07-a44a542904486cb1c32a41ce13ec2607 .av-caption-image-overlay-bg{\nopacity:0.2;\nbackground-color:#000000;\n}\n.avia-image-container.av-me7o5x07-a44a542904486cb1c32a41ce13ec2607 .av-image-caption-overlay-center{\ncolor:#ffffff;\nfont-size:14px;\n}\n<\/style>\n<div  class='avia-image-container av-me7o5x07-a44a542904486cb1c32a41ce13ec2607 av-styling- av-hover-grow avia-align-center  avia-builder-el-10  avia-builder-el-no-sibling  noHover av-overlay-hover-deactivate'   itemprop=\"image\" itemscope=\"itemscope\" itemtype=\"https:\/\/schema.org\/ImageObject\" ><div class=\"avia-image-container-inner\"><div class=\"avia-image-overlay-wrap\"><a href=\"https:\/\/www.powerdekorna.com\/fr\/serie-endura-o\/\" class='avia_image' ><div class=\"av-image-caption-overlay\"><div class=\"av-caption-image-overlay-bg\"><\/div><div class=\"av-image-caption-overlay-position\"><div class=\"av-image-caption-overlay-center\"><p>S\u00e9rie Endura-O<\/p>\n<\/div><\/div><\/div><img decoding=\"async\" class='wp-image-15090 avia-img-lazy-loading-not-15090 avia_image ' src=\"https:\/\/www.powerdekorna.com\/wp-content\/uploads\/2024\/12\/O-Collection-355x300-Fr-300x254.jpg\" alt='' title='O Collection'  height=\"254\" width=\"300\"  itemprop=\"thumbnailUrl\" srcset=\"https:\/\/www.powerdekorna.com\/wp-content\/uploads\/2024\/12\/O-Collection-355x300-Fr-300x254.jpg 300w, https:\/\/www.powerdekorna.com\/wp-content\/uploads\/2024\/12\/O-Collection-355x300-Fr-80x68.jpg 80w, https:\/\/www.powerdekorna.com\/wp-content\/uploads\/2024\/12\/O-Collection-355x300-Fr-768x649.jpg 768w, https:\/\/www.powerdekorna.com\/wp-content\/uploads\/2024\/12\/O-Collection-355x300-Fr-705x596.jpg 705w, https:\/\/www.powerdekorna.com\/wp-content\/uploads\/2024\/12\/O-Collection-355x300-Fr.jpg 1479w\" sizes=\"(max-width: 300px) 100vw, 300px\" \/><\/a><\/div><\/div><\/div><\/div>\n<style type=\"text\/css\" data-created_by=\"avia_inline_auto\" id=\"style-css-av-av_one_fourth-e671fab5613f317ef63eb9ab712c64a3\">\n.flex_column.av-av_one_fourth-e671fab5613f317ef63eb9ab712c64a3{\n-webkit-border-radius:0px 0px 0px 0px;\n-moz-border-radius:0px 0px 0px 0px;\nborder-radius:0px 0px 0px 0px;\npadding:0px 0px 0px 0px;\n}\n<\/style>\n<div class='flex_column av-av_one_fourth-e671fab5613f317ef63eb9ab712c64a3 av_one_fourth  avia-builder-el-11  el_after_av_one_fourth  el_before_av_one_fourth  flex_column_div av-zero-column-padding '     ><style type=\"text\/css\" data-created_by=\"avia_inline_auto\" id=\"style-css-av-av_image-029352b4873a55a4e512080c9f034e73\">\n.avia-image-container.av-av_image-029352b4873a55a4e512080c9f034e73 img.avia_image{\nbox-shadow:none;\n}\n.avia-image-container.av-av_image-029352b4873a55a4e512080c9f034e73 .av-caption-image-overlay-bg{\nopacity:0.2;\nbackground-color:#000000;\n}\n.avia-image-container.av-av_image-029352b4873a55a4e512080c9f034e73 .av-image-caption-overlay-center{\ncolor:#ffffff;\nfont-size:14px;\n}\n<\/style>\n<div  class='avia-image-container av-av_image-029352b4873a55a4e512080c9f034e73 av-styling- av-hover-grow avia-align-center  avia-builder-el-12  avia-builder-el-no-sibling  noHover av-overlay-hover-deactivate'   itemprop=\"image\" itemscope=\"itemscope\" itemtype=\"https:\/\/schema.org\/ImageObject\" ><div class=\"avia-image-container-inner\"><div class=\"avia-image-overlay-wrap\"><a href=\"https:\/\/www.powerdekorna.com\/fr\/collection-enduraks\/\" class='avia_image' ><div class=\"av-image-caption-overlay\"><div class=\"av-caption-image-overlay-bg\"><\/div><div class=\"av-image-caption-overlay-position\"><div class=\"av-image-caption-overlay-center\"><p>S\u00e9rie Endura-KS<\/p>\n<\/div><\/div><\/div><img decoding=\"async\" class='wp-image-11633 avia-img-lazy-loading-not-11633 avia_image ' src=\"https:\/\/www.powerdekorna.com\/wp-content\/uploads\/2023\/05\/Endura-KS-Fr-355x300_150px-300x253.jpg\" alt='' title='Endura KS'  height=\"253\" width=\"300\"  itemprop=\"thumbnailUrl\" srcset=\"https:\/\/www.powerdekorna.com\/wp-content\/uploads\/2023\/05\/Endura-KS-Fr-355x300_150px-300x253.jpg 300w, https:\/\/www.powerdekorna.com\/wp-content\/uploads\/2023\/05\/Endura-KS-Fr-355x300_150px-80x68.jpg 80w, https:\/\/www.powerdekorna.com\/wp-content\/uploads\/2023\/05\/Endura-KS-Fr-355x300_150px-705x595.jpg 705w, https:\/\/www.powerdekorna.com\/wp-content\/uploads\/2023\/05\/Endura-KS-Fr-355x300_150px.jpg 740w\" sizes=\"(max-width: 300px) 100vw, 300px\" \/><\/a><\/div><\/div><\/div><\/div><\/p>\n\n<style type=\"text\/css\" data-created_by=\"avia_inline_auto\" id=\"style-css-av-19bzlm8-0bbf888bf71305694921aa09ff7d326e\">\n.flex_column.av-19bzlm8-0bbf888bf71305694921aa09ff7d326e{\n-webkit-border-radius:0px 0px 0px 0px;\n-moz-border-radius:0px 0px 0px 0px;\nborder-radius:0px 0px 0px 0px;\npadding:0px 0px 0px 0px;\n}\n<\/style>\n<div class='flex_column av-19bzlm8-0bbf888bf71305694921aa09ff7d326e av_one_fourth  avia-builder-el-13  el_after_av_one_fourth  el_before_av_one_fourth  flex_column_div av-zero-column-padding '     ><style type=\"text\/css\" data-created_by=\"avia_inline_auto\" id=\"style-css-av-r50n0w-895aedec30ed117cedbcd0f9e1aee2b2\">\n.avia-image-container.av-r50n0w-895aedec30ed117cedbcd0f9e1aee2b2 img.avia_image{\nbox-shadow:none;\n}\n.avia-image-container.av-r50n0w-895aedec30ed117cedbcd0f9e1aee2b2 .av-caption-image-overlay-bg{\nopacity:0.2;\nbackground-color:#000000;\n}\n.avia-image-container.av-r50n0w-895aedec30ed117cedbcd0f9e1aee2b2 .av-image-caption-overlay-center{\ncolor:#ffffff;\nfont-size:14px;\n}\n<\/style>\n<div  class='avia-image-container av-r50n0w-895aedec30ed117cedbcd0f9e1aee2b2 av-styling- av-hover-grow avia-align-center  avia-builder-el-14  avia-builder-el-no-sibling  noHover av-overlay-hover-deactivate'   itemprop=\"image\" itemscope=\"itemscope\" itemtype=\"https:\/\/schema.org\/ImageObject\" ><div class=\"avia-image-container-inner\"><div class=\"avia-image-overlay-wrap\"><a href=\"https:\/\/www.powerdekorna.com\/fr\/endura-collection\/\" class='avia_image' ><div class=\"av-image-caption-overlay\"><div class=\"av-caption-image-overlay-bg\"><\/div><div class=\"av-image-caption-overlay-position\"><div class=\"av-image-caption-overlay-center\"><p>S\u00e9rie Endura-K<\/p>\n<\/div><\/div><\/div><img decoding=\"async\" class='wp-image-9109 avia-img-lazy-loading-not-9109 avia_image ' src=\"https:\/\/www.powerdekorna.com\/wp-content\/uploads\/2022\/06\/Endura-K-collectios-Fr_355x300_150px_V3-300x254.gif\" alt='' title='Endura-K-collectios-Fr_355x300_150px_V3'  height=\"254\" width=\"300\"  itemprop=\"thumbnailUrl\" srcset=\"https:\/\/www.powerdekorna.com\/wp-content\/uploads\/2022\/06\/Endura-K-collectios-Fr_355x300_150px_V3-300x254.gif 300w, https:\/\/www.powerdekorna.com\/wp-content\/uploads\/2022\/06\/Endura-K-collectios-Fr_355x300_150px_V3-80x68.gif 80w\" sizes=\"(max-width: 300px) 100vw, 300px\" \/><\/a><\/div><\/div><\/div><\/div>\n\n<style type=\"text\/css\" data-created_by=\"avia_inline_auto\" id=\"style-css-av-49vf09-5bbfcbdd485872ed272b2134139f2869\">\n.flex_column.av-49vf09-5bbfcbdd485872ed272b2134139f2869{\n-webkit-border-radius:0px 0px 0px 0px;\n-moz-border-radius:0px 0px 0px 0px;\nborder-radius:0px 0px 0px 0px;\npadding:0px 0px 0px 0px;\n}\n<\/style>\n<div class='flex_column av-49vf09-5bbfcbdd485872ed272b2134139f2869 av_one_fourth  avia-builder-el-15  el_after_av_one_fourth  el_before_av_hr  first flex_column_div av-zero-column-padding column-top-margin'     ><style type=\"text\/css\" data-created_by=\"avia_inline_auto\" id=\"style-css-av-21lr89-21ee048302e9884eb09ea71fa0317b9d\">\n.avia-image-container.av-21lr89-21ee048302e9884eb09ea71fa0317b9d img.avia_image{\nbox-shadow:none;\n}\n.avia-image-container.av-21lr89-21ee048302e9884eb09ea71fa0317b9d .av-caption-image-overlay-bg{\nopacity:0.2;\nbackground-color:#000000;\n}\n.avia-image-container.av-21lr89-21ee048302e9884eb09ea71fa0317b9d .av-image-caption-overlay-center{\ncolor:#ffffff;\nfont-size:14px;\n}\n<\/style>\n<div  class='avia-image-container av-21lr89-21ee048302e9884eb09ea71fa0317b9d av-styling- av-hover-grow avia-align-center  avia-builder-el-16  avia-builder-el-no-sibling  noHover av-overlay-hover-deactivate'   itemprop=\"image\" itemscope=\"itemscope\" itemtype=\"https:\/\/schema.org\/ImageObject\" ><div class=\"avia-image-container-inner\"><div class=\"avia-image-overlay-wrap\"><a href=\"https:\/\/www.powerdekorna.com\/fr\/reaktions-collection\/\" class='avia_image' ><div class=\"av-image-caption-overlay\"><div class=\"av-caption-image-overlay-bg\"><\/div><div class=\"av-image-caption-overlay-position\"><div class=\"av-image-caption-overlay-center\"><p>Collection Reaktions<\/p>\n<\/div><\/div><\/div><img decoding=\"async\" class='wp-image-5884 avia-img-lazy-loading-not-5884 avia_image ' src=\"https:\/\/www.powerdekorna.com\/wp-content\/uploads\/2020\/03\/Reaktions-insert-300x254.jpg\" alt='' title='Reaktions-insert'  height=\"254\" width=\"300\"  itemprop=\"thumbnailUrl\" srcset=\"https:\/\/www.powerdekorna.com\/wp-content\/uploads\/2020\/03\/Reaktions-insert-300x254.jpg 300w, https:\/\/www.powerdekorna.com\/wp-content\/uploads\/2020\/03\/Reaktions-insert-80x68.jpg 80w, https:\/\/www.powerdekorna.com\/wp-content\/uploads\/2020\/03\/Reaktions-insert.jpg 355w\" sizes=\"(max-width: 300px) 100vw, 300px\" \/><\/a><\/div><\/div><\/div><\/div>\n\n<style type=\"text\/css\" data-created_by=\"avia_inline_auto\" id=\"style-css-av-4n8len-27436d5d9b19768c158c6c96d2773fe7\">\n#top .hr.hr-invisible.av-4n8len-27436d5d9b19768c158c6c96d2773fe7{\nheight:5px;\n}\n<\/style>\n<div  class='hr av-4n8len-27436d5d9b19768c158c6c96d2773fe7 hr-invisible  avia-builder-el-17  el_after_av_one_fourth  el_before_av_textblock '><span class='hr-inner '><span class=\"hr-inner-style\"><\/span><\/span><\/div>\n<section  class='av_textblock_section av-30a1db-6fff051e6a804dd10531781c01372426'  itemscope=\"itemscope\" itemtype=\"https:\/\/schema.org\/CreativeWork\" ><div class='avia_textblock'  itemprop=\"text\" ><p style=\"text-align: right;\">&lt; <span style=\"text-decoration: underline;\"><a href=\"https:\/\/www.powerdekorna.com\/fr\/#noscollections\">&lt; Retour aux collections<\/a><\/span><\/p>\n<\/div><\/section>\n","protected":false},"excerpt":{"rendered":"","protected":false},"author":1,"featured_media":0,"parent":0,"menu_order":3,"comment_status":"closed","ping_status":"closed","template":"","meta":{"footnotes":""},"class_list":["post-15269","page","type-page","status-publish","hentry"],"_links":{"self":[{"href":"https:\/\/www.powerdekorna.com\/fr\/wp-json\/wp\/v2\/pages\/15269"}],"collection":[{"href":"https:\/\/www.powerdekorna.com\/fr\/wp-json\/wp\/v2\/pages"}],"about":[{"href":"https:\/\/www.powerdekorna.com\/fr\/wp-json\/wp\/v2\/types\/page"}],"author":[{"embeddable":true,"href":"https:\/\/www.powerdekorna.com\/fr\/wp-json\/wp\/v2\/users\/1"}],"replies":[{"embeddable":true,"href":"https:\/\/www.powerdekorna.com\/fr\/wp-json\/wp\/v2\/comments?post=15269"}],"version-history":[{"count":7,"href":"https:\/\/www.powerdekorna.com\/fr\/wp-json\/wp\/v2\/pages\/15269\/revisions"}],"predecessor-version":[{"id":16096,"href":"https:\/\/www.powerdekorna.com\/fr\/wp-json\/wp\/v2\/pages\/15269\/revisions\/16096"}],"wp:attachment":[{"href":"https:\/\/www.powerdekorna.com\/fr\/wp-json\/wp\/v2\/media?parent=15269"}],"curies":[{"name":"wp","href":"https:\/\/api.w.org\/{rel}","templated":true}]}}