{"id":13419,"date":"2024-07-29T13:04:49","date_gmt":"2024-07-29T17:04:49","guid":{"rendered":"https:\/\/www.powerdekorna.com\/?page_id=13419"},"modified":"2025-09-18T22:37:56","modified_gmt":"2025-09-19T02:37:56","slug":"serie-endura-r","status":"publish","type":"page","link":"https:\/\/www.powerdekorna.com\/fr\/serie-endura-r\/","title":{"rendered":"S\u00e9rie Endura-R"},"content":{"rendered":"<div class='flex_column av-rraigf-b05d527c21c8eb4330950260b876e04a av_one_full  avia-builder-el-0  el_before_av_heading  avia-builder-el-first  first flex_column_div '     ><p><div  class='avia-slideshow av-l9g390ea-15b362677592a2ca8e196351a6aaf83c avia-slideshow-no scaling av_slideshow avia-slide-slider  avia-builder-el-1  el_before_av_hr  avia-builder-el-first  av-slideshow-ui av-control-default av-slideshow-autoplay av-loop-endless av-loop-manual-endless av-default-height-applied avia-slideshow-1' data-slideshow-options=\"{&quot;animation&quot;:&quot;slide&quot;,&quot;autoplay&quot;:true,&quot;loop_autoplay&quot;:&quot;endless&quot;,&quot;interval&quot;:5,&quot;loop_manual&quot;:&quot;manual-endless&quot;,&quot;autoplay_stopper&quot;:false,&quot;noNavigation&quot;:false,&quot;bg_slider&quot;:false,&quot;keep_padding&quot;:false,&quot;hoverpause&quot;:false,&quot;show_slide_delay&quot;:0}\"  itemprop=\"image\" itemscope=\"itemscope\" itemtype=\"https:\/\/schema.org\/ImageObject\" ><ul class='avia-slideshow-inner ' style='padding-bottom: 35.541451804839%;'><li  class='avia-slideshow-slide av-l9g390ea-15b362677592a2ca8e196351a6aaf83c__0  av-single-slide slide-1 slide-odd'><div data-rel='slideshow-1' class='avia-slide-wrap '   ><img decoding=\"async\" class=\"wp-image-13913 avia-img-lazy-loading-not-13913\"  src=\"https:\/\/www.powerdekorna.com\/wp-content\/uploads\/2024\/07\/Endura-R-Collection-Banner-1210x430-Fr.png\" width=\"2521\" height=\"896\" title='Endura R Collection Banner 1210x430 Fr' alt=''  itemprop=\"thumbnailUrl\" srcset=\"https:\/\/www.powerdekorna.com\/wp-content\/uploads\/2024\/07\/Endura-R-Collection-Banner-1210x430-Fr.png 2521w, https:\/\/www.powerdekorna.com\/wp-content\/uploads\/2024\/07\/Endura-R-Collection-Banner-1210x430-Fr-300x107.png 300w, https:\/\/www.powerdekorna.com\/wp-content\/uploads\/2024\/07\/Endura-R-Collection-Banner-1210x430-Fr-80x28.png 80w, https:\/\/www.powerdekorna.com\/wp-content\/uploads\/2024\/07\/Endura-R-Collection-Banner-1210x430-Fr-768x273.png 768w, https:\/\/www.powerdekorna.com\/wp-content\/uploads\/2024\/07\/Endura-R-Collection-Banner-1210x430-Fr-1536x546.png 1536w, https:\/\/www.powerdekorna.com\/wp-content\/uploads\/2024\/07\/Endura-R-Collection-Banner-1210x430-Fr-2048x728.png 2048w, https:\/\/www.powerdekorna.com\/wp-content\/uploads\/2024\/07\/Endura-R-Collection-Banner-1210x430-Fr-1500x533.png 1500w, https:\/\/www.powerdekorna.com\/wp-content\/uploads\/2024\/07\/Endura-R-Collection-Banner-1210x430-Fr-705x251.png 705w\" sizes=\"(max-width: 2521px) 100vw, 2521px\" \/><\/div><\/li><\/ul><\/div><br \/>\n<div  class='hr av-nzltov-2924c48ee33f652ed3647b92bd056717 hr-short  avia-builder-el-2  el_after_av_slideshow  el_before_av_portfolio  avia-builder-el-last  hr-center'><span class='hr-inner '><span class=\"hr-inner-style\"><\/span><\/span><\/div><br \/>\n<div class='portfolio_preview_container ' data-portfolio-id='1'>\n\t\t\t\t\t\t\t\t<div class='ajax_controlls iconfont'>\n\t\t\t\t\t\t\t\t\t<a href='#prev' class='ajax_previous' \taria-hidden='true' data-av_icon='\ue878' data-av_iconfont='entypo-fontello'><\/a>\n\t\t\t\t\t\t\t\t\t<a href='#next' class='ajax_next'\t\taria-hidden='true' data-av_icon='\ue879' data-av_iconfont='entypo-fontello'><\/a>\n\t\t\t\t\t\t\t\t\t<a class='avia_close' href='#close'\t\taria-hidden='true' data-av_icon='\ue814' data-av_iconfont='entypo-fontello'><\/a>\n\t\t\t\t\t\t\t\t<\/div>\n\t\t\t\t\t\t\t\t<div class='portfolio-details-inner'><\/div>\n\t\t\t\t\t\t\t<\/div><div  id=\"av-sc-portfolio-1\"  class=' grid-sort-container isotope   no_margin-container with-title-container grid-total-odd grid-col-6 grid-links-ajax' data-portfolio-id='1'><div data-ajax-id='13791' class=' grid-entry flex_column isotope-item all_sort no_margin post-entry post-entry-13791 grid-entry-overview grid-loop-1 grid-parity-odd  collection-r_sort  av_one_sixth first default_av_fullwidth '><article class='main_color inner-entry'  itemscope=\"itemscope\" itemtype=\"https:\/\/schema.org\/CreativeWork\" ><a href=\"https:\/\/www.powerdekorna.com\/fr\/portfolio-item\/erable-absolu-7200r\/\" title='\u00c9rable Absolu | 7200R'  data-rel='grid-1' class='grid-image avia-hover-fx'> <img decoding=\"async\" width=\"260\" height=\"185\" src=\"https:\/\/www.powerdekorna.com\/wp-content\/uploads\/2024\/08\/7200R-new-color-260x185.jpg\" class=\"wp-image-14430 avia-img-lazy-loading-not-14430 attachment-portfolio_small size-portfolio_small wp-post-image\" alt=\"\" \/><\/a><div class='grid-content'><div class='avia-arrow'><\/div><header class=\"entry-content-header\"><h3 class='grid-entry-title entry-title '  itemprop=\"headline\" ><a href='https:\/\/www.powerdekorna.com\/fr\/portfolio-item\/erable-absolu-7200r\/' title='\u00c9rable Absolu | 7200R'>\u00c9rable Absolu | 7200R<\/a><\/h3><\/header><\/div><footer class=\"entry-footer\"><\/footer><\/article><\/div><div data-ajax-id='13812' class=' grid-entry flex_column isotope-item all_sort no_margin post-entry post-entry-13812 grid-entry-overview grid-loop-2 grid-parity-even  collection-r_sort  av_one_sixth  default_av_fullwidth '><article class='main_color inner-entry'  itemscope=\"itemscope\" itemtype=\"https:\/\/schema.org\/CreativeWork\" ><a href=\"https:\/\/www.powerdekorna.com\/fr\/portfolio-item\/hickory-lumineux-7202r\/\" title='Hickory Lumineux | 7202R'  data-rel='grid-1' class='grid-image avia-hover-fx'> <img decoding=\"async\" width=\"260\" height=\"185\" src=\"https:\/\/www.powerdekorna.com\/wp-content\/uploads\/2024\/07\/7202R-260x185.jpg\" class=\"wp-image-13818 avia-img-lazy-loading-not-13818 attachment-portfolio_small size-portfolio_small wp-post-image\" alt=\"\" \/><\/a><div class='grid-content'><div class='avia-arrow'><\/div><header class=\"entry-content-header\"><h3 class='grid-entry-title entry-title '  itemprop=\"headline\" ><a href='https:\/\/www.powerdekorna.com\/fr\/portfolio-item\/hickory-lumineux-7202r\/' title='Hickory Lumineux | 7202R'>Hickory Lumineux | 7202R<\/a><\/h3><\/header><\/div><footer class=\"entry-footer\"><\/footer><\/article><\/div><div data-ajax-id='13823' class=' grid-entry flex_column isotope-item all_sort no_margin post-entry post-entry-13823 grid-entry-overview grid-loop-3 grid-parity-odd  post-entry-last  collection-r_sort  av_one_sixth  default_av_fullwidth '><article class='main_color inner-entry'  itemscope=\"itemscope\" itemtype=\"https:\/\/schema.org\/CreativeWork\" ><a href=\"https:\/\/www.powerdekorna.com\/fr\/portfolio-item\/chene-clarion-7205r\/\" title='Ch\u00eane Clarion | 7205R'  data-rel='grid-1' class='grid-image avia-hover-fx'> <img decoding=\"async\" width=\"260\" height=\"185\" src=\"https:\/\/www.powerdekorna.com\/wp-content\/uploads\/2024\/07\/7205R-260x185.jpg\" class=\"wp-image-13829 avia-img-lazy-loading-not-13829 attachment-portfolio_small size-portfolio_small wp-post-image\" alt=\"\" \/><\/a><div class='grid-content'><div class='avia-arrow'><\/div><header class=\"entry-content-header\"><h3 class='grid-entry-title entry-title '  itemprop=\"headline\" ><a href='https:\/\/www.powerdekorna.com\/fr\/portfolio-item\/chene-clarion-7205r\/' title='Ch\u00eane Clarion | 7205R'>Ch\u00eane Clarion | 7205R<\/a><\/h3><\/header><\/div><footer class=\"entry-footer\"><\/footer><\/article><\/div><\/div><\/p><\/div>\n\n<style type=\"text\/css\" data-created_by=\"avia_inline_auto\" id=\"style-css-av-l2qbhb-4a1a4b66f3acf59bb5830d6a816d8ada\">\n#top .av-special-heading.av-l2qbhb-4a1a4b66f3acf59bb5830d6a816d8ada{\npadding-bottom:19px;\ncolor:#494949;\n}\nbody .av-special-heading.av-l2qbhb-4a1a4b66f3acf59bb5830d6a816d8ada .av-special-heading-tag .heading-char{\nfont-size:25px;\n}\n#top #wrap_all .av-special-heading.av-l2qbhb-4a1a4b66f3acf59bb5830d6a816d8ada .av-special-heading-tag{\npadding:30px 0 0 0;\n}\n.av-special-heading.av-l2qbhb-4a1a4b66f3acf59bb5830d6a816d8ada .special-heading-inner-border{\nborder-color:#494949;\n}\n.av-special-heading.av-l2qbhb-4a1a4b66f3acf59bb5830d6a816d8ada .av-subheading{\nfont-size:15px;\n}\n<\/style>\n<div  class='av-special-heading av-l2qbhb-4a1a4b66f3acf59bb5830d6a816d8ada av-special-heading-h3 custom-color-heading blockquote modern-quote  avia-builder-el-4  el_after_av_one_full  el_before_av_hr '><h3 class='av-special-heading-tag'  itemprop=\"headline\"  >Vous pouvez \u00e9galement \u00eatre int\u00e9ress\u00e9 par<\/h3><div class=\"special-heading-border\"><div class=\"special-heading-inner-border\"><\/div><\/div><\/div>\n\n<style type=\"text\/css\" data-created_by=\"avia_inline_auto\" id=\"style-css-av-jnswe7-a228a2ff45091ccabb58b59d5cf51c77\">\n#top .hr.hr-invisible.av-jnswe7-a228a2ff45091ccabb58b59d5cf51c77{\nheight:10px;\n}\n<\/style>\n<div  class='hr av-jnswe7-a228a2ff45091ccabb58b59d5cf51c77 hr-invisible  avia-builder-el-5  el_after_av_heading  el_before_av_one_fourth '><span class='hr-inner '><span class=\"hr-inner-style\"><\/span><\/span><\/div>\n\n<style type=\"text\/css\" data-created_by=\"avia_inline_auto\" id=\"style-css-av-i4lswf-91bcce0e5c5ac4e6f9277c21b72554d9\">\n.flex_column.av-i4lswf-91bcce0e5c5ac4e6f9277c21b72554d9{\n-webkit-border-radius:0px 0px 0px 0px;\n-moz-border-radius:0px 0px 0px 0px;\nborder-radius:0px 0px 0px 0px;\npadding:0px 0px 0px 0px;\n}\n<\/style>\n<div class='flex_column av-i4lswf-91bcce0e5c5ac4e6f9277c21b72554d9 av_one_fourth  avia-builder-el-6  el_after_av_hr  el_before_av_one_fourth  first flex_column_div av-zero-column-padding '     ><style type=\"text\/css\" data-created_by=\"avia_inline_auto\" id=\"style-css-av-g69frz-b48fbba8bd83c8127d769c00a2e104f2\">\n.avia-image-container.av-g69frz-b48fbba8bd83c8127d769c00a2e104f2 img.avia_image{\nbox-shadow:none;\n}\n.avia-image-container.av-g69frz-b48fbba8bd83c8127d769c00a2e104f2 .av-caption-image-overlay-bg{\nopacity:0.2;\nbackground-color:#000000;\n}\n.avia-image-container.av-g69frz-b48fbba8bd83c8127d769c00a2e104f2 .av-image-caption-overlay-center{\ncolor:#ffffff;\nfont-size:14px;\n}\n<\/style>\n<div  class='avia-image-container av-g69frz-b48fbba8bd83c8127d769c00a2e104f2 av-styling- av-hover-grow avia-align-center  avia-builder-el-7  avia-builder-el-no-sibling  noHover av-overlay-hover-deactivate'   itemprop=\"image\" itemscope=\"itemscope\" itemtype=\"https:\/\/schema.org\/ImageObject\" ><div class=\"avia-image-container-inner\"><div class=\"avia-image-overlay-wrap\"><a href=\"https:\/\/www.powerdekorna.com\/fr\/collection-neo-atelier\/\" class='avia_image' ><div class=\"av-image-caption-overlay\"><div class=\"av-caption-image-overlay-bg\"><\/div><div class=\"av-image-caption-overlay-position\"><div class=\"av-image-caption-overlay-center\"><p>Collection N\u00e9o-Atelier<\/p>\n<\/div><\/div><\/div><img decoding=\"async\" class='wp-image-16129 avia-img-lazy-loading-not-16129 avia_image ' src=\"https:\/\/www.powerdekorna.com\/wp-content\/uploads\/2025\/09\/Neo-Atelier-Collectios-355x300-Fr-300x253.png\" alt='' title='Ne\u0301o Atelier'  height=\"253\" width=\"300\"  itemprop=\"thumbnailUrl\" srcset=\"https:\/\/www.powerdekorna.com\/wp-content\/uploads\/2025\/09\/Neo-Atelier-Collectios-355x300-Fr-300x253.png 300w, https:\/\/www.powerdekorna.com\/wp-content\/uploads\/2025\/09\/Neo-Atelier-Collectios-355x300-Fr-80x68.png 80w, https:\/\/www.powerdekorna.com\/wp-content\/uploads\/2025\/09\/Neo-Atelier-Collectios-355x300-Fr-768x649.png 768w, https:\/\/www.powerdekorna.com\/wp-content\/uploads\/2025\/09\/Neo-Atelier-Collectios-355x300-Fr-705x595.png 705w, https:\/\/www.powerdekorna.com\/wp-content\/uploads\/2025\/09\/Neo-Atelier-Collectios-355x300-Fr.png 1480w\" sizes=\"(max-width: 300px) 100vw, 300px\" \/><\/a><\/div><\/div><\/div><\/div>\n<style type=\"text\/css\" data-created_by=\"avia_inline_auto\" id=\"style-css-av-av_one_fourth-e671fab5613f317ef63eb9ab712c64a3\">\n.flex_column.av-av_one_fourth-e671fab5613f317ef63eb9ab712c64a3{\n-webkit-border-radius:0px 0px 0px 0px;\n-moz-border-radius:0px 0px 0px 0px;\nborder-radius:0px 0px 0px 0px;\npadding:0px 0px 0px 0px;\n}\n<\/style>\n<div class='flex_column av-av_one_fourth-e671fab5613f317ef63eb9ab712c64a3 av_one_fourth  avia-builder-el-8  el_after_av_one_fourth  el_before_av_one_fourth  flex_column_div av-zero-column-padding '     ><style type=\"text\/css\" data-created_by=\"avia_inline_auto\" id=\"style-css-av-av_image-af607f42eca11bc1715a69614fd7f75b\">\n.avia-image-container.av-av_image-af607f42eca11bc1715a69614fd7f75b img.avia_image{\nbox-shadow:none;\n}\n.avia-image-container.av-av_image-af607f42eca11bc1715a69614fd7f75b .av-caption-image-overlay-bg{\nopacity:0.2;\nbackground-color:#000000;\n}\n.avia-image-container.av-av_image-af607f42eca11bc1715a69614fd7f75b .av-image-caption-overlay-center{\ncolor:#ffffff;\nfont-size:14px;\n}\n<\/style>\n<div  class='avia-image-container av-av_image-af607f42eca11bc1715a69614fd7f75b av-styling- av-hover-grow avia-align-center  avia-builder-el-9  avia-builder-el-no-sibling  noHover av-overlay-hover-deactivate'   itemprop=\"image\" itemscope=\"itemscope\" itemtype=\"https:\/\/schema.org\/ImageObject\" ><div class=\"avia-image-container-inner\"><div class=\"avia-image-overlay-wrap\"><a href=\"https:\/\/www.powerdekorna.com\/fr\/collection-endurakrs\/\" class='avia_image' ><div class=\"av-image-caption-overlay\"><div class=\"av-caption-image-overlay-bg\"><\/div><div class=\"av-image-caption-overlay-position\"><div class=\"av-image-caption-overlay-center\"><p>S\u00e9rie Endura-KRS<\/p>\n<\/div><\/div><\/div><img decoding=\"async\" class='wp-image-9113 avia-img-lazy-loading-not-9113 avia_image ' src=\"https:\/\/www.powerdekorna.com\/wp-content\/uploads\/2022\/06\/Endura-KRS-collectios-Fr_355x300_150px_V3-300x254.gif\" alt='' title='Endura-KRS-collectios-Fr_355x300_150px_V3'  height=\"254\" width=\"300\"  itemprop=\"thumbnailUrl\" srcset=\"https:\/\/www.powerdekorna.com\/wp-content\/uploads\/2022\/06\/Endura-KRS-collectios-Fr_355x300_150px_V3-300x254.gif 300w, https:\/\/www.powerdekorna.com\/wp-content\/uploads\/2022\/06\/Endura-KRS-collectios-Fr_355x300_150px_V3-80x68.gif 80w\" sizes=\"(max-width: 300px) 100vw, 300px\" \/><\/a><\/div><\/div><\/div><\/div><\/p>\n\n<style type=\"text\/css\" data-created_by=\"avia_inline_auto\" id=\"style-css-av-49vf09-41e52a0e2497c89e79a3e3decf2b5b48\">\n.flex_column.av-49vf09-41e52a0e2497c89e79a3e3decf2b5b48{\n-webkit-border-radius:0px 0px 0px 0px;\n-moz-border-radius:0px 0px 0px 0px;\nborder-radius:0px 0px 0px 0px;\npadding:0px 0px 0px 0px;\n}\n<\/style>\n<div class='flex_column av-49vf09-41e52a0e2497c89e79a3e3decf2b5b48 av_one_fourth  avia-builder-el-10  el_after_av_one_fourth  el_before_av_hr  flex_column_div av-zero-column-padding '     ><style type=\"text\/css\" data-created_by=\"avia_inline_auto\" id=\"style-css-av-21lr89-9666012fb3977d0eb49d7bf4e17845ea\">\n.avia-image-container.av-21lr89-9666012fb3977d0eb49d7bf4e17845ea img.avia_image{\nbox-shadow:none;\n}\n.avia-image-container.av-21lr89-9666012fb3977d0eb49d7bf4e17845ea .av-caption-image-overlay-bg{\nopacity:0.2;\nbackground-color:#000000;\n}\n.avia-image-container.av-21lr89-9666012fb3977d0eb49d7bf4e17845ea .av-image-caption-overlay-center{\ncolor:#ffffff;\nfont-size:14px;\n}\n<\/style>\n<div  class='avia-image-container av-21lr89-9666012fb3977d0eb49d7bf4e17845ea av-styling- av-hover-grow avia-align-center  avia-builder-el-11  avia-builder-el-no-sibling  noHover av-overlay-hover-deactivate'   itemprop=\"image\" itemscope=\"itemscope\" itemtype=\"https:\/\/schema.org\/ImageObject\" ><div class=\"avia-image-container-inner\"><div class=\"avia-image-overlay-wrap\"><a href=\"https:\/\/www.powerdekorna.com\/fr\/collection-atelier\/\" class='avia_image' ><div class=\"av-image-caption-overlay\"><div class=\"av-caption-image-overlay-bg\"><\/div><div class=\"av-image-caption-overlay-position\"><div class=\"av-image-caption-overlay-center\"><p>Collection Atelier<\/p>\n<\/div><\/div><\/div><img decoding=\"async\" class='wp-image-5234 avia-img-lazy-loading-not-5234 avia_image ' src=\"https:\/\/www.powerdekorna.com\/wp-content\/uploads\/2018\/10\/atelier_tm-300x254.jpg\" alt='' title='atelier_tm'  height=\"254\" width=\"300\"  itemprop=\"thumbnailUrl\" srcset=\"https:\/\/www.powerdekorna.com\/wp-content\/uploads\/2018\/10\/atelier_tm-300x254.jpg 300w, https:\/\/www.powerdekorna.com\/wp-content\/uploads\/2018\/10\/atelier_tm-80x68.jpg 80w, https:\/\/www.powerdekorna.com\/wp-content\/uploads\/2018\/10\/atelier_tm.jpg 355w\" sizes=\"(max-width: 300px) 100vw, 300px\" \/><\/a><\/div><\/div><\/div><\/div>\n\n<style type=\"text\/css\" data-created_by=\"avia_inline_auto\" id=\"style-css-av-4n8len-27436d5d9b19768c158c6c96d2773fe7\">\n#top .hr.hr-invisible.av-4n8len-27436d5d9b19768c158c6c96d2773fe7{\nheight:5px;\n}\n<\/style>\n<div  class='hr av-4n8len-27436d5d9b19768c158c6c96d2773fe7 hr-invisible  avia-builder-el-12  el_after_av_one_fourth  el_before_av_textblock '><span class='hr-inner '><span class=\"hr-inner-style\"><\/span><\/span><\/div>\n<section  class='av_textblock_section av-30a1db-6fff051e6a804dd10531781c01372426'  itemscope=\"itemscope\" itemtype=\"https:\/\/schema.org\/CreativeWork\" ><div class='avia_textblock'  itemprop=\"text\" ><p style=\"text-align: right;\">&lt; <span style=\"text-decoration: underline;\"><a href=\"https:\/\/www.powerdekorna.com\/fr\/#noscollections\">&lt; Retour aux collections<\/a><\/span><\/p>\n<\/div><\/section>\n","protected":false},"excerpt":{"rendered":"","protected":false},"author":1,"featured_media":0,"parent":0,"menu_order":3,"comment_status":"closed","ping_status":"closed","template":"","meta":{"footnotes":""},"class_list":["post-13419","page","type-page","status-publish","hentry"],"_links":{"self":[{"href":"https:\/\/www.powerdekorna.com\/fr\/wp-json\/wp\/v2\/pages\/13419"}],"collection":[{"href":"https:\/\/www.powerdekorna.com\/fr\/wp-json\/wp\/v2\/pages"}],"about":[{"href":"https:\/\/www.powerdekorna.com\/fr\/wp-json\/wp\/v2\/types\/page"}],"author":[{"embeddable":true,"href":"https:\/\/www.powerdekorna.com\/fr\/wp-json\/wp\/v2\/users\/1"}],"replies":[{"embeddable":true,"href":"https:\/\/www.powerdekorna.com\/fr\/wp-json\/wp\/v2\/comments?post=13419"}],"version-history":[{"count":9,"href":"https:\/\/www.powerdekorna.com\/fr\/wp-json\/wp\/v2\/pages\/13419\/revisions"}],"predecessor-version":[{"id":16157,"href":"https:\/\/www.powerdekorna.com\/fr\/wp-json\/wp\/v2\/pages\/13419\/revisions\/16157"}],"wp:attachment":[{"href":"https:\/\/www.powerdekorna.com\/fr\/wp-json\/wp\/v2\/media?parent=13419"}],"curies":[{"name":"wp","href":"https:\/\/api.w.org\/{rel}","templated":true}]}}