{"id":12814,"date":"2023-11-14T14:54:53","date_gmt":"2023-11-14T19:54:53","guid":{"rendered":"https:\/\/www.powerdekorna.com\/?page_id=12814"},"modified":"2025-06-18T23:46:51","modified_gmt":"2025-06-19T03:46:51","slug":"dekorvision","status":"publish","type":"page","link":"https:\/\/www.powerdekorna.com\/fr\/dekorvision\/","title":{"rendered":"dekorvision"},"content":{"rendered":"\n<style type=\"text\/css\" data-created_by=\"avia_inline_auto\" id=\"style-css-av-loz03hwh-bd0b2c4dbc4698bc9521c54d0b6576e7\">\n.avia-section.av-loz03hwh-bd0b2c4dbc4698bc9521c54d0b6576e7{\nmargin-top:0px;\nmargin-bottom:0px;\n}\n<\/style>\n<div id='av_section_1'  class='avia-section av-loz03hwh-bd0b2c4dbc4698bc9521c54d0b6576e7 main_color avia-section-no-padding avia-no-border-styling  avia-builder-el-0  avia-builder-el-no-sibling  avia-bg-style-scroll container_wrap sidebar_right'  ><div class='container av-section-cont-open' ><main  role=\"main\" itemprop=\"mainContentOfPage\"  class='template-page content  av-content-small alpha units'><div class='post-entry post-entry-type-page post-entry-12814'><div class='entry-content-wrapper clearfix'>\n<section  class='av_textblock_section av-loz0559t-636a7c0ff7096e18c14b81474dbe7f11'  itemscope=\"itemscope\" itemtype=\"https:\/\/schema.org\/CreativeWork\" ><div class='avia_textblock'  itemprop=\"text\" >\n\t\t\t\t<p class=\"rs-p-wp-fix\"><\/p>\n\t\t\t\t<sr7-module data-alias=\"dekorvision-1\" data-id=\"181\" id=\"SR7_181_1\" class=\"rs-ov-hidden\" data-version=\"6.7.31\">\n\t\t\t\t\t<sr7-adjuster><\/sr7-adjuster>\n\t\t\t\t\t<sr7-content>\n\t\t\t\t\t\t<sr7-slide id=\"SR7_181_1-175\" data-key=\"175\">\n\t\t\t\t\t\t\t<sr7-txt id=\"SR7_181_1-175-6\" class=\"sr7-layer\">Comment \u00e7a <br \/>\nmarche?<\/sr7-txt>\n\t\t\t\t\t\t\t<sr7-txt id=\"SR7_181_1-175-7\" class=\"sr7-layer\">Vous n'avez pas de photo ? Essayez nos salles de <br \/>\nd\u00e9monstration o\u00f9 vous pouvez voir diff\u00e9rentes options de <br \/>\nrev\u00eatement de sol pour les salles de bains, chambres \u00e0 <br \/>\ncoucher, salles familiales, cuisines et salons.<br \/>\n<\/sr7-txt>\n\t\t\t\t\t\t\t<sr7-txt id=\"SR7_181_1-175-8\" class=\"sr7-layer\">1<\/sr7-txt>\n\t\t\t\t\t\t\t<sr7-txt id=\"SR7_181_1-175-9\" class=\"sr7-layer\"><i class=\"material-icons\" style=\"font-size: 25px;\" >add_a_photo<\/i> T\u00e9l\u00e9chargez une photo de votre<br \/>\n chambre ou choisissez l'une des n\u00f4tres.<\/sr7-txt>\n\t\t\t\t\t\t\t<sr7-txt id=\"SR7_181_1-175-10\" class=\"sr7-layer\">2<br \/>\n<\/sr7-txt>\n\t\t\t\t\t\t\t<sr7-txt id=\"SR7_181_1-175-12\" class=\"sr7-layer\">3<br \/>\n<\/sr7-txt>\n\t\t\t\t\t\t\t<sr7-txt id=\"SR7_181_1-175-13\" class=\"sr7-layer\"><i class=\"fa-cube\"style=\"font-size: 25px;\"><\/i> Essayez diff\u00e9rents produits dans <br \/>\nvotre chambre.<\/sr7-txt>\n\t\t\t\t\t\t\t<sr7-txt id=\"SR7_181_1-175-14\" class=\"sr7-layer\"><i class=\"material-icons\"style=\"font-size: 25px;\">compare<\/i>  Trouvez le sol de vos r\u00eaves.<\/sr7-txt>\n\t\t\t\t\t\t\t<sr7-txt id=\"SR7_181_1-175-15\" class=\"sr7-layer\">En utilisant notre visualiseur de rev\u00eatements de sol, vous <br \/>\npouvez voir \u00e0 quoi ressemblent les produits dans votre <br \/>\nmaison, \u00e9liminant ainsi tout des conjectures et vous <br \/>\naider \u00e0 prendre la d\u00e9cision parfaite<br \/>\n<\/sr7-txt>\n\t\t\t\t\t\t\t<sr7-txt id=\"SR7_181_1-175-16\" class=\"sr7-layer\">Vous pouvez non seulement comparer les sc\u00e9narios <br \/>\n\u00ab avant \u00bb et \u00ab apr\u00e8s \u00bb mais aussi \u00e9valuer visuellement <br \/>\nn'importe quel sol de nos collections, pour avoir une id\u00e9e<br \/>\npr\u00e9cise de ce \u00e0 quoi il ressemblerait dans votre pi\u00e8ce.<br \/>\n<\/sr7-txt>\n\t\t\t\t\t\t\t<sr7-txt id=\"SR7_181_1-175-18\" class=\"sr7-layer\">D\u00e9couvrez la magie de<\/sr7-txt>\n\t\t\t\t\t\t\t<a id=\"SR7_181_1-175-22\" class=\"sr7-layer\" href=\"http:\/\/powerdekorna.com\/fr\/?roomvoStartVisualizer=true\" target=\"_self\" rel=\"noopener\">COMMENCER&nbsp;<\/a>\n\t\t\t\t\t\t\t<sr7-txt id=\"SR7_181_1-175-47\" class=\"sr7-layer\"><i class=\"fa-angle-right\"><\/i><\/sr7-txt>\n\t\t\t\t\t\t\t<sr7-txt id=\"SR7_181_1-175-48\" class=\"sr7-layer\">Comment \u00e7a <br \/>\nmarche?<\/sr7-txt>\n\t\t\t\t\t\t\t<sr7-txt id=\"SR7_181_1-175-49\" class=\"sr7-layer\">Vous n'avez pas de photo ? Essayez nos salles de <br \/>\nd\u00e9monstration o\u00f9 vous pouvez voir diff\u00e9rentes options de <br \/>\nrev\u00eatement de sol pour les salles de bains, chambres \u00e0 <br \/>\ncoucher, salles familiales, cuisines et salons.<br \/>\n<\/sr7-txt>\n\t\t\t\t\t\t\t<sr7-txt id=\"SR7_181_1-175-50\" class=\"sr7-layer\">1<\/sr7-txt>\n\t\t\t\t\t\t\t<sr7-txt id=\"SR7_181_1-175-51\" class=\"sr7-layer\"><i class=\"material-icons\" style=\"font-size: 25px;\" >add_a_photo<\/i> T\u00e9l\u00e9chargez une photo de votre<br \/>\n chambre ou choisissez l'une des n\u00f4tres.<\/sr7-txt>\n\t\t\t\t\t\t\t<sr7-txt id=\"SR7_181_1-175-52\" class=\"sr7-layer\">2<br \/>\n<\/sr7-txt>\n\t\t\t\t\t\t\t<sr7-txt id=\"SR7_181_1-175-53\" class=\"sr7-layer\">3<br \/>\n<\/sr7-txt>\n\t\t\t\t\t\t\t<sr7-txt id=\"SR7_181_1-175-54\" class=\"sr7-layer\"><i class=\"fa-cube\"style=\"font-size: 25px;\"><\/i> Essayez diff\u00e9rents produits dans <br \/>\nvotre chambre.<\/sr7-txt>\n\t\t\t\t\t\t\t<sr7-txt id=\"SR7_181_1-175-55\" class=\"sr7-layer\"><i class=\"material-icons\"style=\"font-size: 25px;\">compare<\/i>  Trouvez le sol de vos r\u00eaves.<\/sr7-txt>\n\t\t\t\t\t\t\t<sr7-txt id=\"SR7_181_1-175-56\" class=\"sr7-layer\">En utilisant notre visualiseur de rev\u00eatements de sol, vous <br \/>\npouvez voir \u00e0 quoi ressemblent les produits dans votre <br \/>\nmaison, \u00e9liminant ainsi tout des conjectures et vous <br \/>\naider \u00e0 prendre la d\u00e9cision parfaite<br \/>\n<\/sr7-txt>\n\t\t\t\t\t\t\t<sr7-txt id=\"SR7_181_1-175-57\" class=\"sr7-layer\">Vous pouvez non seulement comparer les sc\u00e9narios <br \/>\n\u00ab avant \u00bb et \u00ab apr\u00e8s \u00bb mais aussi \u00e9valuer visuellement <br \/>\nn'importe quel sol de nos collections, pour avoir une id\u00e9e<br \/>\npr\u00e9cise de ce \u00e0 quoi il ressemblerait dans votre pi\u00e8ce.<br \/>\n<\/sr7-txt>\n\t\t\t\t\t\t\t<sr7-txt id=\"SR7_181_1-175-63\" class=\"sr7-layer\">D\u00e9couvrez la magie de<\/sr7-txt>\n\t\t\t\t\t\t\t<a id=\"SR7_181_1-175-65\" class=\"sr7-layer\" href=\"\" target=\"_self\" rel=\"noopener\">COMMENCER&nbsp;<\/a>\n\t\t\t\t\t\t\t<sr7-txt id=\"SR7_181_1-175-66\" class=\"sr7-layer\"><i class=\"fa-angle-right\"><\/i><\/sr7-txt>\n\t\t\t\t\t\t<\/sr7-slide>\n\t\t\t\t\t\t<sr7-slide id=\"SR7_181_1-348\" data-key=\"348\">\n\t\t\t\t\t\t<\/sr7-slide>\n\t\t\t\t\t<\/sr7-content>\n\t\t\t\t\t<image_lists style=\"display:none\">\n\t\t\t\t\t\t<img data-src=\"\/\/www.powerdekorna.com\/wp-content\/uploads\/2023\/09\/After.jpg\" data-libid=\"12579\" data-lib=\"medialibrary\" title=\"After\" width=\"0\" height=\"0\" data-dbsrc=\"Ly93d3cucG93ZXJkZWtvcm5hLmNvbS93cC1jb250ZW50L3VwbG9hZHMvMjAyMy8wOS9BZnRlci5qcGc=\"\/>\n\t\t\t\t\t\t<img data-src=\"\/\/www.powerdekorna.com\/wp-content\/uploads\/2023\/09\/Before.jpg\" data-libid=\"12577\" data-lib=\"medialibrary\" title=\"Before\" width=\"0\" height=\"0\" data-dbsrc=\"Ly93d3cucG93ZXJkZWtvcm5hLmNvbS93cC1jb250ZW50L3VwbG9hZHMvMjAyMy8wOS9CZWZvcmUuanBn\"\/>\n\t\t\t\t\t\t<img data-src=\"\/\/www.powerdekorna.com\/wp-content\/uploads\/2023\/10\/Smart-Phone-hand-copy-1.png\" data-libid=\"12590\" data-lib=\"medialibrary\" title=\"Smart Phone hand copy\" width=\"0\" height=\"0\" data-dbsrc=\"Ly93d3cucG93ZXJkZWtvcm5hLmNvbS93cC1jb250ZW50L3VwbG9hZHMvMjAyMy8xMC9TbWFydC1QaG9uZS1oYW5kLWNvcHktMS5wbmc=\"\/>\n\t\t\t\t\t\t<img data-src=\"\/\/www.powerdekorna.com\/wp-content\/uploads\/2023\/10\/dekorVision-Logo.png\" data-libid=\"12584\" data-lib=\"medialibrary\" title=\"dekorVision Logo\" width=\"0\" height=\"0\" data-dbsrc=\"Ly93d3cucG93ZXJkZWtvcm5hLmNvbS93cC1jb250ZW50L3VwbG9hZHMvMjAyMy8xMC9kZWtvclZpc2lvbi1Mb2dvLnBuZw==\"\/>\n\t\t\t\t\t<\/image_lists>\n\t\t\t\t<\/sr7-module>\n\t\t\t\t<script>\n\t\t\t\t\tSR7.PMH ??={}; SR7.PMH[\"SR7_181_1\"] = {cn:100,state:false,fn: function() { if (_tpt!==undefined && _tpt.prepareModuleHeight !== undefined) {  _tpt.prepareModuleHeight({id:\"SR7_181_1\",el:[900,900,768,960,720],type:'hero',shdw:'0',slideduration:'9000ms',gh:[900,900,768,960,720],gw:[1240,1240,1024,778,480],vpt:['-100px&#039;,&#039;-100px&#039;,&#039;-100px&#039;,&#039;-100px&#039;,&#039;-100px'],size:{fullWidth:true, fullHeight:true},fho:'',mh:'0',sbt:{use:true},onh:0,onw:0,bg:{color:'{\"orig\":\"transparent\",\"type\":\"solid\",\"string\":\"transparent\"}'}});   SR7.PMH[\"SR7_181_1\"].state=true;} else if(SR7.PMH[\"SR7_181_1\"].cn-->0)\tsetTimeout( SR7.PMH[\"SR7_181_1\"].fn,19);}};SR7.PMH[\"SR7_181_1\" ].fn();\n\t\t\t\t<\/script>\n\n<\/div><\/section>\n<\/div><\/div><\/main><!-- close content main element --><\/div><\/div><div id='after_section_1'  class='main_color av_default_container_wrap container_wrap sidebar_right'  ><div class='container av-section-cont-open' ><div class='template-page content  av-content-small alpha units'><div class='post-entry post-entry-type-page post-entry-12814'><div class='entry-content-wrapper clearfix'>\n","protected":false},"excerpt":{"rendered":"","protected":false},"author":1,"featured_media":0,"parent":0,"menu_order":0,"comment_status":"closed","ping_status":"closed","template":"","meta":{"footnotes":""},"class_list":["post-12814","page","type-page","status-publish","hentry"],"_links":{"self":[{"href":"https:\/\/www.powerdekorna.com\/fr\/wp-json\/wp\/v2\/pages\/12814"}],"collection":[{"href":"https:\/\/www.powerdekorna.com\/fr\/wp-json\/wp\/v2\/pages"}],"about":[{"href":"https:\/\/www.powerdekorna.com\/fr\/wp-json\/wp\/v2\/types\/page"}],"author":[{"embeddable":true,"href":"https:\/\/www.powerdekorna.com\/fr\/wp-json\/wp\/v2\/users\/1"}],"replies":[{"embeddable":true,"href":"https:\/\/www.powerdekorna.com\/fr\/wp-json\/wp\/v2\/comments?post=12814"}],"version-history":[{"count":13,"href":"https:\/\/www.powerdekorna.com\/fr\/wp-json\/wp\/v2\/pages\/12814\/revisions"}],"predecessor-version":[{"id":15415,"href":"https:\/\/www.powerdekorna.com\/fr\/wp-json\/wp\/v2\/pages\/12814\/revisions\/15415"}],"wp:attachment":[{"href":"https:\/\/www.powerdekorna.com\/fr\/wp-json\/wp\/v2\/media?parent=12814"}],"curies":[{"name":"wp","href":"https:\/\/api.w.org\/{rel}","templated":true}]}}