{"id":11105,"date":"2023-02-27T18:40:41","date_gmt":"2023-02-27T23:40:41","guid":{"rendered":"https:\/\/www.powerdekorna.com\/?page_id=11105"},"modified":"2025-09-19T00:33:13","modified_gmt":"2025-09-19T04:33:13","slug":"collection-enduraks","status":"publish","type":"page","link":"https:\/\/www.powerdekorna.com\/fr\/collection-enduraks\/","title":{"rendered":"S\u00e9rie Endura-KS"},"content":{"rendered":"<div class='flex_column av-rraigf-b05d527c21c8eb4330950260b876e04a av_one_full  avia-builder-el-0  el_before_av_heading  avia-builder-el-first  first flex_column_div '     ><p><div  class='avia-slideshow av-l9g390ea-15b362677592a2ca8e196351a6aaf83c avia-slideshow-no scaling av_slideshow avia-slide-slider  avia-builder-el-1  el_before_av_hr  avia-builder-el-first  av-slideshow-ui av-control-default av-slideshow-autoplay av-loop-endless av-loop-manual-endless av-default-height-applied avia-slideshow-1' data-slideshow-options=\"{&quot;animation&quot;:&quot;slide&quot;,&quot;autoplay&quot;:true,&quot;loop_autoplay&quot;:&quot;endless&quot;,&quot;interval&quot;:5,&quot;loop_manual&quot;:&quot;manual-endless&quot;,&quot;autoplay_stopper&quot;:false,&quot;noNavigation&quot;:false,&quot;bg_slider&quot;:false,&quot;keep_padding&quot;:false,&quot;hoverpause&quot;:false,&quot;show_slide_delay&quot;:0}\"  itemprop=\"image\" itemscope=\"itemscope\" itemtype=\"https:\/\/schema.org\/ImageObject\" ><ul class='avia-slideshow-inner ' style='padding-bottom: 35.541451804839%;'><li  class='avia-slideshow-slide av-l9g390ea-15b362677592a2ca8e196351a6aaf83c__0  av-single-slide slide-1 slide-odd'><div data-rel='slideshow-1' class='avia-slide-wrap '   ><img decoding=\"async\" class=\"wp-image-11659 avia-img-lazy-loading-not-11659\"  src=\"https:\/\/www.powerdekorna.com\/wp-content\/uploads\/2023\/05\/KS-Collection-Banner-1210x430-Fr-V4-1.jpg\" width=\"2521\" height=\"896\" title='KS-Collection-Banner-1210x430-Fr-V4' alt=''  itemprop=\"thumbnailUrl\" srcset=\"https:\/\/www.powerdekorna.com\/wp-content\/uploads\/2023\/05\/KS-Collection-Banner-1210x430-Fr-V4-1.jpg 2521w, https:\/\/www.powerdekorna.com\/wp-content\/uploads\/2023\/05\/KS-Collection-Banner-1210x430-Fr-V4-1-300x107.jpg 300w, https:\/\/www.powerdekorna.com\/wp-content\/uploads\/2023\/05\/KS-Collection-Banner-1210x430-Fr-V4-1-80x28.jpg 80w, https:\/\/www.powerdekorna.com\/wp-content\/uploads\/2023\/05\/KS-Collection-Banner-1210x430-Fr-V4-1-768x273.jpg 768w, https:\/\/www.powerdekorna.com\/wp-content\/uploads\/2023\/05\/KS-Collection-Banner-1210x430-Fr-V4-1-1536x546.jpg 1536w, https:\/\/www.powerdekorna.com\/wp-content\/uploads\/2023\/05\/KS-Collection-Banner-1210x430-Fr-V4-1-2048x728.jpg 2048w, https:\/\/www.powerdekorna.com\/wp-content\/uploads\/2023\/05\/KS-Collection-Banner-1210x430-Fr-V4-1-1500x533.jpg 1500w, https:\/\/www.powerdekorna.com\/wp-content\/uploads\/2023\/05\/KS-Collection-Banner-1210x430-Fr-V4-1-705x251.jpg 705w\" sizes=\"(max-width: 2521px) 100vw, 2521px\" \/><\/div><\/li><\/ul><\/div><br \/>\n<div  class='hr av-nzltov-2924c48ee33f652ed3647b92bd056717 hr-short  avia-builder-el-2  el_after_av_slideshow  el_before_av_portfolio  avia-builder-el-last  hr-center'><span class='hr-inner '><span class=\"hr-inner-style\"><\/span><\/span><\/div><br \/>\n<div class='portfolio_preview_container ' data-portfolio-id='1'>\n\t\t\t\t\t\t\t\t<div class='ajax_controlls iconfont'>\n\t\t\t\t\t\t\t\t\t<a href='#prev' class='ajax_previous' \taria-hidden='true' data-av_icon='\ue878' data-av_iconfont='entypo-fontello'><\/a>\n\t\t\t\t\t\t\t\t\t<a href='#next' class='ajax_next'\t\taria-hidden='true' data-av_icon='\ue879' data-av_iconfont='entypo-fontello'><\/a>\n\t\t\t\t\t\t\t\t\t<a class='avia_close' href='#close'\t\taria-hidden='true' data-av_icon='\ue814' data-av_iconfont='entypo-fontello'><\/a>\n\t\t\t\t\t\t\t\t<\/div>\n\t\t\t\t\t\t\t\t<div class='portfolio-details-inner'><\/div>\n\t\t\t\t\t\t\t<\/div><div  id=\"av-sc-portfolio-1\"  class=' grid-sort-container isotope   no_margin-container with-title-container grid-total-even grid-col-6 grid-links-ajax' data-portfolio-id='1'><div data-ajax-id='11195' class=' grid-entry flex_column isotope-item all_sort no_margin post-entry post-entry-11195 grid-entry-overview grid-loop-1 grid-parity-odd  collection-ks_sort  av_one_sixth first default_av_fullwidth '><article class='main_color inner-entry'  itemscope=\"itemscope\" itemtype=\"https:\/\/schema.org\/CreativeWork\" ><a href=\"https:\/\/www.powerdekorna.com\/fr\/portfolio-item\/divine-6700ek\/\" title='Divine | 6700EK'  data-rel='grid-1' class='grid-image avia-hover-fx'> <img decoding=\"async\" width=\"260\" height=\"185\" src=\"https:\/\/www.powerdekorna.com\/wp-content\/uploads\/2023\/03\/6701-1-900-x900px-V2-copy-260x185.jpg\" class=\"wp-image-11231 avia-img-lazy-loading-not-11231 attachment-portfolio_small size-portfolio_small wp-post-image\" alt=\"\" \/><\/a><div class='grid-content'><div class='avia-arrow'><\/div><header class=\"entry-content-header\"><h3 class='grid-entry-title entry-title '  itemprop=\"headline\" ><a href='https:\/\/www.powerdekorna.com\/fr\/portfolio-item\/divine-6700ek\/' title='Divine | 6700EK'>Divine | 6700EK<\/a><\/h3><\/header><\/div><footer class=\"entry-footer\"><\/footer><\/article><\/div><div data-ajax-id='11249' class=' grid-entry flex_column isotope-item all_sort no_margin post-entry post-entry-11249 grid-entry-overview grid-loop-2 grid-parity-even  collection-ks_sort  av_one_sixth  default_av_fullwidth '><article class='main_color inner-entry'  itemscope=\"itemscope\" itemtype=\"https:\/\/schema.org\/CreativeWork\" ><a href=\"https:\/\/www.powerdekorna.com\/fr\/portfolio-item\/sereine-6701ek\/\" title='Sereine | 6701EK'  data-rel='grid-1' class='grid-image avia-hover-fx'> <img decoding=\"async\" width=\"260\" height=\"185\" src=\"https:\/\/www.powerdekorna.com\/wp-content\/uploads\/2023\/03\/6701-1-900-x900px-copy-260x185.jpg\" class=\"wp-image-11255 avia-img-lazy-loading-not-11255 attachment-portfolio_small size-portfolio_small wp-post-image\" alt=\"\" \/><\/a><div class='grid-content'><div class='avia-arrow'><\/div><header class=\"entry-content-header\"><h3 class='grid-entry-title entry-title '  itemprop=\"headline\" ><a href='https:\/\/www.powerdekorna.com\/fr\/portfolio-item\/sereine-6701ek\/' title='Sereine | 6701EK'>Sereine | 6701EK<\/a><\/h3><\/header><\/div><footer class=\"entry-footer\"><\/footer><\/article><\/div><div data-ajax-id='13354' class=' grid-entry flex_column isotope-item all_sort no_margin post-entry post-entry-13354 grid-entry-overview grid-loop-3 grid-parity-odd  collection-ks_sort  av_one_sixth  default_av_fullwidth '><article class='main_color inner-entry'  itemscope=\"itemscope\" itemtype=\"https:\/\/schema.org\/CreativeWork\" ><a href=\"https:\/\/www.powerdekorna.com\/fr\/portfolio-item\/vogue-6704ek\/\" title='Vogue | 6704EK'  data-rel='grid-1' class='grid-image avia-hover-fx'> <img decoding=\"async\" width=\"260\" height=\"185\" src=\"https:\/\/www.powerdekorna.com\/wp-content\/uploads\/2024\/04\/6704-900-x900px-260x185.jpg\" class=\"wp-image-13360 avia-img-lazy-loading-not-13360 attachment-portfolio_small size-portfolio_small wp-post-image\" alt=\"\" \/><\/a><div class='grid-content'><div class='avia-arrow'><\/div><header class=\"entry-content-header\"><h3 class='grid-entry-title entry-title '  itemprop=\"headline\" ><a href='https:\/\/www.powerdekorna.com\/fr\/portfolio-item\/vogue-6704ek\/' title='Vogue | 6704EK'>Vogue | 6704EK<\/a><\/h3><\/header><\/div><footer class=\"entry-footer\"><\/footer><\/article><\/div><div data-ajax-id='13364' class=' grid-entry flex_column isotope-item all_sort no_margin post-entry post-entry-13364 grid-entry-overview grid-loop-4 grid-parity-even  post-entry-last  collection-ks_sort  av_one_sixth  default_av_fullwidth '><article class='main_color inner-entry'  itemscope=\"itemscope\" itemtype=\"https:\/\/schema.org\/CreativeWork\" ><a href=\"https:\/\/www.powerdekorna.com\/fr\/portfolio-item\/creation-6705ek\/\" title='Cr\u00e9ation | 6705EK'  data-rel='grid-1' class='grid-image avia-hover-fx'> <img decoding=\"async\" width=\"260\" height=\"185\" src=\"https:\/\/www.powerdekorna.com\/wp-content\/uploads\/2024\/04\/6705-900-x900px-260x185.jpg\" class=\"wp-image-13369 avia-img-lazy-loading-not-13369 attachment-portfolio_small size-portfolio_small wp-post-image\" alt=\"\" \/><\/a><div class='grid-content'><div class='avia-arrow'><\/div><header class=\"entry-content-header\"><h3 class='grid-entry-title entry-title '  itemprop=\"headline\" ><a href='https:\/\/www.powerdekorna.com\/fr\/portfolio-item\/creation-6705ek\/' title='Cr\u00e9ation | 6705EK'>Cr\u00e9ation | 6705EK<\/a><\/h3><\/header><\/div><footer class=\"entry-footer\"><\/footer><\/article><\/div><\/div><\/p><\/div>\n\n<style type=\"text\/css\" data-created_by=\"avia_inline_auto\" id=\"style-css-av-l2qbhb-4a1a4b66f3acf59bb5830d6a816d8ada\">\n#top .av-special-heading.av-l2qbhb-4a1a4b66f3acf59bb5830d6a816d8ada{\npadding-bottom:19px;\ncolor:#494949;\n}\nbody .av-special-heading.av-l2qbhb-4a1a4b66f3acf59bb5830d6a816d8ada .av-special-heading-tag .heading-char{\nfont-size:25px;\n}\n#top #wrap_all .av-special-heading.av-l2qbhb-4a1a4b66f3acf59bb5830d6a816d8ada .av-special-heading-tag{\npadding:30px 0 0 0;\n}\n.av-special-heading.av-l2qbhb-4a1a4b66f3acf59bb5830d6a816d8ada .special-heading-inner-border{\nborder-color:#494949;\n}\n.av-special-heading.av-l2qbhb-4a1a4b66f3acf59bb5830d6a816d8ada .av-subheading{\nfont-size:15px;\n}\n<\/style>\n<div  class='av-special-heading av-l2qbhb-4a1a4b66f3acf59bb5830d6a816d8ada av-special-heading-h3 custom-color-heading blockquote modern-quote  avia-builder-el-4  el_after_av_one_full  el_before_av_hr '><h3 class='av-special-heading-tag'  itemprop=\"headline\"  >Vous pouvez \u00e9galement \u00eatre int\u00e9ress\u00e9 par<\/h3><div class=\"special-heading-border\"><div class=\"special-heading-inner-border\"><\/div><\/div><\/div>\n\n<style type=\"text\/css\" data-created_by=\"avia_inline_auto\" id=\"style-css-av-jnswe7-a228a2ff45091ccabb58b59d5cf51c77\">\n#top .hr.hr-invisible.av-jnswe7-a228a2ff45091ccabb58b59d5cf51c77{\nheight:10px;\n}\n<\/style>\n<div  class='hr av-jnswe7-a228a2ff45091ccabb58b59d5cf51c77 hr-invisible  avia-builder-el-5  el_after_av_heading  el_before_av_one_fourth '><span class='hr-inner '><span class=\"hr-inner-style\"><\/span><\/span><\/div>\n\n<style type=\"text\/css\" data-created_by=\"avia_inline_auto\" id=\"style-css-av-i4lswf-91bcce0e5c5ac4e6f9277c21b72554d9\">\n.flex_column.av-i4lswf-91bcce0e5c5ac4e6f9277c21b72554d9{\n-webkit-border-radius:0px 0px 0px 0px;\n-moz-border-radius:0px 0px 0px 0px;\nborder-radius:0px 0px 0px 0px;\npadding:0px 0px 0px 0px;\n}\n<\/style>\n<div class='flex_column av-i4lswf-91bcce0e5c5ac4e6f9277c21b72554d9 av_one_fourth  avia-builder-el-6  el_after_av_hr  el_before_av_one_fourth  first flex_column_div av-zero-column-padding '     ><style type=\"text\/css\" data-created_by=\"avia_inline_auto\" id=\"style-css-av-g69frz-d07153931d72c13d8df7a20c4d59734c\">\n.avia-image-container.av-g69frz-d07153931d72c13d8df7a20c4d59734c img.avia_image{\nbox-shadow:none;\n}\n.avia-image-container.av-g69frz-d07153931d72c13d8df7a20c4d59734c .av-caption-image-overlay-bg{\nopacity:0.2;\nbackground-color:#000000;\n}\n.avia-image-container.av-g69frz-d07153931d72c13d8df7a20c4d59734c .av-image-caption-overlay-center{\ncolor:#ffffff;\nfont-size:14px;\n}\n<\/style>\n<div  class='avia-image-container av-g69frz-d07153931d72c13d8df7a20c4d59734c av-styling- av-hover-grow avia-align-center  avia-builder-el-7  avia-builder-el-no-sibling  noHover av-overlay-hover-deactivate'   itemprop=\"image\" itemscope=\"itemscope\" itemtype=\"https:\/\/schema.org\/ImageObject\" ><div class=\"avia-image-container-inner\"><div class=\"avia-image-overlay-wrap\"><a href=\"https:\/\/www.powerdekorna.com\/fr\/serie-endura-e\/\" class='avia_image' ><div class=\"av-image-caption-overlay\"><div class=\"av-caption-image-overlay-bg\"><\/div><div class=\"av-image-caption-overlay-position\"><div class=\"av-image-caption-overlay-center\"><p>S\u00e9rie Endura-E<\/p>\n<\/div><\/div><\/div><img decoding=\"async\" class='wp-image-16123 avia-img-lazy-loading-not-16123 avia_image ' src=\"https:\/\/www.powerdekorna.com\/wp-content\/uploads\/2025\/09\/E-Collectios-355x300-Fr-1-300x253.png\" alt='' title='Endura E'  height=\"253\" width=\"300\"  itemprop=\"thumbnailUrl\" srcset=\"https:\/\/www.powerdekorna.com\/wp-content\/uploads\/2025\/09\/E-Collectios-355x300-Fr-1-300x253.png 300w, https:\/\/www.powerdekorna.com\/wp-content\/uploads\/2025\/09\/E-Collectios-355x300-Fr-1-80x68.png 80w, https:\/\/www.powerdekorna.com\/wp-content\/uploads\/2025\/09\/E-Collectios-355x300-Fr-1-768x649.png 768w, https:\/\/www.powerdekorna.com\/wp-content\/uploads\/2025\/09\/E-Collectios-355x300-Fr-1-705x595.png 705w, https:\/\/www.powerdekorna.com\/wp-content\/uploads\/2025\/09\/E-Collectios-355x300-Fr-1.png 1480w\" sizes=\"(max-width: 300px) 100vw, 300px\" \/><\/a><\/div><\/div><\/div><\/div>\n<style type=\"text\/css\" data-created_by=\"avia_inline_auto\" id=\"style-css-av-av_one_fourth-e671fab5613f317ef63eb9ab712c64a3\">\n.flex_column.av-av_one_fourth-e671fab5613f317ef63eb9ab712c64a3{\n-webkit-border-radius:0px 0px 0px 0px;\n-moz-border-radius:0px 0px 0px 0px;\nborder-radius:0px 0px 0px 0px;\npadding:0px 0px 0px 0px;\n}\n<\/style>\n<div class='flex_column av-av_one_fourth-e671fab5613f317ef63eb9ab712c64a3 av_one_fourth  avia-builder-el-8  el_after_av_one_fourth  el_before_av_one_fourth  flex_column_div av-zero-column-padding '     ><style type=\"text\/css\" data-created_by=\"avia_inline_auto\" id=\"style-css-av-av_image-ea78a7a47f8ecba98c5e58cf0e68073d\">\n.avia-image-container.av-av_image-ea78a7a47f8ecba98c5e58cf0e68073d img.avia_image{\nbox-shadow:none;\n}\n.avia-image-container.av-av_image-ea78a7a47f8ecba98c5e58cf0e68073d .av-caption-image-overlay-bg{\nopacity:0.2;\nbackground-color:#000000;\n}\n.avia-image-container.av-av_image-ea78a7a47f8ecba98c5e58cf0e68073d .av-image-caption-overlay-center{\ncolor:#ffffff;\nfont-size:14px;\n}\n<\/style>\n<div  class='avia-image-container av-av_image-ea78a7a47f8ecba98c5e58cf0e68073d av-styling- av-hover-grow avia-align-center  avia-builder-el-9  avia-builder-el-no-sibling  noHover av-overlay-hover-deactivate'   itemprop=\"image\" itemscope=\"itemscope\" itemtype=\"https:\/\/schema.org\/ImageObject\" ><div class=\"avia-image-container-inner\"><div class=\"avia-image-overlay-wrap\"><a href=\"https:\/\/www.powerdekorna.com\/fr\/luxora\/\" class='avia_image' ><div class=\"av-image-caption-overlay\"><div class=\"av-caption-image-overlay-bg\"><\/div><div class=\"av-image-caption-overlay-position\"><div class=\"av-image-caption-overlay-center\"><p>Luxora<\/p>\n<\/div><\/div><\/div><img decoding=\"async\" class='wp-image-15490 avia-img-lazy-loading-not-15490 avia_image ' src=\"https:\/\/www.powerdekorna.com\/wp-content\/uploads\/2025\/07\/Luxora-Fr-355x300-1-300x253.png\" alt='' title='Luxora Fr 355x300'  height=\"253\" width=\"300\"  itemprop=\"thumbnailUrl\" srcset=\"https:\/\/www.powerdekorna.com\/wp-content\/uploads\/2025\/07\/Luxora-Fr-355x300-1-300x253.png 300w, https:\/\/www.powerdekorna.com\/wp-content\/uploads\/2025\/07\/Luxora-Fr-355x300-1-80x68.png 80w, https:\/\/www.powerdekorna.com\/wp-content\/uploads\/2025\/07\/Luxora-Fr-355x300-1-768x649.png 768w, https:\/\/www.powerdekorna.com\/wp-content\/uploads\/2025\/07\/Luxora-Fr-355x300-1-705x595.png 705w, https:\/\/www.powerdekorna.com\/wp-content\/uploads\/2025\/07\/Luxora-Fr-355x300-1.png 1480w\" sizes=\"(max-width: 300px) 100vw, 300px\" \/><\/a><\/div><\/div><\/div><\/div><\/p>\n\n<style type=\"text\/css\" data-created_by=\"avia_inline_auto\" id=\"style-css-av-1apise9-87d2371fb190c7ea35e0fe03fb05b7f6\">\n.flex_column.av-1apise9-87d2371fb190c7ea35e0fe03fb05b7f6{\n-webkit-border-radius:0px 0px 0px 0px;\n-moz-border-radius:0px 0px 0px 0px;\nborder-radius:0px 0px 0px 0px;\npadding:0px 0px 0px 0px;\n}\n<\/style>\n<div class='flex_column av-1apise9-87d2371fb190c7ea35e0fe03fb05b7f6 av_one_fourth  avia-builder-el-10  el_after_av_one_fourth  el_before_av_one_fourth  flex_column_div av-zero-column-padding '     ><style type=\"text\/css\" data-created_by=\"avia_inline_auto\" id=\"style-css-av-qsgbep-0772ffd8e7302506b00f6241e126ef6b\">\n.avia-image-container.av-qsgbep-0772ffd8e7302506b00f6241e126ef6b img.avia_image{\nbox-shadow:none;\n}\n.avia-image-container.av-qsgbep-0772ffd8e7302506b00f6241e126ef6b .av-caption-image-overlay-bg{\nopacity:0.2;\nbackground-color:#000000;\n}\n.avia-image-container.av-qsgbep-0772ffd8e7302506b00f6241e126ef6b .av-image-caption-overlay-center{\ncolor:#ffffff;\nfont-size:14px;\n}\n<\/style>\n<div  class='avia-image-container av-qsgbep-0772ffd8e7302506b00f6241e126ef6b av-styling- av-hover-grow avia-align-center  avia-builder-el-11  avia-builder-el-no-sibling  noHover av-overlay-hover-deactivate'   itemprop=\"image\" itemscope=\"itemscope\" itemtype=\"https:\/\/schema.org\/ImageObject\" ><div class=\"avia-image-container-inner\"><div class=\"avia-image-overlay-wrap\"><a href=\"https:\/\/www.powerdekorna.com\/fr\/serie-endura-o\/\" class='avia_image' ><div class=\"av-image-caption-overlay\"><div class=\"av-caption-image-overlay-bg\"><\/div><div class=\"av-image-caption-overlay-position\"><div class=\"av-image-caption-overlay-center\"><p>S\u00e9rie Endura-O<\/p>\n<\/div><\/div><\/div><img decoding=\"async\" class='wp-image-15090 avia-img-lazy-loading-not-15090 avia_image ' src=\"https:\/\/www.powerdekorna.com\/wp-content\/uploads\/2024\/12\/O-Collection-355x300-Fr-300x254.jpg\" alt='' title='O Collection'  height=\"254\" width=\"300\"  itemprop=\"thumbnailUrl\" srcset=\"https:\/\/www.powerdekorna.com\/wp-content\/uploads\/2024\/12\/O-Collection-355x300-Fr-300x254.jpg 300w, https:\/\/www.powerdekorna.com\/wp-content\/uploads\/2024\/12\/O-Collection-355x300-Fr-80x68.jpg 80w, https:\/\/www.powerdekorna.com\/wp-content\/uploads\/2024\/12\/O-Collection-355x300-Fr-768x649.jpg 768w, https:\/\/www.powerdekorna.com\/wp-content\/uploads\/2024\/12\/O-Collection-355x300-Fr-705x596.jpg 705w, https:\/\/www.powerdekorna.com\/wp-content\/uploads\/2024\/12\/O-Collection-355x300-Fr.jpg 1479w\" sizes=\"(max-width: 300px) 100vw, 300px\" \/><\/a><\/div><\/div><\/div><\/div>\n\n<style type=\"text\/css\" data-created_by=\"avia_inline_auto\" id=\"style-css-av-10hcbwh-9f90f45549b55a751440300a88d7a933\">\n.flex_column.av-10hcbwh-9f90f45549b55a751440300a88d7a933{\n-webkit-border-radius:0px 0px 0px 0px;\n-moz-border-radius:0px 0px 0px 0px;\nborder-radius:0px 0px 0px 0px;\npadding:0px 0px 0px 0px;\n}\n<\/style>\n<div class='flex_column av-10hcbwh-9f90f45549b55a751440300a88d7a933 av_one_fourth  avia-builder-el-12  el_after_av_one_fourth  el_before_av_one_fourth  flex_column_div av-zero-column-padding '     ><style type=\"text\/css\" data-created_by=\"avia_inline_auto\" id=\"style-css-av-k2jwbl-912a651f941f25423306e1f95f19cc96\">\n.avia-image-container.av-k2jwbl-912a651f941f25423306e1f95f19cc96 img.avia_image{\nbox-shadow:none;\n}\n.avia-image-container.av-k2jwbl-912a651f941f25423306e1f95f19cc96 .av-caption-image-overlay-bg{\nopacity:0.2;\nbackground-color:#000000;\n}\n.avia-image-container.av-k2jwbl-912a651f941f25423306e1f95f19cc96 .av-image-caption-overlay-center{\ncolor:#ffffff;\nfont-size:14px;\n}\n<\/style>\n<div  class='avia-image-container av-k2jwbl-912a651f941f25423306e1f95f19cc96 av-styling- av-hover-grow avia-align-center  avia-builder-el-13  avia-builder-el-no-sibling  noHover av-overlay-hover-deactivate'   itemprop=\"image\" itemscope=\"itemscope\" itemtype=\"https:\/\/schema.org\/ImageObject\" ><div class=\"avia-image-container-inner\"><div class=\"avia-image-overlay-wrap\"><a href=\"https:\/\/www.powerdekorna.com\/fr\/endura-collection\/\" class='avia_image' ><div class=\"av-image-caption-overlay\"><div class=\"av-caption-image-overlay-bg\"><\/div><div class=\"av-image-caption-overlay-position\"><div class=\"av-image-caption-overlay-center\"><p>S\u00e9rie Endura-K<\/p>\n<\/div><\/div><\/div><img decoding=\"async\" class='wp-image-9109 avia-img-lazy-loading-not-9109 avia_image ' src=\"https:\/\/www.powerdekorna.com\/wp-content\/uploads\/2022\/06\/Endura-K-collectios-Fr_355x300_150px_V3.gif\" alt='' title='Endura-K-collectios-Fr_355x300_150px_V3'  height=\"300\" width=\"355\"  itemprop=\"thumbnailUrl\"  \/><\/a><\/div><\/div><\/div><\/div>\n\n<style type=\"text\/css\" data-created_by=\"avia_inline_auto\" id=\"style-css-av-49vf09-5bbfcbdd485872ed272b2134139f2869\">\n.flex_column.av-49vf09-5bbfcbdd485872ed272b2134139f2869{\n-webkit-border-radius:0px 0px 0px 0px;\n-moz-border-radius:0px 0px 0px 0px;\nborder-radius:0px 0px 0px 0px;\npadding:0px 0px 0px 0px;\n}\n<\/style>\n<div class='flex_column av-49vf09-5bbfcbdd485872ed272b2134139f2869 av_one_fourth  avia-builder-el-14  el_after_av_one_fourth  el_before_av_hr  first flex_column_div av-zero-column-padding column-top-margin'     ><style type=\"text\/css\" data-created_by=\"avia_inline_auto\" id=\"style-css-av-21lr89-b35a561cf0c23c450b0a2dd3a41d5e3b\">\n.avia-image-container.av-21lr89-b35a561cf0c23c450b0a2dd3a41d5e3b img.avia_image{\nbox-shadow:none;\n}\n.avia-image-container.av-21lr89-b35a561cf0c23c450b0a2dd3a41d5e3b .av-caption-image-overlay-bg{\nopacity:0.2;\nbackground-color:#000000;\n}\n.avia-image-container.av-21lr89-b35a561cf0c23c450b0a2dd3a41d5e3b .av-image-caption-overlay-center{\ncolor:#ffffff;\nfont-size:14px;\n}\n<\/style>\n<div  class='avia-image-container av-21lr89-b35a561cf0c23c450b0a2dd3a41d5e3b av-styling- av-hover-grow avia-align-center  avia-builder-el-15  avia-builder-el-no-sibling  noHover av-overlay-hover-deactivate'   itemprop=\"image\" itemscope=\"itemscope\" itemtype=\"https:\/\/schema.org\/ImageObject\" ><div class=\"avia-image-container-inner\"><div class=\"avia-image-overlay-wrap\"><a href=\"https:\/\/www.powerdekorna.com\/fr\/reaktions-collection\/\" class='avia_image' ><div class=\"av-image-caption-overlay\"><div class=\"av-caption-image-overlay-bg\"><\/div><div class=\"av-image-caption-overlay-position\"><div class=\"av-image-caption-overlay-center\"><p>Collection Reaktions<\/p>\n<\/div><\/div><\/div><img decoding=\"async\" class='wp-image-5884 avia-img-lazy-loading-not-5884 avia_image ' src=\"https:\/\/www.powerdekorna.com\/wp-content\/uploads\/2020\/03\/Reaktions-insert.jpg\" alt='' title='Reaktions-insert'  height=\"300\" width=\"355\"  itemprop=\"thumbnailUrl\" srcset=\"https:\/\/www.powerdekorna.com\/wp-content\/uploads\/2020\/03\/Reaktions-insert.jpg 355w, https:\/\/www.powerdekorna.com\/wp-content\/uploads\/2020\/03\/Reaktions-insert-80x68.jpg 80w, https:\/\/www.powerdekorna.com\/wp-content\/uploads\/2020\/03\/Reaktions-insert-300x254.jpg 300w\" sizes=\"(max-width: 355px) 100vw, 355px\" \/><\/a><\/div><\/div><\/div><\/div>\n\n<style type=\"text\/css\" data-created_by=\"avia_inline_auto\" id=\"style-css-av-4n8len-27436d5d9b19768c158c6c96d2773fe7\">\n#top .hr.hr-invisible.av-4n8len-27436d5d9b19768c158c6c96d2773fe7{\nheight:5px;\n}\n<\/style>\n<div  class='hr av-4n8len-27436d5d9b19768c158c6c96d2773fe7 hr-invisible  avia-builder-el-16  el_after_av_one_fourth  el_before_av_textblock '><span class='hr-inner '><span class=\"hr-inner-style\"><\/span><\/span><\/div>\n<section  class='av_textblock_section av-30a1db-6fff051e6a804dd10531781c01372426'  itemscope=\"itemscope\" itemtype=\"https:\/\/schema.org\/CreativeWork\" ><div class='avia_textblock'  itemprop=\"text\" ><p style=\"text-align: right;\">&lt; <span style=\"text-decoration: underline;\"><a href=\"https:\/\/www.powerdekorna.com\/fr\/#noscollections\">&lt; Retour aux collections<\/a><\/span><\/p>\n<\/div><\/section>\n","protected":false},"excerpt":{"rendered":"","protected":false},"author":1,"featured_media":0,"parent":0,"menu_order":3,"comment_status":"closed","ping_status":"closed","template":"","meta":{"footnotes":""},"class_list":["post-11105","page","type-page","status-publish","hentry"],"_links":{"self":[{"href":"https:\/\/www.powerdekorna.com\/fr\/wp-json\/wp\/v2\/pages\/11105"}],"collection":[{"href":"https:\/\/www.powerdekorna.com\/fr\/wp-json\/wp\/v2\/pages"}],"about":[{"href":"https:\/\/www.powerdekorna.com\/fr\/wp-json\/wp\/v2\/types\/page"}],"author":[{"embeddable":true,"href":"https:\/\/www.powerdekorna.com\/fr\/wp-json\/wp\/v2\/users\/1"}],"replies":[{"embeddable":true,"href":"https:\/\/www.powerdekorna.com\/fr\/wp-json\/wp\/v2\/comments?post=11105"}],"version-history":[{"count":64,"href":"https:\/\/www.powerdekorna.com\/fr\/wp-json\/wp\/v2\/pages\/11105\/revisions"}],"predecessor-version":[{"id":16174,"href":"https:\/\/www.powerdekorna.com\/fr\/wp-json\/wp\/v2\/pages\/11105\/revisions\/16174"}],"wp:attachment":[{"href":"https:\/\/www.powerdekorna.com\/fr\/wp-json\/wp\/v2\/media?parent=11105"}],"curies":[{"name":"wp","href":"https:\/\/api.w.org\/{rel}","templated":true}]}}